{"id":75093,"date":"2021-02-22T17:18:10","date_gmt":"2021-02-22T17:18:10","guid":{"rendered":"https:\/\/bcicentral.wpengine.com\/?page_id=75093"},"modified":"2025-12-11T20:45:56","modified_gmt":"2025-12-11T09:45:56","slug":"custom-research","status":"publish","type":"page","link":"https:\/\/www.bcicentral.com\/vi\/custom-research\/","title":{"rendered":"Nghi\u00ean c\u1ee9u t\u00f9y ch\u1ec9nh"},"content":{"rendered":"<div id=\"cs-content\" class=\"cs-content\"><div class=\"x-section e75093-e1 m1lxx-0 m1lxx-1 m1lxx-2 m1lxx-3\"><div class=\"x-row x-container max width e75093-e2 m1lxx-8 m1lxx-9 m1lxx-a m1lxx-d m1lxx-e\"><div class=\"x-row-inner\"><div class=\"x-col e75093-e3 m1lxx-j m1lxx-k m1lxx-l\"><div class=\"x-text x-text-headline e75093-e4 m1lxx-n m1lxx-o m1lxx-p m1lxx-q\"><div class=\"x-text-content\"><div class=\"x-text-content-text\"><h1 class=\"x-text-content-text-primary\">Nghi\u00ean c\u1ee9u t\u00f9y ch\u1ec9nh<\/h1>\n<\/div><\/div><\/div><div class=\"x-text x-text-headline e75093-e5 m1lxx-n m1lxx-o m1lxx-q m1lxx-r m1lxx-s\"><div class=\"x-text-content\"><div class=\"x-text-content-text\"><h2 class=\"x-text-content-text-primary\">Nh\u1eadn c\u00e2u tr\u1ea3 l\u1eddi b\u1ea1n \u0111ang t\u00ecm ki\u1ebfm<\/h2>\n<\/div><\/div><\/div><div class=\"x-text x-content e75093-e6 m1lxx-v m1lxx-w m1lxx-x m1lxx-y m1lxx-z\"><p>C\u00f3 \u0111\u01b0\u1ee3c th\u00f4ng tin chi ti\u1ebft \u0111\u1ed9c quy\u1ec1n th\u00fac \u0111\u1ea9y c\u00e1c chi\u1ebfn l\u01b0\u1ee3c kinh doanh v\u00e0 h\u00e0nh \u0111\u1ed9ng c\u00f3 th\u1ec3 tri\u1ec3n khai ngay.<\/p>\n<\/div><a class=\"x-anchor x-anchor-button has-graphic e75093-e7 m1lxx-16 arrowBtn\" tabindex=\"0\" href=\"https:\/\/apac.hubexo.com\/contact\/\"><div class=\"x-anchor-content\"><span class=\"x-graphic\" aria-hidden=\"true\"><i class=\"x-icon x-graphic-child x-graphic-icon x-graphic-primary\" aria-hidden=\"true\" data-x-icon-s=\"&#xf061;\"><\/i><\/span><div class=\"x-anchor-text\"><span class=\"x-anchor-text-primary\">H\u1ecfi ngay<\/span><\/div><\/div><\/a><\/div><div class=\"x-col e75093-e8 m1lxx-l\"><div class=\"x-text x-content e75093-e9 m1lxx-v m1lxx-w m1lxx-10 m1lxx-11\"><img src='https:\/\/www.bcicentral.com\/wp-content\/uploads\/2025\/11\/Tailored-Research-Custom-Research.png'><\/div><\/div><\/div><\/div><div class=\"x-row x-container max width e75093-e11 m1lxx-8 m1lxx-a m1lxx-b m1lxx-d m1lxx-f\"><div class=\"x-row-inner\"><div class=\"x-col e75093-e12 m1lxx-j m1lxx-l m1lxx-m\"><span class=\"x-image e75093-e13 m1lxx-17 m1lxx-7 x-effect-exit\" data-x-effect=\"{&quot;scroll&quot;:true,&quot;offsetTop&quot;:&quot;10%&quot;,&quot;offsetBottom&quot;:&quot;10%&quot;,&quot;behaviorScroll&quot;:&quot;fire-once&quot;,&quot;animationEnter&quot;:&quot;slideInLeft&quot;,&quot;animationExit&quot;:&quot;rollOut&quot;}\"><img decoding=\"async\" src=\"https:\/\/www.bcicentral.com\/wp-content\/uploads\/2025\/11\/Team-of-analysts.png\" width=\"500\" height=\"250\" alt=\"H\u00ecnh \u1ea3nh\" loading=\"lazy\"><\/span><\/div><div class=\"x-col e75093-e14 m1lxx-l\"><div class=\"x-text x-content e75093-e15 m1lxx-v m1lxx-w m1lxx-x m1lxx-y m1lxx-z m1lxx-7 x-effect-exit\" data-x-effect=\"{&quot;scroll&quot;:true,&quot;offsetTop&quot;:&quot;10%&quot;,&quot;offsetBottom&quot;:&quot;10%&quot;,&quot;behaviorScroll&quot;:&quot;fire-once&quot;,&quot;animationEnter&quot;:&quot;slideInRight&quot;,&quot;animationExit&quot;:&quot;rollOut&quot;}\"><p>T\u1eeb vi\u1ec7c t\u1ea1o ra ngu\u1ed3n d\u1eef li\u1ec7u d\u1ef1 \u00e1n v\u00e0 khu v\u1ef1c \u0111\u1ebfn m\u1ed9t lo\u1ea1t c\u00e1c nghi\u00ean c\u1ee9u th\u1ecb tr\u01b0\u1eddng, \u0111\u1ed9i ng\u0169 c\u00e1c nh\u00e0 ph\u00e2n t\u00edch c\u1ee7a ch\u00fang t\u00f4i l\u00e0 nh\u1eefng chuy\u00ean gia trong vi\u1ec7c cung c\u1ea5p c\u00e1c gi\u1ea3i ph\u00e1p nghi\u00ean c\u1ee9u ph\u00f9 h\u1ee3p cho ng\u00e0nh x\u00e2y d\u1ef1ng.<\/p>\n<\/div><\/div><\/div><\/div><\/div><div class=\"x-section e75093-e16 m1lxx-0 m1lxx-1 m1lxx-4 m1lxx-5\"><div class=\"x-row x-container max width e75093-e17 m1lxx-8 m1lxx-c m1lxx-g m1lxx-h\"><div class=\"x-row-inner\"><div class=\"x-col e75093-e18 m1lxx-l\"><div class=\"x-text x-content e75093-e19 m1lxx-v m1lxx-w m1lxx-10 m1lxx-11 m1lxx-12 m1lxx-7 x-effect-exit\" data-x-effect=\"{&quot;scroll&quot;:true,&quot;offsetTop&quot;:&quot;10%&quot;,&quot;offsetBottom&quot;:&quot;10%&quot;,&quot;behaviorScroll&quot;:&quot;fire-once&quot;,&quot;animationEnter&quot;:&quot;slideInUp&quot;,&quot;animationExit&quot;:&quot;rollOut&quot;}\"><img src='https:\/\/www.bcicentral.com\/wp-content\/uploads\/2025\/11\/Large-Rocket.svg'><\/div><div class=\"x-text x-text-headline e75093-e21 m1lxx-o m1lxx-q m1lxx-s m1lxx-t\"><div class=\"x-text-content\"><div class=\"x-text-content-text\"><h2 class=\"x-text-content-text-primary\">T\u0103ng th\u00eam l\u1ee3i th\u1ebf c\u1ea1nh tranh c\u1ee7a b\u1ea1n<\/h2>\n<\/div><\/div><\/div><\/div><div class=\"x-col e75093-e22 m1lxx-l\"><div class=\"x-text x-content e75093-e23 m1lxx-w m1lxx-x m1lxx-z m1lxx-14 li-text\"><ul>\n<li>C\u00e1c nghi\u00ean c\u1ee9u v\u1ec1 nh\u1eadn bi\u1ebft s\u1ea3n ph\u1ea9m v\u00e0 th\u01b0\u01a1ng hi\u1ec7u, s\u1edf th\u00edch v\u00e0 t\u1ef7 l\u1ec7 s\u1eed d\u1ee5ng<\/li>\n<li>Ph\u00e2n t\u00edch th\u1ecb tr\u01b0\u1eddng bao g\u1ed3m quy m\u00f4 th\u1ecb tr\u01b0\u1eddng v\u00e0 th\u1ecb ph\u1ea7n<\/li>\n<li>D\u1ef1 b\u00e1o v\u00e0 xu h\u01b0\u1edbng th\u1ecb tr\u01b0\u1eddng<\/li>\n<li>C\u00e1c cu\u1ed9c ph\u1ecfng v\u1ea5n chuy\u00ean s\u00e2u v\u00e0 c\u00e1c nh\u00f3m t\u1eadp trung c\u00f9ng v\u1edbi c\u00e1c b\u00ean li\u00ean quan ch\u00ednh trong ng\u00e0nh x\u00e2y d\u1ef1ng<\/li>\n<\/ul>\n<\/div><\/div><\/div><\/div><\/div><div class=\"x-section e75093-e24 m1lxx-1 m1lxx-3 m1lxx-4 m1lxx-6\"><div class=\"x-row x-container max width e75093-e25 m1lxx-8 m1lxx-c m1lxx-g m1lxx-i\"><div class=\"x-row-inner\"><div class=\"x-col e75093-e26 m1lxx-l\"><div class=\"x-text x-content e75093-e27 m1lxx-v m1lxx-w m1lxx-10 m1lxx-15 m1lxx-7 x-effect-exit\" data-x-effect=\"{&quot;scroll&quot;:true,&quot;offsetTop&quot;:&quot;10%&quot;,&quot;offsetBottom&quot;:&quot;10%&quot;,&quot;behaviorScroll&quot;:&quot;fire-once&quot;,&quot;animationEnter&quot;:&quot;slideInUp&quot;,&quot;animationExit&quot;:&quot;rollOut&quot;}\"><img loading=\"lazy\" decoding=\"async\" src=\"https:\/\/www.bcicentral.com\/wp-content\/uploads\/2025\/11\/Checklist-1.svg\" alt=\"\" class=\"alignnone  wp-image-92448\" width=\"71\" height=\"63\" \/><\/div><hr class=\"x-line e75093-e28 m1lxx-18\"\/><div class=\"x-text x-text-headline e75093-e29 m1lxx-o m1lxx-s m1lxx-t m1lxx-u\"><div class=\"x-text-content\"><div class=\"x-text-content-text\"><h2 class=\"x-text-content-text-primary\">D\u1eef li\u1ec7u b\u1ea1n c\u00f3 th\u1ec3 tin t\u01b0\u1edfng<\/h2>\n<\/div><\/div><\/div><\/div><div class=\"x-col e75093-e30 m1lxx-l\"><div class=\"x-text x-content e75093-e31 m1lxx-v m1lxx-w m1lxx-x m1lxx-y m1lxx-z\"><p>Khi n\u00f3i \u0111\u1ebfn kinh nghi\u1ec7m, ch\u00fang t\u00f4i \u0111\u00e3 c\u00f3 n\u00f3 nhi\u1ec1u l\u1ea7n. C\u00e1c nh\u00e0 nghi\u00ean c\u1ee9u c\u1ee7a ch\u00fang t\u00f4i xu\u1ea5t b\u1ea3n h\u01a1n 40.000 d\u1ef1 \u00e1n m\u1ed7i th\u00e1ng. \u0110i\u1ec1u n\u00e0y cung c\u1ea5p m\u1ed9t kho d\u1eef li\u1ec7u kh\u1ed5ng l\u1ed3 cho c\u00e1c nh\u00e0 ph\u00e2n t\u00edch c\u1ee7a ch\u00fang t\u00f4i s\u1eed d\u1ee5ng v\u00e0 c\u00f3 th\u1ec3 \u0111\u01b0\u1ee3c ph\u00e2n \u0111o\u1ea1n \u0111\u1ec3 \u0111\u00e1p \u1ee9ng ch\u00ednh x\u00e1c c\u00e1c y\u00eau c\u1ea7u nghi\u00ean c\u1ee9u c\u1ee7a b\u1ea1n.<\/p>\n<p>Ch\u00fang t\u00f4i th\u01b0\u1eddng xuy\u00ean \u0111\u01b0a ra m\u1ed9t lo\u1ea1t c\u00e1c ph\u00e2n t\u00edch, d\u1ef1 b\u00e1o v\u1ec1 th\u1ecb tr\u01b0\u1eddng, v\u00e0 c\u00e1c di\u1ec5n gi\u1ea3i v\u1ec1 d\u1eef li\u1ec7u, th\u1ec3 hi\u1ec7n n\u0103ng l\u1ef1c v\u00e0 tr\u00ecnh \u0111\u1ed9 chuy\u00ean m\u00f4n c\u1ee7a ch\u00fang t\u00f4i trong vi\u1ec7c nghi\u00ean c\u1ee9u v\u00e0 b\u00e1o c\u00e1o chi ti\u1ebft v\u1ec1 th\u1ecb tr\u01b0\u1eddng x\u00e2y d\u1ef1ng.<\/p>\n<\/div><\/div><\/div><\/div><\/div><\/div>","protected":false},"excerpt":{"rendered":"<p>Custom Research Get the answers you&#8217;re looking for Gain exclusive insights that drive actionable business and operations strategies. Enquire NowFrom sector and project data generation to a range of market &#8230; <\/p>\n<div><a href=\"https:\/\/www.bcicentral.com\/vi\/custom-research\/\" class=\"more-link\">\u0110\u1ecdc th\u00eam<\/a><\/div>","protected":false},"author":9927,"featured_media":0,"parent":0,"menu_order":0,"comment_status":"closed","ping_status":"closed","template":"template-blank-4.php","meta":{"_acf_changed":false,"content-type":"","footnotes":""},"class_list":["post-75093","page","type-page","status-publish","hentry","no-post-thumbnail"],"acf":[],"yoast_head":"<!-- This site is optimized with the Yoast SEO plugin v27.4 - https:\/\/yoast.com\/product\/yoast-seo-wordpress\/ -->\n<title>Custom Construction Research For Tailored Insights | BCI Central<\/title>\n<meta name=\"description\" content=\"Get custom construction research and industry analysis from BCI&#039;s expert team. With over 25 years in the market, get data you can trust.\" \/>\n<meta name=\"robots\" content=\"index, follow, max-snippet:-1, max-image-preview:large, max-video-preview:-1\" \/>\n<link rel=\"canonical\" href=\"https:\/\/www.bcicentral.com\/vi\/custom-research\/\" \/>\n<meta property=\"og:locale\" content=\"vi_VN\" \/>\n<meta property=\"og:type\" content=\"article\" \/>\n<meta property=\"og:title\" content=\"Custom Construction Research For Tailored Insights | BCI Central\" \/>\n<meta property=\"og:description\" content=\"Get custom construction research and industry analysis from BCI&#039;s expert team. With over 25 years in the market, get data you can trust.\" \/>\n<meta property=\"og:url\" content=\"https:\/\/www.bcicentral.com\/vi\/custom-research\/\" \/>\n<meta property=\"og:site_name\" content=\"LeadManager (formerly BCI Central)\" \/>\n<meta property=\"article:publisher\" content=\"https:\/\/www.facebook.com\/bcicentral.group\" \/>\n<meta property=\"article:modified_time\" content=\"2025-12-11T09:45:56+00:00\" \/>\n<meta property=\"og:image\" content=\"https:\/\/www.bcicentral.com\/wp-content\/uploads\/2025\/11\/Checklist-1.svg\" \/>\n<meta name=\"twitter:card\" content=\"summary_large_image\" \/>\n<meta name=\"twitter:site\" content=\"@BCICentralAU\" \/>\n<meta name=\"twitter:label1\" content=\"\u01af\u1edbc t\u00ednh th\u1eddi gian \u0111\u1ecdc\" \/>\n\t<meta name=\"twitter:data1\" content=\"3 ph\u00fat\" \/>\n<script type=\"application\/ld+json\" class=\"yoast-schema-graph\">{\"@context\":\"https:\\\/\\\/schema.org\",\"@graph\":[{\"@type\":\"WebPage\",\"@id\":\"https:\\\/\\\/www.bcicentral.com\\\/custom-research\\\/\",\"url\":\"https:\\\/\\\/www.bcicentral.com\\\/custom-research\\\/\",\"name\":\"Custom Construction Research For Tailored Insights | BCI Central\",\"isPartOf\":{\"@id\":\"https:\\\/\\\/www.bcicentral.com\\\/#website\"},\"primaryImageOfPage\":{\"@id\":\"https:\\\/\\\/www.bcicentral.com\\\/custom-research\\\/#primaryimage\"},\"image\":{\"@id\":\"https:\\\/\\\/www.bcicentral.com\\\/custom-research\\\/#primaryimage\"},\"thumbnailUrl\":\"https:\\\/\\\/www.bcicentral.com\\\/wp-content\\\/uploads\\\/2025\\\/11\\\/Checklist-1.svg\",\"datePublished\":\"2021-02-22T17:18:10+00:00\",\"dateModified\":\"2025-12-11T09:45:56+00:00\",\"description\":\"Get custom construction research and industry analysis from BCI's expert team. With over 25 years in the market, get data you can trust.\",\"breadcrumb\":{\"@id\":\"https:\\\/\\\/www.bcicentral.com\\\/custom-research\\\/#breadcrumb\"},\"inLanguage\":\"vi\",\"potentialAction\":[{\"@type\":\"ReadAction\",\"target\":[\"https:\\\/\\\/www.bcicentral.com\\\/custom-research\\\/\"]}]},{\"@type\":\"ImageObject\",\"inLanguage\":\"vi\",\"@id\":\"https:\\\/\\\/www.bcicentral.com\\\/custom-research\\\/#primaryimage\",\"url\":\"https:\\\/\\\/www.bcicentral.com\\\/wp-content\\\/uploads\\\/2025\\\/11\\\/Checklist-1.svg\",\"contentUrl\":\"https:\\\/\\\/www.bcicentral.com\\\/wp-content\\\/uploads\\\/2025\\\/11\\\/Checklist-1.svg\"},{\"@type\":\"BreadcrumbList\",\"@id\":\"https:\\\/\\\/www.bcicentral.com\\\/custom-research\\\/#breadcrumb\",\"itemListElement\":[{\"@type\":\"ListItem\",\"position\":1,\"name\":\"Home\",\"item\":\"https:\\\/\\\/www.bcicentral.com\\\/\"},{\"@type\":\"ListItem\",\"position\":2,\"name\":\"Custom Research\"}]},{\"@type\":\"WebSite\",\"@id\":\"https:\\\/\\\/www.bcicentral.com\\\/#website\",\"url\":\"https:\\\/\\\/www.bcicentral.com\\\/\",\"name\":\"LeadManager - A Hubexo Product\",\"description\":\"Enabling sales success with construction data &amp; software solutions.\",\"publisher\":{\"@id\":\"https:\\\/\\\/www.bcicentral.com\\\/#organization\"},\"alternateName\":\"LeadManager\",\"potentialAction\":[{\"@type\":\"SearchAction\",\"target\":{\"@type\":\"EntryPoint\",\"urlTemplate\":\"https:\\\/\\\/www.bcicentral.com\\\/?s={search_term_string}\"},\"query-input\":{\"@type\":\"PropertyValueSpecification\",\"valueRequired\":true,\"valueName\":\"search_term_string\"}}],\"inLanguage\":\"vi\"},{\"@type\":\"Organization\",\"@id\":\"https:\\\/\\\/www.bcicentral.com\\\/#organization\",\"name\":\"LeadManager\",\"alternateName\":\"LeadManager\",\"url\":\"https:\\\/\\\/www.bcicentral.com\\\/\",\"logo\":{\"@type\":\"ImageObject\",\"inLanguage\":\"vi\",\"@id\":\"https:\\\/\\\/www.bcicentral.com\\\/#\\\/schema\\\/logo\\\/image\\\/\",\"url\":\"https:\\\/\\\/www.bcicentral.com\\\/wp-content\\\/uploads\\\/2024\\\/11\\\/cropped-Interim-Brandmark-BCI-Central-small-RGB.png\",\"contentUrl\":\"https:\\\/\\\/www.bcicentral.com\\\/wp-content\\\/uploads\\\/2024\\\/11\\\/cropped-Interim-Brandmark-BCI-Central-small-RGB.png\",\"width\":512,\"height\":512,\"caption\":\"LeadManager\"},\"image\":{\"@id\":\"https:\\\/\\\/www.bcicentral.com\\\/#\\\/schema\\\/logo\\\/image\\\/\"},\"sameAs\":[\"https:\\\/\\\/www.facebook.com\\\/bcicentral.group\",\"https:\\\/\\\/x.com\\\/BCICentralAU\",\"https:\\\/\\\/www.instagram.com\\\/bcicentral\\\/\",\"https:\\\/\\\/www.linkedin.com\\\/company\\\/bcicentral\\\/\"]}]}<\/script>\n<!-- \/ Yoast SEO plugin. -->","yoast_head_json":{"title":"Nghi\u00ean c\u1ee9u x\u00e2y d\u1ef1ng t\u00f9y ch\u1ec9nh cho th\u00f4ng tin chi ti\u1ebft ph\u00f9 h\u1ee3p | BCI Central","description":"Get custom construction research and industry analysis from BCI's expert team. With over 25 years in the market, get data you can trust.","robots":{"index":"index","follow":"follow","max-snippet":"max-snippet:-1","max-image-preview":"max-image-preview:large","max-video-preview":"max-video-preview:-1"},"canonical":"https:\/\/www.bcicentral.com\/vi\/custom-research\/","og_locale":"vi_VN","og_type":"article","og_title":"Custom Construction Research For Tailored Insights | BCI Central","og_description":"Get custom construction research and industry analysis from BCI's expert team. With over 25 years in the market, get data you can trust.","og_url":"https:\/\/www.bcicentral.com\/vi\/custom-research\/","og_site_name":"LeadManager (formerly BCI Central)","article_publisher":"https:\/\/www.facebook.com\/bcicentral.group","article_modified_time":"2025-12-11T09:45:56+00:00","og_image":[{"url":"https:\/\/www.bcicentral.com\/wp-content\/uploads\/2025\/11\/Checklist-1.svg","type":"","width":"","height":""}],"twitter_card":"summary_large_image","twitter_site":"@BCICentralAU","twitter_misc":{"\u01af\u1edbc t\u00ednh th\u1eddi gian \u0111\u1ecdc":"3 ph\u00fat"},"schema":{"@context":"https:\/\/schema.org","@graph":[{"@type":"WebPage","@id":"https:\/\/www.bcicentral.com\/custom-research\/","url":"https:\/\/www.bcicentral.com\/custom-research\/","name":"Nghi\u00ean c\u1ee9u x\u00e2y d\u1ef1ng t\u00f9y ch\u1ec9nh cho th\u00f4ng tin chi ti\u1ebft ph\u00f9 h\u1ee3p | BCI Central","isPartOf":{"@id":"https:\/\/www.bcicentral.com\/#website"},"primaryImageOfPage":{"@id":"https:\/\/www.bcicentral.com\/custom-research\/#primaryimage"},"image":{"@id":"https:\/\/www.bcicentral.com\/custom-research\/#primaryimage"},"thumbnailUrl":"https:\/\/www.bcicentral.com\/wp-content\/uploads\/2025\/11\/Checklist-1.svg","datePublished":"2021-02-22T17:18:10+00:00","dateModified":"2025-12-11T09:45:56+00:00","description":"Get custom construction research and industry analysis from BCI's expert team. With over 25 years in the market, get data you can trust.","breadcrumb":{"@id":"https:\/\/www.bcicentral.com\/custom-research\/#breadcrumb"},"inLanguage":"vi","potentialAction":[{"@type":"ReadAction","target":["https:\/\/www.bcicentral.com\/custom-research\/"]}]},{"@type":"ImageObject","inLanguage":"vi","@id":"https:\/\/www.bcicentral.com\/custom-research\/#primaryimage","url":"https:\/\/www.bcicentral.com\/wp-content\/uploads\/2025\/11\/Checklist-1.svg","contentUrl":"https:\/\/www.bcicentral.com\/wp-content\/uploads\/2025\/11\/Checklist-1.svg"},{"@type":"BreadcrumbList","@id":"https:\/\/www.bcicentral.com\/custom-research\/#breadcrumb","itemListElement":[{"@type":"ListItem","position":1,"name":"Home","item":"https:\/\/www.bcicentral.com\/"},{"@type":"ListItem","position":2,"name":"Custom Research"}]},{"@type":"WebSite","@id":"https:\/\/www.bcicentral.com\/#website","url":"https:\/\/www.bcicentral.com\/","name":"LeadManager - A Hubexo Product","description":"T\u0103ng c\u01b0\u1eddng b\u00e1n h\u00e0ng th\u00e0nh c\u00f4ng v\u1edbi c\u00e1c gi\u1ea3i ph\u00e1p ph\u1ea7n m\u1ec1m &amp; d\u1eef li\u1ec7u x\u00e2y d\u1ef1ng.","publisher":{"@id":"https:\/\/www.bcicentral.com\/#organization"},"alternateName":"LeadManager","potentialAction":[{"@type":"SearchAction","target":{"@type":"EntryPoint","urlTemplate":"https:\/\/www.bcicentral.com\/?s={search_term_string}"},"query-input":{"@type":"PropertyValueSpecification","valueRequired":true,"valueName":"search_term_string"}}],"inLanguage":"vi"},{"@type":"Organization","@id":"https:\/\/www.bcicentral.com\/#organization","name":"LeadManager","alternateName":"LeadManager","url":"https:\/\/www.bcicentral.com\/","logo":{"@type":"ImageObject","inLanguage":"vi","@id":"https:\/\/www.bcicentral.com\/#\/schema\/logo\/image\/","url":"https:\/\/www.bcicentral.com\/wp-content\/uploads\/2024\/11\/cropped-Interim-Brandmark-BCI-Central-small-RGB.png","contentUrl":"https:\/\/www.bcicentral.com\/wp-content\/uploads\/2024\/11\/cropped-Interim-Brandmark-BCI-Central-small-RGB.png","width":512,"height":512,"caption":"LeadManager"},"image":{"@id":"https:\/\/www.bcicentral.com\/#\/schema\/logo\/image\/"},"sameAs":["https:\/\/www.facebook.com\/bcicentral.group","https:\/\/x.com\/BCICentralAU","https:\/\/www.instagram.com\/bcicentral\/","https:\/\/www.linkedin.com\/company\/bcicentral\/"]}]}},"_links":{"self":[{"href":"https:\/\/www.bcicentral.com\/vi\/wp-json\/wp\/v2\/pages\/75093","targetHints":{"allow":["GET"]}}],"collection":[{"href":"https:\/\/www.bcicentral.com\/vi\/wp-json\/wp\/v2\/pages"}],"about":[{"href":"https:\/\/www.bcicentral.com\/vi\/wp-json\/wp\/v2\/types\/page"}],"author":[{"embeddable":true,"href":"https:\/\/www.bcicentral.com\/vi\/wp-json\/wp\/v2\/users\/9927"}],"replies":[{"embeddable":true,"href":"https:\/\/www.bcicentral.com\/vi\/wp-json\/wp\/v2\/comments?post=75093"}],"version-history":[{"count":1,"href":"https:\/\/www.bcicentral.com\/vi\/wp-json\/wp\/v2\/pages\/75093\/revisions"}],"predecessor-version":[{"id":92776,"href":"https:\/\/www.bcicentral.com\/vi\/wp-json\/wp\/v2\/pages\/75093\/revisions\/92776"}],"wp:attachment":[{"href":"https:\/\/www.bcicentral.com\/vi\/wp-json\/wp\/v2\/media?parent=75093"}],"curies":[{"name":"wp","href":"https:\/\/api.w.org\/{rel}","templated":true}]}}