{"id":75634,"date":"2021-06-15T23:08:21","date_gmt":"2021-06-15T23:08:21","guid":{"rendered":"https:\/\/bcicentral.wpengine.com\/?page_id=75634"},"modified":"2025-10-03T16:31:53","modified_gmt":"2025-10-03T06:31:53","slug":"policies","status":"publish","type":"page","link":"https:\/\/www.bcicentral.com\/vi\/policies\/","title":{"rendered":"Ch\u00ednh s\u00e1ch"},"content":{"rendered":"<div id=\"cs-content\" class=\"cs-content\"><div class=\"x-section e75634-e1 m1mcy-0 m1mcy-1 m1mcy-2\"><div class=\"x-row x-container max width e75634-e2 m1mcy-7 m1mcy-8 m1mcy-9 m1mcy-c\"><div class=\"x-row-inner\"><div class=\"x-col e75634-e3 m1mcy-g\"><h2  class=\"h-custom-headline h2\" style=\"margin: 30px 0; font-weight: 200;font-size: 55px;letter-spacing: 0.025em;line-height: 1.13;\"><span>Ch\u00ednh s\u00e1ch b\u1ea3o m\u1eadt<\/span><\/h2><div class=\"x-text x-content e75634-e5 m1mcy-k m1mcy-l translation-block\">\u0110i\u1ec1u quan tr\u1ecdng l\u00e0 b\u1ea1n c\u00f3 th\u1ec3 tin t\u01b0\u1edfng ch\u00fang t\u00f4i v\u1ec1 th\u00f4ng tin c\u00e1 nh\u00e2n c\u1ee7a b\u1ea1n.<br> Ch\u00fang t\u00f4i coi tr\u1ecdng quy\u1ec1n ri\u00eang t\u01b0 v\u00e0 b\u1ea3o m\u1eadt c\u1ee7a b\u1ea1n.<\/div><\/div><div class=\"x-col e75634-e6 m1mcy-g m1mcy-h m1mcy-i\"><\/div><\/div><\/div><\/div><div class=\"x-section e75634-e7 m1mcy-0 m1mcy-3 m1mcy-4 m1mcy-6 x-effect-exit\" data-x-effect=\"{&quot;scroll&quot;:true,&quot;offsetTop&quot;:&quot;10%&quot;,&quot;offsetBottom&quot;:&quot;10%&quot;,&quot;behaviorScroll&quot;:&quot;fire-once&quot;,&quot;animationEnter&quot;:&quot;slideInUp&quot;,&quot;animationExit&quot;:&quot;rollOut&quot;}\"><div class=\"x-row x-container max width e75634-e8 m1mcy-7 m1mcy-8 m1mcy-a m1mcy-d m1mcy-e\"><div class=\"x-row-inner\"><div class=\"x-col e75634-e9 m1mcy-g\"><div class=\"x-text x-content e75634-e10 m1mcy-k m1mcy-m\"><h3>ANZ<\/h3>\n<p><a href=\"https:\/\/apac.hubexo.com\/wp-content\/uploads\/2025\/09\/ANZ-Privacy-Policy-Sept-2025-Hubexo.pdf\" target=\"_blank\" rel=\"noopener\"><span>Australia &amp; New Zealand Privacy Policy<\/span><\/a><\/p><\/div><\/div><div class=\"x-col e75634-e11 m1mcy-g\"><div class=\"x-text x-content e75634-e12 m1mcy-k m1mcy-m\"><h3>CH\u00c2U \u00c1<a href=\"https:\/\/apac.hubexo.com\/wp-content\/uploads\/2025\/09\/Hubexo_Privacy-Policy-Indonesia_2018.pdf\" target=\"_blank\" rel=\"noopener\"><span><\/span><\/a><\/h3>\n<p><a href=\"https:\/\/apac.hubexo.com\/wp-content\/uploads\/2025\/09\/Hubexo_Singapore-Privacy-Policy.pdf\" target=\"_blank\" rel=\"noopener\">Ch\u00ednh s\u00e1ch quy\u1ec1n ri\u00eang t\u01b0 c\u1ee7a Singapore<\/a><\/p>\n<p><a href=\"https:\/\/apac.hubexo.com\/wp-content\/uploads\/2025\/09\/Hubexo_Hong-Kong-Privacy-Policy.pdf\" target=\"_blank\" rel=\"noopener\">Ch\u00ednh s\u00e1ch quy\u1ec1n ri\u00eang t\u01b0 c\u1ee7a H\u1ed3ng K\u00f4ng<\/a><\/p>\n<p><a href=\"https:\/\/apac.hubexo.com\/wp-content\/uploads\/2025\/09\/Hubexo_Privacy-Policy-Indonesia_2018.pdf\" target=\"_blank\" rel=\"noopener\"><span>Ch\u00ednh s\u00e1ch quy\u1ec1n ri\u00eang t\u01b0 c\u1ee7a Indonesia<\/span><\/a><\/p>\n<p><a href=\"https:\/\/apac.hubexo.com\/wp-content\/uploads\/2025\/09\/Hubexo_Malaysia-2018-Personal-Data-Protection-Policy.pdf\" target=\"_blank\" rel=\"noopener\">Ch\u00ednh s\u00e1ch quy\u1ec1n ri\u00eang t\u01b0 c\u1ee7a Malaysia<\/a><\/p>\n<p><a href=\"https:\/\/www.bcicentral.com\/wp-content\/uploads\/2021\/06\/Privacy-Policy-Philippines_2018.pdf\">Ch\u00ednh s\u00e1ch quy\u1ec1n ri\u00eang t\u01b0 c\u1ee7a Philippines<\/a><\/p><\/div><\/div><\/div><\/div><\/div><div class=\"x-section e75634-e13 m1mcy-0 m1mcy-1 m1mcy-4 m1mcy-5\"><div class=\"x-row x-container max width e75634-e14 m1mcy-7 m1mcy-a m1mcy-b m1mcy-d m1mcy-f\"><div class=\"x-row-inner\"><div class=\"x-col e75634-e15 m1mcy-g m1mcy-h m1mcy-j\"><h2  class=\"h-custom-headline cs-ta-center h2\" style=\"text-transform: uppercase; font-weight: 400; margin: 0px;\"><span>C\u00e2u h\u1ecfi? <\/span><\/h2><a  class=\"x-btn x-btn-global\" style=\"margin: 30px; padding: 10px;\" href=\"\/vi\/contact\/\"     data-options=\"thumbnail: ''\">Li\u00ean h\u1ec7<\/a><\/div><\/div><\/div><\/div><\/div>","protected":false},"excerpt":{"rendered":"<p>Privacy PolicyIt\u2019s important you can trust us with your personal information.We take your privacy and security seriously.ANZ Australia &amp; New Zealand Privacy PolicyASIA Singapore Privacy Policy Hong Kong Privacy Policy &#8230; <\/p>\n<div><a href=\"https:\/\/www.bcicentral.com\/vi\/policies\/\" class=\"more-link\">\u0110\u1ecdc th\u00eam<\/a><\/div>","protected":false},"author":9927,"featured_media":0,"parent":0,"menu_order":0,"comment_status":"closed","ping_status":"closed","template":"template-blank-4.php","meta":{"_acf_changed":false,"content-type":"","footnotes":""},"class_list":["post-75634","page","type-page","status-publish","hentry","no-post-thumbnail"],"acf":[],"yoast_head":"<!-- This site is optimized with the Yoast SEO plugin v26.8 - https:\/\/yoast.com\/product\/yoast-seo-wordpress\/ -->\n<title>Privacy Policy - BCI Central<\/title>\n<meta name=\"description\" content=\"It\u2019s important you can trust us with your personal information. We take our privacy policy and security seriously.\" \/>\n<meta name=\"robots\" content=\"index, follow, max-snippet:-1, max-image-preview:large, max-video-preview:-1\" \/>\n<link rel=\"canonical\" href=\"https:\/\/www.bcicentral.com\/vi\/policies\/\" \/>\n<meta property=\"og:locale\" content=\"vi_VN\" \/>\n<meta property=\"og:type\" content=\"article\" \/>\n<meta property=\"og:title\" content=\"Privacy Policy - BCI Central\" \/>\n<meta property=\"og:description\" content=\"It\u2019s important you can trust us with your personal information. We take our privacy policy and security seriously.\" \/>\n<meta property=\"og:url\" content=\"https:\/\/www.bcicentral.com\/vi\/policies\/\" \/>\n<meta property=\"og:site_name\" content=\"LeadManager (formerly BCI Central)\" \/>\n<meta property=\"article:publisher\" content=\"https:\/\/www.facebook.com\/bcicentral.group\" \/>\n<meta property=\"article:modified_time\" content=\"2025-10-03T06:31:53+00:00\" \/>\n<meta property=\"og:image\" content=\"https:\/\/www.bcicentral.com\/wp-content\/uploads\/2024\/11\/cropped-Interim-Brandmark-BCI-Central-small-RGB.png\" \/>\n\t<meta property=\"og:image:width\" content=\"512\" \/>\n\t<meta property=\"og:image:height\" content=\"512\" \/>\n\t<meta property=\"og:image:type\" content=\"image\/png\" \/>\n<meta name=\"twitter:card\" content=\"summary_large_image\" \/>\n<meta name=\"twitter:site\" content=\"@BCICentralAU\" \/>\n<meta name=\"twitter:label1\" content=\"\u01af\u1edbc t\u00ednh th\u1eddi gian \u0111\u1ecdc\" \/>\n\t<meta name=\"twitter:data1\" content=\"1 ph\u00fat\" \/>\n<script type=\"application\/ld+json\" class=\"yoast-schema-graph\">{\"@context\":\"https:\/\/schema.org\",\"@graph\":[{\"@type\":\"WebPage\",\"@id\":\"https:\/\/www.bcicentral.com\/policies\/\",\"url\":\"https:\/\/www.bcicentral.com\/policies\/\",\"name\":\"Privacy Policy - BCI Central\",\"isPartOf\":{\"@id\":\"https:\/\/www.bcicentral.com\/#website\"},\"datePublished\":\"2021-06-15T23:08:21+00:00\",\"dateModified\":\"2025-10-03T06:31:53+00:00\",\"description\":\"It\u2019s important you can trust us with your personal information. We take our privacy policy and security seriously.\",\"breadcrumb\":{\"@id\":\"https:\/\/www.bcicentral.com\/policies\/#breadcrumb\"},\"inLanguage\":\"vi\",\"potentialAction\":[{\"@type\":\"ReadAction\",\"target\":[\"https:\/\/www.bcicentral.com\/policies\/\"]}]},{\"@type\":\"BreadcrumbList\",\"@id\":\"https:\/\/www.bcicentral.com\/policies\/#breadcrumb\",\"itemListElement\":[{\"@type\":\"ListItem\",\"position\":1,\"name\":\"Home\",\"item\":\"https:\/\/www.bcicentral.com\/\"},{\"@type\":\"ListItem\",\"position\":2,\"name\":\"Policies\"}]},{\"@type\":\"WebSite\",\"@id\":\"https:\/\/www.bcicentral.com\/#website\",\"url\":\"https:\/\/www.bcicentral.com\/\",\"name\":\"LeadManager - A Hubexo Product\",\"description\":\"Enabling sales success with construction data &amp; software solutions.\",\"publisher\":{\"@id\":\"https:\/\/www.bcicentral.com\/#organization\"},\"alternateName\":\"LeadManager\",\"potentialAction\":[{\"@type\":\"SearchAction\",\"target\":{\"@type\":\"EntryPoint\",\"urlTemplate\":\"https:\/\/www.bcicentral.com\/?s={search_term_string}\"},\"query-input\":{\"@type\":\"PropertyValueSpecification\",\"valueRequired\":true,\"valueName\":\"search_term_string\"}}],\"inLanguage\":\"vi\"},{\"@type\":\"Organization\",\"@id\":\"https:\/\/www.bcicentral.com\/#organization\",\"name\":\"LeadManager\",\"alternateName\":\"LeadManager\",\"url\":\"https:\/\/www.bcicentral.com\/\",\"logo\":{\"@type\":\"ImageObject\",\"inLanguage\":\"vi\",\"@id\":\"https:\/\/www.bcicentral.com\/#\/schema\/logo\/image\/\",\"url\":\"https:\/\/www.bcicentral.com\/wp-content\/uploads\/2024\/11\/cropped-Interim-Brandmark-BCI-Central-small-RGB.png\",\"contentUrl\":\"https:\/\/www.bcicentral.com\/wp-content\/uploads\/2024\/11\/cropped-Interim-Brandmark-BCI-Central-small-RGB.png\",\"width\":512,\"height\":512,\"caption\":\"LeadManager\"},\"image\":{\"@id\":\"https:\/\/www.bcicentral.com\/#\/schema\/logo\/image\/\"},\"sameAs\":[\"https:\/\/www.facebook.com\/bcicentral.group\",\"https:\/\/x.com\/BCICentralAU\",\"https:\/\/www.instagram.com\/bcicentral\/\",\"https:\/\/www.linkedin.com\/company\/bcicentral\/\"]}]}<\/script>\n<!-- \/ Yoast SEO plugin. -->","yoast_head_json":{"title":"Ch\u00ednh s\u00e1ch B\u1ea3o m\u1eadt - BCI Central","description":"\u0110i\u1ec1u quan tr\u1ecdng l\u00e0 b\u1ea1n c\u00f3 th\u1ec3 tin t\u01b0\u1edfng ch\u00fang t\u00f4i v\u1edbi th\u00f4ng tin c\u00e1 nh\u00e2n c\u1ee7a b\u1ea1n. Ch\u00fang t\u00f4i coi tr\u1ecdng ch\u00ednh s\u00e1ch quy\u1ec1n ri\u00eang t\u01b0 v\u00e0 b\u1ea3o m\u1eadt c\u1ee7a m\u00ecnh.","robots":{"index":"index","follow":"follow","max-snippet":"max-snippet:-1","max-image-preview":"max-image-preview:large","max-video-preview":"max-video-preview:-1"},"canonical":"https:\/\/www.bcicentral.com\/vi\/policies\/","og_locale":"vi_VN","og_type":"article","og_title":"Privacy Policy - BCI Central","og_description":"It\u2019s important you can trust us with your personal information. We take our privacy policy and security seriously.","og_url":"https:\/\/www.bcicentral.com\/vi\/policies\/","og_site_name":"LeadManager (formerly BCI Central)","article_publisher":"https:\/\/www.facebook.com\/bcicentral.group","article_modified_time":"2025-10-03T06:31:53+00:00","og_image":[{"width":512,"height":512,"url":"https:\/\/www.bcicentral.com\/wp-content\/uploads\/2024\/11\/cropped-Interim-Brandmark-BCI-Central-small-RGB.png","type":"image\/png"}],"twitter_card":"summary_large_image","twitter_site":"@BCICentralAU","twitter_misc":{"\u01af\u1edbc t\u00ednh th\u1eddi gian \u0111\u1ecdc":"1 ph\u00fat"},"schema":{"@context":"https:\/\/schema.org","@graph":[{"@type":"WebPage","@id":"https:\/\/www.bcicentral.com\/policies\/","url":"https:\/\/www.bcicentral.com\/policies\/","name":"Ch\u00ednh s\u00e1ch B\u1ea3o m\u1eadt - BCI Central","isPartOf":{"@id":"https:\/\/www.bcicentral.com\/#website"},"datePublished":"2021-06-15T23:08:21+00:00","dateModified":"2025-10-03T06:31:53+00:00","description":"\u0110i\u1ec1u quan tr\u1ecdng l\u00e0 b\u1ea1n c\u00f3 th\u1ec3 tin t\u01b0\u1edfng ch\u00fang t\u00f4i v\u1edbi th\u00f4ng tin c\u00e1 nh\u00e2n c\u1ee7a b\u1ea1n. Ch\u00fang t\u00f4i coi tr\u1ecdng ch\u00ednh s\u00e1ch quy\u1ec1n ri\u00eang t\u01b0 v\u00e0 b\u1ea3o m\u1eadt c\u1ee7a m\u00ecnh.","breadcrumb":{"@id":"https:\/\/www.bcicentral.com\/policies\/#breadcrumb"},"inLanguage":"vi","potentialAction":[{"@type":"ReadAction","target":["https:\/\/www.bcicentral.com\/policies\/"]}]},{"@type":"BreadcrumbList","@id":"https:\/\/www.bcicentral.com\/policies\/#breadcrumb","itemListElement":[{"@type":"ListItem","position":1,"name":"Home","item":"https:\/\/www.bcicentral.com\/"},{"@type":"ListItem","position":2,"name":"Policies"}]},{"@type":"WebSite","@id":"https:\/\/www.bcicentral.com\/#website","url":"https:\/\/www.bcicentral.com\/","name":"LeadManager - A Hubexo Product","description":"T\u0103ng c\u01b0\u1eddng b\u00e1n h\u00e0ng th\u00e0nh c\u00f4ng v\u1edbi c\u00e1c gi\u1ea3i ph\u00e1p ph\u1ea7n m\u1ec1m &amp; d\u1eef li\u1ec7u x\u00e2y d\u1ef1ng.","publisher":{"@id":"https:\/\/www.bcicentral.com\/#organization"},"alternateName":"LeadManager","potentialAction":[{"@type":"SearchAction","target":{"@type":"EntryPoint","urlTemplate":"https:\/\/www.bcicentral.com\/?s={search_term_string}"},"query-input":{"@type":"PropertyValueSpecification","valueRequired":true,"valueName":"search_term_string"}}],"inLanguage":"vi"},{"@type":"Organization","@id":"https:\/\/www.bcicentral.com\/#organization","name":"LeadManager","alternateName":"LeadManager","url":"https:\/\/www.bcicentral.com\/","logo":{"@type":"ImageObject","inLanguage":"vi","@id":"https:\/\/www.bcicentral.com\/#\/schema\/logo\/image\/","url":"https:\/\/www.bcicentral.com\/wp-content\/uploads\/2024\/11\/cropped-Interim-Brandmark-BCI-Central-small-RGB.png","contentUrl":"https:\/\/www.bcicentral.com\/wp-content\/uploads\/2024\/11\/cropped-Interim-Brandmark-BCI-Central-small-RGB.png","width":512,"height":512,"caption":"LeadManager"},"image":{"@id":"https:\/\/www.bcicentral.com\/#\/schema\/logo\/image\/"},"sameAs":["https:\/\/www.facebook.com\/bcicentral.group","https:\/\/x.com\/BCICentralAU","https:\/\/www.instagram.com\/bcicentral\/","https:\/\/www.linkedin.com\/company\/bcicentral\/"]}]}},"_links":{"self":[{"href":"https:\/\/www.bcicentral.com\/vi\/wp-json\/wp\/v2\/pages\/75634","targetHints":{"allow":["GET"]}}],"collection":[{"href":"https:\/\/www.bcicentral.com\/vi\/wp-json\/wp\/v2\/pages"}],"about":[{"href":"https:\/\/www.bcicentral.com\/vi\/wp-json\/wp\/v2\/types\/page"}],"author":[{"embeddable":true,"href":"https:\/\/www.bcicentral.com\/vi\/wp-json\/wp\/v2\/users\/9927"}],"replies":[{"embeddable":true,"href":"https:\/\/www.bcicentral.com\/vi\/wp-json\/wp\/v2\/comments?post=75634"}],"version-history":[{"count":0,"href":"https:\/\/www.bcicentral.com\/vi\/wp-json\/wp\/v2\/pages\/75634\/revisions"}],"wp:attachment":[{"href":"https:\/\/www.bcicentral.com\/vi\/wp-json\/wp\/v2\/media?parent=75634"}],"curies":[{"name":"wp","href":"https:\/\/api.w.org\/{rel}","templated":true}]}}