{"id":75808,"date":"2021-08-10T15:45:54","date_gmt":"2021-08-10T15:45:54","guid":{"rendered":"https:\/\/bcicentral.wpengine.com\/login-slider-frame-analytix\/"},"modified":"2024-10-15T14:40:11","modified_gmt":"2024-10-15T03:40:11","slug":"slider-frame-analytix","status":"publish","type":"page","link":"https:\/\/www.bcicentral.com\/vi\/slider-frame-analytix\/","title":{"rendered":"Khung thanh tr\u01b0\u1ee3t \u0111\u0103ng nh\u1eadp - Analytix"},"content":{"rendered":"<div id=\"cs-content\" class=\"cs-content\"><\/div>","protected":false},"excerpt":{"rendered":"<p>Ch\u00fang t\u00f4i r\u1ea5t vui khi \u0111\u01b0\u1ee3c gi\u1edbi thi\u1ec7u cho b\u1ea1n xung quanh. Ch\u00e0o m\u1eebng b\u1ea1n \u0111\u1ebfn v\u1edbi Analytix m\u1edbi v\u00e0 c\u1ea3i ti\u1ebfn! Ch\u00fang t\u00f4i r\u1ea5t vui khi \u0111\u01b0\u1ee3c gi\u1edbi thi\u1ec7u cho b\u1ea1n xung quanh. Ch\u00e0o m\u1eebng b\u1ea1n \u0111\u1ebfn v\u1edbi Analytix m\u1edbi v\u00e0 c\u1ea3i ti\u1ebfn! Ch\u00fang t\u00f4i r\u1ea5t vui \u0111\u01b0\u1ee3c gi\u1edbi thi\u1ec7u\u2026 <\/p>\n<div><a href=\"https:\/\/www.bcicentral.com\/vi\/slider-frame-analytix\/\" class=\"more-link\">\u0110\u1ecdc th\u00eam<\/a><\/div>","protected":false},"author":9927,"featured_media":0,"parent":0,"menu_order":0,"comment_status":"closed","ping_status":"closed","template":"template-blank-6.php","meta":{"_acf_changed":false,"content-type":"","footnotes":""},"class_list":["post-75808","page","type-page","status-publish","hentry","no-post-thumbnail"],"acf":[],"yoast_head":"<!-- This site is optimized with the Yoast SEO plugin v27.4 - https:\/\/yoast.com\/product\/yoast-seo-wordpress\/ -->\n<title>Login Slider Frame - Analytix | LeadManager (formerly BCI Central)<\/title>\n<meta name=\"robots\" content=\"noindex, follow\" \/>\n<meta property=\"og:locale\" content=\"vi_VN\" \/>\n<meta property=\"og:type\" content=\"article\" \/>\n<meta property=\"og:title\" content=\"Login Slider Frame - Analytix | LeadManager (formerly BCI Central)\" \/>\n<meta property=\"og:description\" content=\"We&#039;re excited to show you around. Welcome to the new &amp; improved Analytix! We&#039;re excited to show you around. Welcome to the new &amp; improved Analytix! We&#039;re excited to show ... Read More\" \/>\n<meta property=\"og:url\" content=\"https:\/\/www.bcicentral.com\/vi\/slider-frame-analytix\/\" \/>\n<meta property=\"og:site_name\" content=\"LeadManager (formerly BCI Central)\" \/>\n<meta property=\"article:publisher\" content=\"https:\/\/www.facebook.com\/bcicentral.group\" \/>\n<meta property=\"article:modified_time\" content=\"2024-10-15T03:40:11+00:00\" \/>\n<meta property=\"og:image\" content=\"https:\/\/www.bcicentral.com\/wp-content\/uploads\/2024\/11\/cropped-Interim-Brandmark-BCI-Central-small-RGB.png\" \/>\n\t<meta property=\"og:image:width\" content=\"512\" \/>\n\t<meta property=\"og:image:height\" content=\"512\" \/>\n\t<meta property=\"og:image:type\" content=\"image\/png\" \/>\n<meta name=\"twitter:card\" content=\"summary_large_image\" \/>\n<meta name=\"twitter:site\" content=\"@BCICentralAU\" \/>\n<meta name=\"twitter:label1\" content=\"\u01af\u1edbc t\u00ednh th\u1eddi gian \u0111\u1ecdc\" \/>\n\t<meta name=\"twitter:data1\" content=\"1 ph\u00fat\" \/>\n<script type=\"application\/ld+json\" class=\"yoast-schema-graph\">{\"@context\":\"https:\\\/\\\/schema.org\",\"@graph\":[{\"@type\":\"WebPage\",\"@id\":\"https:\\\/\\\/www.bcicentral.com\\\/slider-frame-analytix\\\/\",\"url\":\"https:\\\/\\\/www.bcicentral.com\\\/slider-frame-analytix\\\/\",\"name\":\"Login Slider Frame - Analytix | LeadManager (formerly BCI Central)\",\"isPartOf\":{\"@id\":\"https:\\\/\\\/www.bcicentral.com\\\/#website\"},\"datePublished\":\"2021-08-10T15:45:54+00:00\",\"dateModified\":\"2024-10-15T03:40:11+00:00\",\"breadcrumb\":{\"@id\":\"https:\\\/\\\/www.bcicentral.com\\\/slider-frame-analytix\\\/#breadcrumb\"},\"inLanguage\":\"vi\",\"potentialAction\":[{\"@type\":\"ReadAction\",\"target\":[\"https:\\\/\\\/www.bcicentral.com\\\/slider-frame-analytix\\\/\"]}]},{\"@type\":\"BreadcrumbList\",\"@id\":\"https:\\\/\\\/www.bcicentral.com\\\/slider-frame-analytix\\\/#breadcrumb\",\"itemListElement\":[{\"@type\":\"ListItem\",\"position\":1,\"name\":\"Home\",\"item\":\"https:\\\/\\\/www.bcicentral.com\\\/\"},{\"@type\":\"ListItem\",\"position\":2,\"name\":\"Login Slider Frame &#8211; Analytix\"}]},{\"@type\":\"WebSite\",\"@id\":\"https:\\\/\\\/www.bcicentral.com\\\/#website\",\"url\":\"https:\\\/\\\/www.bcicentral.com\\\/\",\"name\":\"LeadManager - A Hubexo Product\",\"description\":\"Enabling sales success with construction data &amp; software solutions.\",\"publisher\":{\"@id\":\"https:\\\/\\\/www.bcicentral.com\\\/#organization\"},\"alternateName\":\"LeadManager\",\"potentialAction\":[{\"@type\":\"SearchAction\",\"target\":{\"@type\":\"EntryPoint\",\"urlTemplate\":\"https:\\\/\\\/www.bcicentral.com\\\/?s={search_term_string}\"},\"query-input\":{\"@type\":\"PropertyValueSpecification\",\"valueRequired\":true,\"valueName\":\"search_term_string\"}}],\"inLanguage\":\"vi\"},{\"@type\":\"Organization\",\"@id\":\"https:\\\/\\\/www.bcicentral.com\\\/#organization\",\"name\":\"LeadManager\",\"alternateName\":\"LeadManager\",\"url\":\"https:\\\/\\\/www.bcicentral.com\\\/\",\"logo\":{\"@type\":\"ImageObject\",\"inLanguage\":\"vi\",\"@id\":\"https:\\\/\\\/www.bcicentral.com\\\/#\\\/schema\\\/logo\\\/image\\\/\",\"url\":\"https:\\\/\\\/www.bcicentral.com\\\/wp-content\\\/uploads\\\/2024\\\/11\\\/cropped-Interim-Brandmark-BCI-Central-small-RGB.png\",\"contentUrl\":\"https:\\\/\\\/www.bcicentral.com\\\/wp-content\\\/uploads\\\/2024\\\/11\\\/cropped-Interim-Brandmark-BCI-Central-small-RGB.png\",\"width\":512,\"height\":512,\"caption\":\"LeadManager\"},\"image\":{\"@id\":\"https:\\\/\\\/www.bcicentral.com\\\/#\\\/schema\\\/logo\\\/image\\\/\"},\"sameAs\":[\"https:\\\/\\\/www.facebook.com\\\/bcicentral.group\",\"https:\\\/\\\/x.com\\\/BCICentralAU\",\"https:\\\/\\\/www.instagram.com\\\/bcicentral\\\/\",\"https:\\\/\\\/www.linkedin.com\\\/company\\\/bcicentral\\\/\"]}]}<\/script>\n<!-- \/ Yoast SEO plugin. -->","yoast_head_json":{"title":"Login Slider Frame - Analytix | LeadManager (formerly BCI Central)","robots":{"index":"noindex","follow":"follow"},"og_locale":"vi_VN","og_type":"article","og_title":"Login Slider Frame - Analytix | LeadManager (formerly BCI Central)","og_description":"We're excited to show you around. Welcome to the new & improved Analytix! We're excited to show you around. Welcome to the new & improved Analytix! We're excited to show ... Read More","og_url":"https:\/\/www.bcicentral.com\/vi\/slider-frame-analytix\/","og_site_name":"LeadManager (formerly BCI Central)","article_publisher":"https:\/\/www.facebook.com\/bcicentral.group","article_modified_time":"2024-10-15T03:40:11+00:00","og_image":[{"width":512,"height":512,"url":"https:\/\/www.bcicentral.com\/wp-content\/uploads\/2024\/11\/cropped-Interim-Brandmark-BCI-Central-small-RGB.png","type":"image\/png"}],"twitter_card":"summary_large_image","twitter_site":"@BCICentralAU","twitter_misc":{"\u01af\u1edbc t\u00ednh th\u1eddi gian \u0111\u1ecdc":"1 ph\u00fat"},"schema":{"@context":"https:\/\/schema.org","@graph":[{"@type":"WebPage","@id":"https:\/\/www.bcicentral.com\/slider-frame-analytix\/","url":"https:\/\/www.bcicentral.com\/slider-frame-analytix\/","name":"Login Slider Frame - Analytix | LeadManager (formerly BCI Central)","isPartOf":{"@id":"https:\/\/www.bcicentral.com\/#website"},"datePublished":"2021-08-10T15:45:54+00:00","dateModified":"2024-10-15T03:40:11+00:00","breadcrumb":{"@id":"https:\/\/www.bcicentral.com\/slider-frame-analytix\/#breadcrumb"},"inLanguage":"vi","potentialAction":[{"@type":"ReadAction","target":["https:\/\/www.bcicentral.com\/slider-frame-analytix\/"]}]},{"@type":"BreadcrumbList","@id":"https:\/\/www.bcicentral.com\/slider-frame-analytix\/#breadcrumb","itemListElement":[{"@type":"ListItem","position":1,"name":"Home","item":"https:\/\/www.bcicentral.com\/"},{"@type":"ListItem","position":2,"name":"Login Slider Frame &#8211; Analytix"}]},{"@type":"WebSite","@id":"https:\/\/www.bcicentral.com\/#website","url":"https:\/\/www.bcicentral.com\/","name":"LeadManager - A Hubexo Product","description":"T\u0103ng c\u01b0\u1eddng b\u00e1n h\u00e0ng th\u00e0nh c\u00f4ng v\u1edbi c\u00e1c gi\u1ea3i ph\u00e1p ph\u1ea7n m\u1ec1m &amp; d\u1eef li\u1ec7u x\u00e2y d\u1ef1ng.","publisher":{"@id":"https:\/\/www.bcicentral.com\/#organization"},"alternateName":"LeadManager","potentialAction":[{"@type":"SearchAction","target":{"@type":"EntryPoint","urlTemplate":"https:\/\/www.bcicentral.com\/?s={search_term_string}"},"query-input":{"@type":"PropertyValueSpecification","valueRequired":true,"valueName":"search_term_string"}}],"inLanguage":"vi"},{"@type":"Organization","@id":"https:\/\/www.bcicentral.com\/#organization","name":"LeadManager","alternateName":"LeadManager","url":"https:\/\/www.bcicentral.com\/","logo":{"@type":"ImageObject","inLanguage":"vi","@id":"https:\/\/www.bcicentral.com\/#\/schema\/logo\/image\/","url":"https:\/\/www.bcicentral.com\/wp-content\/uploads\/2024\/11\/cropped-Interim-Brandmark-BCI-Central-small-RGB.png","contentUrl":"https:\/\/www.bcicentral.com\/wp-content\/uploads\/2024\/11\/cropped-Interim-Brandmark-BCI-Central-small-RGB.png","width":512,"height":512,"caption":"LeadManager"},"image":{"@id":"https:\/\/www.bcicentral.com\/#\/schema\/logo\/image\/"},"sameAs":["https:\/\/www.facebook.com\/bcicentral.group","https:\/\/x.com\/BCICentralAU","https:\/\/www.instagram.com\/bcicentral\/","https:\/\/www.linkedin.com\/company\/bcicentral\/"]}]}},"_links":{"self":[{"href":"https:\/\/www.bcicentral.com\/vi\/wp-json\/wp\/v2\/pages\/75808","targetHints":{"allow":["GET"]}}],"collection":[{"href":"https:\/\/www.bcicentral.com\/vi\/wp-json\/wp\/v2\/pages"}],"about":[{"href":"https:\/\/www.bcicentral.com\/vi\/wp-json\/wp\/v2\/types\/page"}],"author":[{"embeddable":true,"href":"https:\/\/www.bcicentral.com\/vi\/wp-json\/wp\/v2\/users\/9927"}],"replies":[{"embeddable":true,"href":"https:\/\/www.bcicentral.com\/vi\/wp-json\/wp\/v2\/comments?post=75808"}],"version-history":[{"count":0,"href":"https:\/\/www.bcicentral.com\/vi\/wp-json\/wp\/v2\/pages\/75808\/revisions"}],"wp:attachment":[{"href":"https:\/\/www.bcicentral.com\/vi\/wp-json\/wp\/v2\/media?parent=75808"}],"curies":[{"name":"wp","href":"https:\/\/api.w.org\/{rel}","templated":true}]}}