{"id":87175,"date":"2023-07-24T02:01:18","date_gmt":"2023-07-24T02:01:18","guid":{"rendered":"https:\/\/www.bcicentral.com\/?page_id=87175"},"modified":"2025-10-13T12:16:49","modified_gmt":"2025-10-13T01:16:49","slug":"exhibitor-portal-archify-live-hong-kong-2025","status":"publish","type":"page","link":"https:\/\/www.bcicentral.com\/vi\/exhibitor-portal-archify-live-hong-kong-2025\/","title":{"rendered":"Exhibitor Portal &#8211; Archify Live Hong Kong 2025"},"content":{"rendered":"<div id=\"cs-content\" class=\"cs-content\"><div class=\"x-section e87175-e1 m1v9j-0 m1v9j-1\"><div class=\"x-row x-container max width e87175-e2 m1v9j-5 m1v9j-6 m1v9j-7 m1v9j-8 m1v9j-b\"><div class=\"x-row-inner\"><div class=\"x-col e87175-e3 m1v9j-e m1v9j-f m1v9j-4 x-effect-exit\" data-x-effect=\"{&quot;scroll&quot;:true,&quot;offsetTop&quot;:&quot;10%&quot;,&quot;offsetBottom&quot;:&quot;10%&quot;,&quot;behaviorScroll&quot;:&quot;fire-once&quot;,&quot;animationEnter&quot;:&quot;slideInLeft&quot;,&quot;animationExit&quot;:&quot;rollOut&quot;}\"><span class=\"x-image x-hide-lg x-hide-md x-hide-sm x-hide-xl x-hide-xs e87175-e4 m1v9j-i m1v9j-j svg-img\"><img decoding=\"async\" src=\"https:\/\/www.bcicentral.com\/wp-content\/uploads\/2022\/05\/EQ22-LOGO-Black@4x.png\" width=\"1823\" height=\"202\" alt=\"Bi\u1ec3u tr\u01b0ng BCI Equinox 2022\" loading=\"lazy\"><\/span><h2  class=\"h-custom-headline h2\" style=\"margin: 30px 0; font-weight: 300;font-size: 55px;letter-spacing: 0.025em;line-height: 1.13;\"><span>ARCHIFY LIVE HONG KONG<\/span><\/h2><div class=\"x-text x-content e87175-e6 m1v9j-n m1v9j-o\"><p><strong>Date:<\/strong> Friday, 17th October 2025<br \/>\n<strong>Time:<\/strong> 5:00pm - 9:00pm<br \/>\n<strong>\u0110\u1ecba \u0111i\u1ec3m:<\/strong> AIRSIDE<br \/>\n<strong>\u0110\u1ecba ch\u1ec9 nh\u00e0:<\/strong> 2\u865f Concorde Rd, Kai Tak, Hong Kong<br \/>\n<strong>Quy t\u1eafc trang ph\u1ee5c:<\/strong> Smart Casual<\/p><\/div><\/div><div class=\"x-col e87175-e7 m1v9j-e m1v9j-f m1v9j-g\"><span class=\"x-image x-hide-lg x-hide-md x-hide-sm x-hide-xl x-hide-xs e87175-e8 m1v9j-i m1v9j-k m1v9j-l m1v9j-4 x-effect-exit\" data-x-effect=\"{&quot;scroll&quot;:true,&quot;offsetTop&quot;:&quot;10%&quot;,&quot;offsetBottom&quot;:&quot;10%&quot;,&quot;behaviorScroll&quot;:&quot;fire-once&quot;,&quot;animationEnter&quot;:&quot;slideInRight&quot;,&quot;animationExit&quot;:&quot;rollOut&quot;}\"><img decoding=\"async\" src=\"https:\/\/www.bcicentral.com\/wp-content\/uploads\/2021\/09\/Events.svg\" width=\"0\" height=\"0\" alt=\"S\u1ef1 ki\u1ec7n BCI Central\" loading=\"lazy\"><\/span><span class=\"x-image e87175-e9 m1v9j-i m1v9j-k m1v9j-l m1v9j-4 x-effect-exit\" data-x-effect=\"{&quot;scroll&quot;:true,&quot;offsetTop&quot;:&quot;10%&quot;,&quot;offsetBottom&quot;:&quot;10%&quot;,&quot;behaviorScroll&quot;:&quot;fire-once&quot;,&quot;animationEnter&quot;:&quot;slideInRight&quot;,&quot;animationExit&quot;:&quot;rollOut&quot;}\"><img decoding=\"async\" src=\"https:\/\/www.bcicentral.com\/wp-content\/uploads\/2025\/01\/AL25-Asia-Portal-Artwork-HK.png\" width=\"13196\" height=\"7434\" alt=\"H\u00ecnh \u1ea3nh\" loading=\"lazy\"><\/span><\/div><\/div><\/div><\/div><div class=\"x-section e87175-e10 m1v9j-0 m1v9j-2\"><div class=\"x-row x-container max width e87175-e11 m1v9j-5 m1v9j-6 m1v9j-9 m1v9j-c\"><div class=\"x-row-inner\"><div class=\"x-col e87175-e12 m1v9j-e m1v9j-f\"><div class=\"x-text x-text-headline e87175-e13 m1v9j-q m1v9j-r m1v9j-s m1v9j-t\"><div class=\"x-text-content\"><div class=\"x-text-content-text\"><h2 class=\"x-text-content-text-primary\"><strong>Welcome to the Archify Live Hong Kong Exhibitor Portal<\/strong><br \/>Below you'll find everything you need to participate in our event.<\/h2>\n<\/div><\/div><\/div><\/div><\/div><\/div><\/div><div class=\"x-section e87175-e14 m1v9j-0 m1v9j-3\"><div class=\"x-row x-container max width e87175-e15 m1v9j-5 m1v9j-7 m1v9j-a m1v9j-d exhibitor-portal equinox\"><div class=\"x-row-inner\"><div class=\"x-col e87175-e16 m1v9j-e m1v9j-h equinoxMY_btns_row\"><span class=\"x-image e87175-e17 m1v9j-i m1v9j-l m1v9j-m\"><img decoding=\"async\" src=\"https:\/\/www.bcicentral.com\/wp-content\/uploads\/2022\/09\/Key-event-info-and-dates.svg\" width=\"0\" height=\"0\" alt=\"Event Notification Icon\" loading=\"lazy\"><\/span><div class=\"x-text x-text-headline e87175-e18 m1v9j-s m1v9j-t m1v9j-u\"><div class=\"x-text-content\"><div class=\"x-text-content-text\"><h1 class=\"x-text-content-text-primary\">Key Information<\/h1>\n<\/div><\/div><\/div><div class=\"x-text x-content x-hide-lg x-hide-md x-hide-sm x-hide-xl x-hide-xs e87175-e19 m1v9j-n m1v9j-p\">Chi ti\u1ebft li\u00ean h\u1ec7 s\u1ef1 ki\u1ec7n, Ng\u00e0y ch\u00ednh, Th\u1eddi gian ti\u1ebfp c\u1eadn \u0111\u1ecba \u0111i\u1ec3m, X\u1ebfp v\u00e0 d\u1ee1 h\u00e0ng t\u1ea1i \u0111\u1ecba \u0111i\u1ec3m, H\u01b0\u1edbng d\u1eabn gian h\u00e0ng, Th\u00f4ng tin n\u00e2ng d\u1ecbch v\u1ee5, B\u00e3i \u0111\u1eadu xe<\/div><a href=\"https:\/\/www.dropbox.com\/scl\/fi\/1kgdal12h1oyop7hkpy04\/AL25-Key-Event-Information-Hong-Kong.pdf?rlkey=yzbxmjkuzxf5kv3eowmdbea7n&amp;st=iscp8rr5&amp;dl=0\" target=\"_blank\" rel=\"noopener noreferrer\" class=\"x-text x-text-headline x-hide-lg x-hide-md x-hide-sm x-hide-xl x-hide-xs e87175-e20 m1v9j-r m1v9j-s m1v9j-v\"><div class=\"x-text-content\"><div class=\"x-text-content-text\"><h2 class=\"x-text-content-text-primary\">xem chi ti\u1ebft<\/h2>\n<\/div><\/div><\/a><\/div><div class=\"x-col e87175-e21 m1v9j-e m1v9j-h equinoxMY_btns_row\"><span class=\"x-image e87175-e22 m1v9j-i m1v9j-l m1v9j-m\"><img decoding=\"async\" src=\"https:\/\/www.bcicentral.com\/wp-content\/uploads\/2022\/09\/Exhibitor-Guide.svg\" width=\"0\" height=\"0\" alt=\"Exhibitor Guide Icon\" loading=\"lazy\"><\/span><div class=\"x-text x-text-headline e87175-e23 m1v9j-s m1v9j-t m1v9j-u\"><div class=\"x-text-content\"><div class=\"x-text-content-text\"><h1 class=\"x-text-content-text-primary\">H\u01b0\u1edbng d\u1eabn vi\u00ean tri\u1ec3n l\u00e3m<\/h1>\n<\/div><\/div><\/div><div class=\"x-text x-content x-hide-lg x-hide-md x-hide-sm x-hide-xl x-hide-xs e87175-e24 m1v9j-n m1v9j-p\">M\u1eb9o d\u00e0nh cho nh\u00e0 tri\u1ec3n l\u00e3m h\u00e0ng \u0111\u1ea7u c\u1ee7a ch\u00fang t\u00f4i, H\u01b0\u1edbng d\u1eabn c\u1ee7a b\u1ea1n v\u1ec1 Equinox, C\u00e1c c\u00e1ch b\u1ed5 sung \u0111\u1ec3 t\u1ea1o t\u00e1c \u0111\u1ed9ng, <\/div><a href=\"https:\/\/www.dropbox.com\/scl\/fi\/4o00bcv1nvf6sfdbx1kj6\/AL25-Exhibitor-Guide.pdf?rlkey=im2omei53ohtpeehhdbqflz6p&amp;st=p4u1oaag&amp;dl=0\" target=\"_blank\" rel=\"noopener noreferrer\" class=\"x-text x-text-headline x-hide-lg x-hide-md x-hide-sm x-hide-xl x-hide-xs e87175-e25 m1v9j-r m1v9j-s m1v9j-v\"><div class=\"x-text-content\"><div class=\"x-text-content-text\"><h2 class=\"x-text-content-text-primary\">xem chi ti\u1ebft<\/h2>\n<\/div><\/div><\/a><\/div><div class=\"x-col e87175-e26 m1v9j-e m1v9j-h equinoxMY_btns_row\"><span class=\"x-image e87175-e27 m1v9j-i m1v9j-l m1v9j-m\"><img decoding=\"async\" src=\"https:\/\/www.bcicentral.com\/wp-content\/uploads\/2022\/09\/Exhibitor-Name-Tag-Registration.svg\" width=\"0\" height=\"0\" alt=\"Exhibitor Name Tag Registration Icon\" loading=\"lazy\"><\/span><div class=\"x-text x-text-headline e87175-e28 m1v9j-s m1v9j-t m1v9j-u\"><div class=\"x-text-content\"><div class=\"x-text-content-text\"><h1 class=\"x-text-content-text-primary\">\u0110\u0103ng k\u00fd th\u1ebb t\u00ean \u0111\u01a1n v\u1ecb tri\u1ec3n l\u00e3m<\/h1>\n<\/div><\/div><\/div><div class=\"x-text x-content x-hide-lg x-hide-md x-hide-sm x-hide-xl x-hide-xs e87175-e29 m1v9j-n m1v9j-p\">Vui l\u00f2ng \u0111\u0103ng k\u00fd tham d\u1ef1 t\u1ea1i \u0111\u00e2y<\/div><a href=\"https:\/\/micepad.co\/e\/archify-live-hong-kong-2025\/registration\/form?tz=Asia%2FHong_Kong&amp;lang=en\" target=\"_blank\" rel=\"noopener noreferrer\" class=\"x-text x-text-headline x-hide-lg x-hide-md x-hide-sm x-hide-xl x-hide-xs e87175-e30 m1v9j-r m1v9j-s m1v9j-v\"><div class=\"x-text-content\"><div class=\"x-text-content-text\"><h2 class=\"x-text-content-text-primary\">xem chi ti\u1ebft<\/h2>\n<\/div><\/div><\/a><\/div><div class=\"x-col e87175-e31 m1v9j-e m1v9j-h equinoxMY_btns_row\"><span class=\"x-image e87175-e32 m1v9j-i m1v9j-l m1v9j-m\"><img decoding=\"async\" src=\"https:\/\/www.bcicentral.com\/wp-content\/uploads\/2022\/09\/Media-pack-and-guest-invite.svg\" width=\"0\" height=\"0\" alt=\"Media Pack Icon\" loading=\"lazy\"><\/span><div class=\"x-text x-text-headline e87175-e33 m1v9j-s m1v9j-t m1v9j-u\"><div class=\"x-text-content\"><div class=\"x-text-content-text\"><h1 class=\"x-text-content-text-primary\">Social Media Pack & Guest Invite<\/h1>\n<\/div><\/div><\/div><div class=\"x-text x-content x-hide-lg x-hide-md x-hide-sm x-hide-xl x-hide-xs e87175-e34 m1v9j-n m1v9j-p\">Please download the Media Pack for Equinox here. Feel free to share these on your business pages in the lead up to the event. <\/div><a href=\"https:\/\/www.dropbox.com\/scl\/fo\/l3dbal739k1sb1945gbh3\/AI4v6RPoXk9OSvAREyjd4Qc?rlkey=otehc7ceps96hq74alq0tzpvs&amp;st=tvac8gjd&amp;dl=0\" class=\"x-text x-text-headline x-hide-lg x-hide-md x-hide-sm x-hide-xl x-hide-xs e87175-e35 m1v9j-r m1v9j-s m1v9j-v\"><div class=\"x-text-content\"><div class=\"x-text-content-text\"><h2 class=\"x-text-content-text-primary\">xem chi ti\u1ebft<\/h2>\n<\/div><\/div><\/a><\/div><div class=\"x-col e87175-e36 m1v9j-e m1v9j-h equinoxMY_btns_row\"><span class=\"x-image e87175-e37 m1v9j-i m1v9j-l m1v9j-m\"><img decoding=\"async\" src=\"https:\/\/www.bcicentral.com\/wp-content\/uploads\/2022\/09\/Floor-Plan.svg\" width=\"0\" height=\"0\" alt=\"Floor Plan Icon\" loading=\"lazy\"><\/span><div class=\"x-text x-text-headline e87175-e38 m1v9j-s m1v9j-t m1v9j-u\"><div class=\"x-text-content\"><div class=\"x-text-content-text\"><h1 class=\"x-text-content-text-primary\">Floor Plan & Venue Details<\/h1>\n<\/div><\/div><\/div><div class=\"x-text x-content x-hide-lg x-hide-md x-hide-sm x-hide-xl x-hide-xs e87175-e39 m1v9j-n m1v9j-p\">Venue layout, Venue details, Venue Loading and Unloading<\/div><a href=\"https:\/\/www.dropbox.com\/scl\/fo\/kvndclqzad4wfemilxd9m\/APxmi8gXdVkSct5nztzFja0?rlkey=yck2fj7d6zk11w72u8zcadph4&amp;st=7ynirmbq&amp;dl=0\" class=\"x-text x-text-headline x-hide-lg x-hide-md x-hide-sm x-hide-xl x-hide-xs e87175-e40 m1v9j-r m1v9j-s m1v9j-v\"><div class=\"x-text-content\"><div class=\"x-text-content-text\"><h2 class=\"x-text-content-text-primary\">xem chi ti\u1ebft<\/h2>\n<\/div><\/div><\/a><\/div><div class=\"x-col e87175-e41 m1v9j-e m1v9j-h equinoxMY_btns_row\"><span class=\"x-image e87175-e42 m1v9j-i m1v9j-l m1v9j-m\"><img decoding=\"async\" src=\"https:\/\/www.bcicentral.com\/wp-content\/uploads\/2022\/09\/Event-Programme.svg\" width=\"0\" height=\"0\" alt=\"Event Programme Icon\" loading=\"lazy\"><\/span><div class=\"x-text x-text-headline e87175-e43 m1v9j-s m1v9j-t m1v9j-u\"><div class=\"x-text-content\"><div class=\"x-text-content-text\"><h1 class=\"x-text-content-text-primary\">Event Program<\/h1>\n<\/div><\/div><\/div><div class=\"x-text x-content x-hide-lg x-hide-md x-hide-sm x-hide-xl x-hide-xs e87175-e44 m1v9j-n m1v9j-p\">S\u1ef1 ki\u1ec7n Rundown <\/div><a href=\"https:\/\/www.dropbox.com\/scl\/fi\/dgqwa4a3p4xcwvgdzgv88\/AL25-Hong-Kong-Rundown-3.pdf?rlkey=tfz2dgoapy1ttwghxoay1mh1u&amp;st=633v2mg3&amp;dl=0\" class=\"x-text x-text-headline x-hide-lg x-hide-md x-hide-sm x-hide-xl x-hide-xs e87175-e45 m1v9j-r m1v9j-s m1v9j-v\"><div class=\"x-text-content\"><div class=\"x-text-content-text\"><h2 class=\"x-text-content-text-primary\">xem chi ti\u1ebft<\/h2>\n<\/div><\/div><\/a><\/div><div class=\"x-col x-hide-lg x-hide-md x-hide-sm x-hide-xl x-hide-xs e87175-e46 m1v9j-e m1v9j-h equinoxMY_btns_row\"><div class=\"x-text x-text-headline e87175-e48 m1v9j-s m1v9j-t m1v9j-u\"><div class=\"x-text-content\"><div class=\"x-text-content-text\"><h1 class=\"x-text-content-text-primary\"><\/h1>\n<\/div><\/div><\/div><div class=\"x-text x-content x-hide-lg x-hide-md x-hide-sm x-hide-xl x-hide-xs e87175-e49 m1v9j-n m1v9j-p\"><\/div><div class=\"x-text x-text-headline x-hide-lg x-hide-md x-hide-sm x-hide-xl x-hide-xs e87175-e50 m1v9j-r m1v9j-s m1v9j-v\"><div class=\"x-text-content\"><div class=\"x-text-content-text\"><h2 class=\"x-text-content-text-primary\"><\/h2>\n<\/div><\/div><\/div><\/div><div class=\"x-col x-hide-lg x-hide-md x-hide-sm x-hide-xl x-hide-xs e87175-e51 m1v9j-e m1v9j-h equinoxMY_btns_row\"><div class=\"x-text x-text-headline e87175-e53 m1v9j-s m1v9j-t m1v9j-u\"><div class=\"x-text-content\"><div class=\"x-text-content-text\"><h1 class=\"x-text-content-text-primary\"><\/h1>\n<\/div><\/div><\/div><div class=\"x-text x-content x-hide-lg x-hide-md x-hide-sm x-hide-xl x-hide-xs e87175-e54 m1v9j-n m1v9j-p\"><\/div><div class=\"x-text x-text-headline x-hide-lg x-hide-md x-hide-sm x-hide-xl x-hide-xs e87175-e55 m1v9j-r m1v9j-s m1v9j-v\"><div class=\"x-text-content\"><div class=\"x-text-content-text\"><h2 class=\"x-text-content-text-primary\"><\/h2>\n<\/div><\/div><\/div><\/div><div class=\"x-col x-hide-lg x-hide-md x-hide-sm x-hide-xl x-hide-xs e87175-e56 m1v9j-e m1v9j-h equinoxMY_btns_row\"><a href=\"https:\/\/www.bcicentral.com\/wp-content\/uploads\/2022\/10\/EQ22-KL-Floor-plan.pdf\" class=\"x-text x-text-headline e87175-e58 m1v9j-s m1v9j-t m1v9j-u\"><div class=\"x-text-content\"><div class=\"x-text-content-text\"><h1 class=\"x-text-content-text-primary\"><\/h1>\n<\/div><\/div><\/a><div class=\"x-text x-content x-hide-lg x-hide-md x-hide-sm x-hide-xl x-hide-xs e87175-e59 m1v9j-n m1v9j-p\"><\/div><a href=\"https:\/\/www.bcicentral.com\/wp-content\/uploads\/2022\/10\/EQ22-KL-Floor-plan_2.pdf\" class=\"x-text x-text-headline x-hide-lg x-hide-md x-hide-sm x-hide-xl x-hide-xs e87175-e60 m1v9j-r m1v9j-s m1v9j-v\"><div class=\"x-text-content\"><div class=\"x-text-content-text\"><h2 class=\"x-text-content-text-primary\"><\/h2>\n<\/div><\/div><\/a><\/div><\/div><\/div><\/div><\/div>","protected":false},"excerpt":{"rendered":"<p>ARCHIFY LIVE HONG KONGDate: Friday, 17th October 2025 Time: 5:00pm &#8211; 9:00pm Venue: AIRSIDE Address: 2\u865f Concorde Rd, Kai Tak, Hong Kong Dress Code: Smart CasualWelcome to the Archify Live &#8230; <\/p>\n<div><a href=\"https:\/\/www.bcicentral.com\/vi\/exhibitor-portal-archify-live-hong-kong-2025\/\" class=\"more-link\">\u0110\u1ecdc th\u00eam<\/a><\/div>","protected":false},"author":9913,"featured_media":0,"parent":0,"menu_order":0,"comment_status":"closed","ping_status":"closed","template":"template-blank-4.php","meta":{"_acf_changed":false,"content-type":"","rs_blank_template":"","rs_page_bg_color":"","slide_template_v7":"","footnotes":""},"class_list":["post-87175","page","type-page","status-publish","hentry","no-post-thumbnail"],"acf":[],"yoast_head":"<!-- This site is optimized with the Yoast SEO plugin v27.6 - https:\/\/yoast.com\/product\/yoast-seo-wordpress\/ -->\n<title>Exhibitor Portal - Archify Live Hong Kong 2025 | LeadManager (formerly BCI Central)<\/title>\n<meta name=\"description\" content=\"Welcome on board to Equinox! Please find all key event information below to get the most out of your Equinox experience.\" \/>\n<meta name=\"robots\" content=\"index, follow, max-snippet:-1, max-image-preview:large, max-video-preview:-1\" \/>\n<link rel=\"canonical\" href=\"https:\/\/www.bcicentral.com\/vi\/exhibitor-portal-archify-live-hong-kong-2025\/\" \/>\n<meta property=\"og:locale\" content=\"vi_VN\" \/>\n<meta property=\"og:type\" content=\"article\" \/>\n<meta property=\"og:title\" content=\"Exhibitor Portal - Archify Live Hong Kong 2025 | LeadManager (formerly BCI Central)\" \/>\n<meta property=\"og:description\" content=\"Welcome on board to Equinox! Please find all key event information below to get the most out of your Equinox experience.\" \/>\n<meta property=\"og:url\" content=\"https:\/\/www.bcicentral.com\/vi\/exhibitor-portal-archify-live-hong-kong-2025\/\" \/>\n<meta property=\"og:site_name\" content=\"LeadManager (formerly BCI Central)\" \/>\n<meta property=\"article:publisher\" content=\"https:\/\/www.facebook.com\/bcicentral.group\" \/>\n<meta property=\"article:modified_time\" content=\"2025-10-13T01:16:49+00:00\" \/>\n<meta property=\"og:image\" content=\"https:\/\/www.bcicentral.com\/wp-content\/uploads\/2024\/11\/cropped-Interim-Brandmark-BCI-Central-small-RGB.png\" \/>\n\t<meta property=\"og:image:width\" content=\"512\" \/>\n\t<meta property=\"og:image:height\" content=\"512\" \/>\n\t<meta property=\"og:image:type\" content=\"image\/png\" \/>\n<meta name=\"twitter:card\" content=\"summary_large_image\" \/>\n<meta name=\"twitter:site\" content=\"@BCICentralAU\" \/>\n<meta name=\"twitter:label1\" content=\"\u01af\u1edbc t\u00ednh th\u1eddi gian \u0111\u1ecdc\" \/>\n\t<meta name=\"twitter:data1\" content=\"3 ph\u00fat\" \/>\n<script type=\"application\/ld+json\" class=\"yoast-schema-graph\">{\"@context\":\"https:\\\/\\\/schema.org\",\"@graph\":[{\"@type\":\"WebPage\",\"@id\":\"https:\\\/\\\/www.bcicentral.com\\\/exhibitor-portal-archify-live-hong-kong-2025\\\/\",\"url\":\"https:\\\/\\\/www.bcicentral.com\\\/exhibitor-portal-archify-live-hong-kong-2025\\\/\",\"name\":\"Exhibitor Portal - Archify Live Hong Kong 2025 | LeadManager (formerly BCI Central)\",\"isPartOf\":{\"@id\":\"https:\\\/\\\/www.bcicentral.com\\\/#website\"},\"datePublished\":\"2023-07-24T02:01:18+00:00\",\"dateModified\":\"2025-10-13T01:16:49+00:00\",\"description\":\"Welcome on board to Equinox! Please find all key event information below to get the most out of your Equinox experience.\",\"breadcrumb\":{\"@id\":\"https:\\\/\\\/www.bcicentral.com\\\/exhibitor-portal-archify-live-hong-kong-2025\\\/#breadcrumb\"},\"inLanguage\":\"vi\",\"potentialAction\":[{\"@type\":\"ReadAction\",\"target\":[\"https:\\\/\\\/www.bcicentral.com\\\/exhibitor-portal-archify-live-hong-kong-2025\\\/\"]}]},{\"@type\":\"BreadcrumbList\",\"@id\":\"https:\\\/\\\/www.bcicentral.com\\\/exhibitor-portal-archify-live-hong-kong-2025\\\/#breadcrumb\",\"itemListElement\":[{\"@type\":\"ListItem\",\"position\":1,\"name\":\"Home\",\"item\":\"https:\\\/\\\/www.bcicentral.com\\\/\"},{\"@type\":\"ListItem\",\"position\":2,\"name\":\"Exhibitor Portal &#8211; Archify Live Hong Kong 2025\"}]},{\"@type\":\"WebSite\",\"@id\":\"https:\\\/\\\/www.bcicentral.com\\\/#website\",\"url\":\"https:\\\/\\\/www.bcicentral.com\\\/\",\"name\":\"LeadManager - A Hubexo Product\",\"description\":\"Enabling sales success with construction data &amp; software solutions.\",\"publisher\":{\"@id\":\"https:\\\/\\\/www.bcicentral.com\\\/#organization\"},\"alternateName\":\"LeadManager\",\"potentialAction\":[{\"@type\":\"SearchAction\",\"target\":{\"@type\":\"EntryPoint\",\"urlTemplate\":\"https:\\\/\\\/www.bcicentral.com\\\/?s={search_term_string}\"},\"query-input\":{\"@type\":\"PropertyValueSpecification\",\"valueRequired\":true,\"valueName\":\"search_term_string\"}}],\"inLanguage\":\"vi\"},{\"@type\":\"Organization\",\"@id\":\"https:\\\/\\\/www.bcicentral.com\\\/#organization\",\"name\":\"LeadManager\",\"alternateName\":\"LeadManager\",\"url\":\"https:\\\/\\\/www.bcicentral.com\\\/\",\"logo\":{\"@type\":\"ImageObject\",\"inLanguage\":\"vi\",\"@id\":\"https:\\\/\\\/www.bcicentral.com\\\/#\\\/schema\\\/logo\\\/image\\\/\",\"url\":\"https:\\\/\\\/www.bcicentral.com\\\/wp-content\\\/uploads\\\/2024\\\/11\\\/cropped-Interim-Brandmark-BCI-Central-small-RGB.png\",\"contentUrl\":\"https:\\\/\\\/www.bcicentral.com\\\/wp-content\\\/uploads\\\/2024\\\/11\\\/cropped-Interim-Brandmark-BCI-Central-small-RGB.png\",\"width\":512,\"height\":512,\"caption\":\"LeadManager\"},\"image\":{\"@id\":\"https:\\\/\\\/www.bcicentral.com\\\/#\\\/schema\\\/logo\\\/image\\\/\"},\"sameAs\":[\"https:\\\/\\\/www.facebook.com\\\/bcicentral.group\",\"https:\\\/\\\/x.com\\\/BCICentralAU\",\"https:\\\/\\\/www.instagram.com\\\/bcicentral\\\/\",\"https:\\\/\\\/www.linkedin.com\\\/company\\\/bcicentral\\\/\"]}]}<\/script>\n<!-- \/ Yoast SEO plugin. -->","yoast_head_json":{"title":"Exhibitor Portal - Archify Live Hong Kong 2025 | LeadManager (formerly BCI Central)","description":"Ch\u00e0o m\u1eebng b\u1ea1n \u0111\u1ebfn v\u1edbi Equinox! Vui l\u00f2ng t\u00ecm t\u1ea5t c\u1ea3 th\u00f4ng tin s\u1ef1 ki\u1ec7n ch\u00ednh b\u00ean d\u01b0\u1edbi \u0111\u1ec3 t\u1eadn d\u1ee5ng t\u1ed1i \u0111a tr\u1ea3i nghi\u1ec7m Equinox c\u1ee7a b\u1ea1n.","robots":{"index":"index","follow":"follow","max-snippet":"max-snippet:-1","max-image-preview":"max-image-preview:large","max-video-preview":"max-video-preview:-1"},"canonical":"https:\/\/www.bcicentral.com\/vi\/exhibitor-portal-archify-live-hong-kong-2025\/","og_locale":"vi_VN","og_type":"article","og_title":"Exhibitor Portal - Archify Live Hong Kong 2025 | LeadManager (formerly BCI Central)","og_description":"Welcome on board to Equinox! Please find all key event information below to get the most out of your Equinox experience.","og_url":"https:\/\/www.bcicentral.com\/vi\/exhibitor-portal-archify-live-hong-kong-2025\/","og_site_name":"LeadManager (formerly BCI Central)","article_publisher":"https:\/\/www.facebook.com\/bcicentral.group","article_modified_time":"2025-10-13T01:16:49+00:00","og_image":[{"width":512,"height":512,"url":"https:\/\/www.bcicentral.com\/wp-content\/uploads\/2024\/11\/cropped-Interim-Brandmark-BCI-Central-small-RGB.png","type":"image\/png"}],"twitter_card":"summary_large_image","twitter_site":"@BCICentralAU","twitter_misc":{"\u01af\u1edbc t\u00ednh th\u1eddi gian \u0111\u1ecdc":"3 ph\u00fat"},"schema":{"@context":"https:\/\/schema.org","@graph":[{"@type":"WebPage","@id":"https:\/\/www.bcicentral.com\/exhibitor-portal-archify-live-hong-kong-2025\/","url":"https:\/\/www.bcicentral.com\/exhibitor-portal-archify-live-hong-kong-2025\/","name":"Exhibitor Portal - Archify Live Hong Kong 2025 | LeadManager (formerly BCI Central)","isPartOf":{"@id":"https:\/\/www.bcicentral.com\/#website"},"datePublished":"2023-07-24T02:01:18+00:00","dateModified":"2025-10-13T01:16:49+00:00","description":"Ch\u00e0o m\u1eebng b\u1ea1n \u0111\u1ebfn v\u1edbi Equinox! Vui l\u00f2ng t\u00ecm t\u1ea5t c\u1ea3 th\u00f4ng tin s\u1ef1 ki\u1ec7n ch\u00ednh b\u00ean d\u01b0\u1edbi \u0111\u1ec3 t\u1eadn d\u1ee5ng t\u1ed1i \u0111a tr\u1ea3i nghi\u1ec7m Equinox c\u1ee7a b\u1ea1n.","breadcrumb":{"@id":"https:\/\/www.bcicentral.com\/exhibitor-portal-archify-live-hong-kong-2025\/#breadcrumb"},"inLanguage":"vi","potentialAction":[{"@type":"ReadAction","target":["https:\/\/www.bcicentral.com\/exhibitor-portal-archify-live-hong-kong-2025\/"]}]},{"@type":"BreadcrumbList","@id":"https:\/\/www.bcicentral.com\/exhibitor-portal-archify-live-hong-kong-2025\/#breadcrumb","itemListElement":[{"@type":"ListItem","position":1,"name":"Home","item":"https:\/\/www.bcicentral.com\/"},{"@type":"ListItem","position":2,"name":"Exhibitor Portal &#8211; Archify Live Hong Kong 2025"}]},{"@type":"WebSite","@id":"https:\/\/www.bcicentral.com\/#website","url":"https:\/\/www.bcicentral.com\/","name":"LeadManager - A Hubexo Product","description":"T\u0103ng c\u01b0\u1eddng b\u00e1n h\u00e0ng th\u00e0nh c\u00f4ng v\u1edbi c\u00e1c gi\u1ea3i ph\u00e1p ph\u1ea7n m\u1ec1m &amp; d\u1eef li\u1ec7u x\u00e2y d\u1ef1ng.","publisher":{"@id":"https:\/\/www.bcicentral.com\/#organization"},"alternateName":"LeadManager","potentialAction":[{"@type":"SearchAction","target":{"@type":"EntryPoint","urlTemplate":"https:\/\/www.bcicentral.com\/?s={search_term_string}"},"query-input":{"@type":"PropertyValueSpecification","valueRequired":true,"valueName":"search_term_string"}}],"inLanguage":"vi"},{"@type":"Organization","@id":"https:\/\/www.bcicentral.com\/#organization","name":"LeadManager","alternateName":"LeadManager","url":"https:\/\/www.bcicentral.com\/","logo":{"@type":"ImageObject","inLanguage":"vi","@id":"https:\/\/www.bcicentral.com\/#\/schema\/logo\/image\/","url":"https:\/\/www.bcicentral.com\/wp-content\/uploads\/2024\/11\/cropped-Interim-Brandmark-BCI-Central-small-RGB.png","contentUrl":"https:\/\/www.bcicentral.com\/wp-content\/uploads\/2024\/11\/cropped-Interim-Brandmark-BCI-Central-small-RGB.png","width":512,"height":512,"caption":"LeadManager"},"image":{"@id":"https:\/\/www.bcicentral.com\/#\/schema\/logo\/image\/"},"sameAs":["https:\/\/www.facebook.com\/bcicentral.group","https:\/\/x.com\/BCICentralAU","https:\/\/www.instagram.com\/bcicentral\/","https:\/\/www.linkedin.com\/company\/bcicentral\/"]}]}},"_links":{"self":[{"href":"https:\/\/www.bcicentral.com\/vi\/wp-json\/wp\/v2\/pages\/87175","targetHints":{"allow":["GET"]}}],"collection":[{"href":"https:\/\/www.bcicentral.com\/vi\/wp-json\/wp\/v2\/pages"}],"about":[{"href":"https:\/\/www.bcicentral.com\/vi\/wp-json\/wp\/v2\/types\/page"}],"author":[{"embeddable":true,"href":"https:\/\/www.bcicentral.com\/vi\/wp-json\/wp\/v2\/users\/9913"}],"replies":[{"embeddable":true,"href":"https:\/\/www.bcicentral.com\/vi\/wp-json\/wp\/v2\/comments?post=87175"}],"version-history":[{"count":0,"href":"https:\/\/www.bcicentral.com\/vi\/wp-json\/wp\/v2\/pages\/87175\/revisions"}],"wp:attachment":[{"href":"https:\/\/www.bcicentral.com\/vi\/wp-json\/wp\/v2\/media?parent=87175"}],"curies":[{"name":"wp","href":"https:\/\/api.w.org\/{rel}","templated":true}]}}