{"id":87302,"date":"2023-08-21T02:25:14","date_gmt":"2023-08-21T02:25:14","guid":{"rendered":"https:\/\/www.bcicentral.com\/?page_id=87302"},"modified":"2025-11-13T12:36:10","modified_gmt":"2025-11-13T01:36:10","slug":"exhibitor-portal-archify-live-penang-2025","status":"publish","type":"page","link":"https:\/\/www.bcicentral.com\/vi\/exhibitor-portal-archify-live-penang-2025\/","title":{"rendered":"Exhibitor Portal &#8211; Archify Live Penang 2025"},"content":{"rendered":"<div id=\"cs-content\" class=\"cs-content\"><div class=\"x-section e87302-e1 m1vd2-0 m1vd2-1\"><div class=\"x-row x-container max width e87302-e2 m1vd2-5 m1vd2-6 m1vd2-7 m1vd2-8 m1vd2-b\"><div class=\"x-row-inner\"><div class=\"x-col e87302-e3 m1vd2-e m1vd2-f m1vd2-4 x-effect-exit\" data-x-effect=\"{&quot;scroll&quot;:true,&quot;offsetTop&quot;:&quot;10%&quot;,&quot;offsetBottom&quot;:&quot;10%&quot;,&quot;behaviorScroll&quot;:&quot;fire-once&quot;,&quot;animationEnter&quot;:&quot;slideInLeft&quot;,&quot;animationExit&quot;:&quot;rollOut&quot;}\"><span class=\"x-image x-hide-lg x-hide-md x-hide-sm x-hide-xl x-hide-xs e87302-e4 m1vd2-i m1vd2-j svg-img\"><img decoding=\"async\" src=\"https:\/\/www.bcicentral.com\/wp-content\/uploads\/2022\/05\/EQ22-LOGO-Black@4x.png\" width=\"1823\" height=\"202\" alt=\"Bi\u1ec3u tr\u01b0ng BCI Equinox 2022\" loading=\"lazy\"><\/span><h2  class=\"h-custom-headline h2\" style=\"margin: 30px 0; font-weight: 300;font-size: 55px;letter-spacing: 0.025em;line-height: 1.13;\"><span>ARCHIFY LIVE PENANG<\/span><\/h2><div class=\"x-text x-content e87302-e6 m1vd2-n m1vd2-o\"><p><strong>Date:<\/strong> Thursday 20th November 2025<br \/>\n<strong>Time:<\/strong> 9:00am - 2:00pm<br \/>\n<strong>\u0110\u1ecba \u0111i\u1ec3m:<\/strong> St Giles Hotel<br \/>\n<strong>\u0110\u1ecba ch\u1ec9 nh\u00e0:<\/strong> 183, Jalan Magazine, George Town, 10300 George Town, Pulau Pinang<br \/>\n<strong>Quy t\u1eafc trang ph\u1ee5c:<\/strong> Smart Casual<\/p><\/div><\/div><div class=\"x-col e87302-e7 m1vd2-e m1vd2-f m1vd2-g\"><span class=\"x-image x-hide-lg x-hide-md x-hide-sm x-hide-xl x-hide-xs e87302-e8 m1vd2-i m1vd2-k m1vd2-l m1vd2-4 x-effect-exit\" data-x-effect=\"{&quot;scroll&quot;:true,&quot;offsetTop&quot;:&quot;10%&quot;,&quot;offsetBottom&quot;:&quot;10%&quot;,&quot;behaviorScroll&quot;:&quot;fire-once&quot;,&quot;animationEnter&quot;:&quot;slideInRight&quot;,&quot;animationExit&quot;:&quot;rollOut&quot;}\"><img decoding=\"async\" src=\"https:\/\/www.bcicentral.com\/wp-content\/uploads\/2021\/09\/Events.svg\" width=\"0\" height=\"0\" alt=\"S\u1ef1 ki\u1ec7n BCI Central\" loading=\"lazy\"><\/span><span class=\"x-image e87302-e9 m1vd2-i m1vd2-k m1vd2-l m1vd2-4 x-effect-exit\" data-x-effect=\"{&quot;scroll&quot;:true,&quot;offsetTop&quot;:&quot;10%&quot;,&quot;offsetBottom&quot;:&quot;10%&quot;,&quot;behaviorScroll&quot;:&quot;fire-once&quot;,&quot;animationEnter&quot;:&quot;slideInRight&quot;,&quot;animationExit&quot;:&quot;rollOut&quot;}\"><img decoding=\"async\" src=\"https:\/\/www.bcicentral.com\/wp-content\/uploads\/2025\/01\/AL25-Asia-Archify-Event-Website-11.png\" width=\"3167\" height=\"1875\" alt=\"H\u00ecnh \u1ea3nh\" loading=\"lazy\"><\/span><\/div><\/div><\/div><\/div><div class=\"x-section e87302-e10 m1vd2-0 m1vd2-2\"><div class=\"x-row x-container max width e87302-e11 m1vd2-5 m1vd2-6 m1vd2-9 m1vd2-c\"><div class=\"x-row-inner\"><div class=\"x-col e87302-e12 m1vd2-e m1vd2-f\"><div class=\"x-text x-text-headline e87302-e13 m1vd2-q m1vd2-r m1vd2-s m1vd2-t\"><div class=\"x-text-content\"><div class=\"x-text-content-text\"><h2 class=\"x-text-content-text-primary\"><strong>Welcome to the Archify Live Penang Exhibitor Portal<\/strong><br \/>Below you'll find everything you need to participate in our event.<\/h2>\n<\/div><\/div><\/div><\/div><\/div><\/div><\/div><div class=\"x-section e87302-e14 m1vd2-0 m1vd2-3\"><div class=\"x-row x-container max width e87302-e15 m1vd2-5 m1vd2-7 m1vd2-a m1vd2-d exhibitor-portal equinox\"><div class=\"x-row-inner\"><div class=\"x-col e87302-e16 m1vd2-e m1vd2-h equinoxMY_btns_row\"><span class=\"x-image e87302-e17 m1vd2-i m1vd2-l m1vd2-m\"><img decoding=\"async\" src=\"https:\/\/www.bcicentral.com\/wp-content\/uploads\/2022\/09\/Key-event-info-and-dates.svg\" width=\"0\" height=\"0\" alt=\"Event Notification Icon\" loading=\"lazy\"><\/span><div class=\"x-text x-text-headline e87302-e18 m1vd2-s m1vd2-t m1vd2-u\"><div class=\"x-text-content\"><div class=\"x-text-content-text\"><h1 class=\"x-text-content-text-primary\">Key Information<\/h1>\n<\/div><\/div><\/div><div class=\"x-text x-content x-hide-lg x-hide-md x-hide-sm x-hide-xl x-hide-xs e87302-e19 m1vd2-n m1vd2-p\">ent Contact Details, Key Dates, Venue Access Times, Booth Guidelines, Service Lift Information, Car Park<\/div><a href=\"https:\/\/www.dropbox.com\/scl\/fi\/uy4t1868yxl177ucsfjtz\/AL25-Key-Event-Information-Penang.pdf?rlkey=l7dwjbbfnbmitjc3y0ontrk7p&amp;st=lonhltr1&amp;dl=0\" target=\"_blank\" rel=\"noopener noreferrer\" class=\"x-text x-text-headline x-hide-lg x-hide-md x-hide-sm x-hide-xl x-hide-xs e87302-e20 m1vd2-r m1vd2-s m1vd2-v\"><div class=\"x-text-content\"><div class=\"x-text-content-text\"><h2 class=\"x-text-content-text-primary\">xem chi ti\u1ebft<\/h2>\n<\/div><\/div><\/a><\/div><div class=\"x-col e87302-e21 m1vd2-e m1vd2-h equinoxMY_btns_row\"><span class=\"x-image e87302-e22 m1vd2-i m1vd2-l m1vd2-m\"><img decoding=\"async\" src=\"https:\/\/www.bcicentral.com\/wp-content\/uploads\/2022\/09\/Exhibitor-Guide.svg\" width=\"0\" height=\"0\" alt=\"Exhibitor Guide Icon\" loading=\"lazy\"><\/span><div class=\"x-text x-text-headline e87302-e23 m1vd2-s m1vd2-t m1vd2-u\"><div class=\"x-text-content\"><div class=\"x-text-content-text\"><h1 class=\"x-text-content-text-primary\">H\u01b0\u1edbng d\u1eabn vi\u00ean tri\u1ec3n l\u00e3m<\/h1>\n<\/div><\/div><\/div><div class=\"x-text x-content x-hide-lg x-hide-md x-hide-sm x-hide-xl x-hide-xs e87302-e24 m1vd2-n m1vd2-p\">M\u1eb9o d\u00e0nh cho nh\u00e0 tri\u1ec3n l\u00e3m h\u00e0ng \u0111\u1ea7u c\u1ee7a ch\u00fang t\u00f4i, H\u01b0\u1edbng d\u1eabn c\u1ee7a b\u1ea1n v\u1ec1 Equinox, C\u00e1c c\u00e1ch b\u1ed5 sung \u0111\u1ec3 t\u1ea1o t\u00e1c \u0111\u1ed9ng, <\/div><a href=\"https:\/\/www.dropbox.com\/scl\/fi\/4o00bcv1nvf6sfdbx1kj6\/AL25-Exhibitor-Guide.pdf?rlkey=im2omei53ohtpeehhdbqflz6p&amp;st=p4u1oaag&amp;dl=0\" target=\"_blank\" rel=\"noopener noreferrer\" class=\"x-text x-text-headline x-hide-lg x-hide-md x-hide-sm x-hide-xl x-hide-xs e87302-e25 m1vd2-r m1vd2-s m1vd2-v\"><div class=\"x-text-content\"><div class=\"x-text-content-text\"><h2 class=\"x-text-content-text-primary\">xem chi ti\u1ebft<\/h2>\n<\/div><\/div><\/a><\/div><div class=\"x-col e87302-e26 m1vd2-e m1vd2-h equinoxMY_btns_row\"><span class=\"x-image e87302-e27 m1vd2-i m1vd2-l m1vd2-m\"><img decoding=\"async\" src=\"https:\/\/www.bcicentral.com\/wp-content\/uploads\/2022\/09\/Exhibitor-Name-Tag-Registration.svg\" width=\"0\" height=\"0\" alt=\"Exhibitor Name Tag Registration Icon\" loading=\"lazy\"><\/span><div class=\"x-text x-text-headline e87302-e28 m1vd2-s m1vd2-t m1vd2-u\"><div class=\"x-text-content\"><div class=\"x-text-content-text\"><h1 class=\"x-text-content-text-primary\">\u0110\u0103ng k\u00fd th\u1ebb t\u00ean \u0111\u01a1n v\u1ecb tri\u1ec3n l\u00e3m<\/h1>\n<\/div><\/div><\/div><div class=\"x-text x-content x-hide-lg x-hide-md x-hide-sm x-hide-xl x-hide-xs e87302-e29 m1vd2-n m1vd2-p\">Vui l\u00f2ng \u0111\u0103ng k\u00fd tham d\u1ef1 t\u1ea1i \u0111\u00e2y<\/div><a href=\"https:\/\/exhibitor-archifylive-penang2025.eventbrite.sg\/\" target=\"_blank\" rel=\"noopener noreferrer\" class=\"x-text x-text-headline x-hide-lg x-hide-md x-hide-sm x-hide-xl x-hide-xs e87302-e30 m1vd2-r m1vd2-s m1vd2-v\"><div class=\"x-text-content\"><div class=\"x-text-content-text\"><h2 class=\"x-text-content-text-primary\">xem chi ti\u1ebft<\/h2>\n<\/div><\/div><\/a><\/div><div class=\"x-col e87302-e31 m1vd2-e m1vd2-h equinoxMY_btns_row\"><span class=\"x-image e87302-e32 m1vd2-i m1vd2-l m1vd2-m\"><img decoding=\"async\" src=\"https:\/\/www.bcicentral.com\/wp-content\/uploads\/2022\/09\/Media-pack-and-guest-invite.svg\" width=\"0\" height=\"0\" alt=\"Media Pack Icon\" loading=\"lazy\"><\/span><div class=\"x-text x-text-headline e87302-e33 m1vd2-s m1vd2-t m1vd2-u\"><div class=\"x-text-content\"><div class=\"x-text-content-text\"><h1 class=\"x-text-content-text-primary\">Social Media Pack & Guest Invite<\/h1>\n<\/div><\/div><\/div><div class=\"x-text x-content x-hide-lg x-hide-md x-hide-sm x-hide-xl x-hide-xs e87302-e34 m1vd2-n m1vd2-p\">Please download the Media Pack for Equinox here. Feel free to share these on your business pages in the lead up to the event. <\/div><a href=\"https:\/\/www.dropbox.com\/scl\/fo\/7h4curequru3l7tbl907r\/AD_2TgH9EfBkVMXQ5k1C6Zc?rlkey=c1k2y209vowexqsv89armxqim&amp;st=ile1okxy&amp;dl=0\" class=\"x-text x-text-headline x-hide-lg x-hide-md x-hide-sm x-hide-xl x-hide-xs e87302-e35 m1vd2-r m1vd2-s m1vd2-v\"><div class=\"x-text-content\"><div class=\"x-text-content-text\"><h2 class=\"x-text-content-text-primary\">xem chi ti\u1ebft<\/h2>\n<\/div><\/div><\/a><\/div><div class=\"x-col e87302-e36 m1vd2-e m1vd2-h equinoxMY_btns_row\"><span class=\"x-image e87302-e37 m1vd2-i m1vd2-l m1vd2-m\"><img decoding=\"async\" src=\"https:\/\/www.bcicentral.com\/wp-content\/uploads\/2022\/09\/Floor-Plan.svg\" width=\"0\" height=\"0\" alt=\"Floor Plan Icon\" loading=\"lazy\"><\/span><div class=\"x-text x-text-headline e87302-e38 m1vd2-s m1vd2-t m1vd2-u\"><div class=\"x-text-content\"><div class=\"x-text-content-text\"><h1 class=\"x-text-content-text-primary\">Floor Plan Layout & Event Details<\/h1>\n<\/div><\/div><\/div><div class=\"x-text x-content x-hide-lg x-hide-md x-hide-sm x-hide-xl x-hide-xs e87302-e39 m1vd2-n m1vd2-p\">Venue layout, Venue details, Venue Loading and Unloading<\/div><a href=\"https:\/\/www.dropbox.com\/scl\/fo\/ofiipy8m6h19135tdf19i\/ALhsX9ufsY_zBdcQPPS33HM?rlkey=uszgwuga50tj2biyycgbnnb8z&amp;st=dux3jzns&amp;dl=0\" class=\"x-text x-text-headline x-hide-lg x-hide-md x-hide-sm x-hide-xl x-hide-xs e87302-e40 m1vd2-r m1vd2-s m1vd2-v\"><div class=\"x-text-content\"><div class=\"x-text-content-text\"><h2 class=\"x-text-content-text-primary\">xem chi ti\u1ebft<\/h2>\n<\/div><\/div><\/a><\/div><div class=\"x-col e87302-e41 m1vd2-e m1vd2-h equinoxMY_btns_row\"><span class=\"x-image e87302-e42 m1vd2-i m1vd2-l m1vd2-m\"><img decoding=\"async\" src=\"https:\/\/www.bcicentral.com\/wp-content\/uploads\/2022\/09\/Event-Programme.svg\" width=\"0\" height=\"0\" alt=\"Event Programme Icon\" loading=\"lazy\"><\/span><div class=\"x-text x-text-headline e87302-e43 m1vd2-s m1vd2-t m1vd2-u\"><div class=\"x-text-content\"><div class=\"x-text-content-text\"><h1 class=\"x-text-content-text-primary\">Ch\u01b0\u01a1ng tr\u00ecnh s\u1ef1 ki\u1ec7n<\/h1>\n<\/div><\/div><\/div><div class=\"x-text x-content x-hide-lg x-hide-md x-hide-sm x-hide-xl x-hide-xs e87302-e44 m1vd2-n m1vd2-p\">S\u1ef1 ki\u1ec7n Rundown<\/div><a href=\"https:\/\/www.dropbox.com\/scl\/fi\/rx1t8wucqwusimm58ma7d\/AL25-Penang-Rundown.png?rlkey=8z5v85a1g7wr09phnap7uo1nd&amp;st=h4hg6jhv&amp;dl=0\" class=\"x-text x-text-headline x-hide-lg x-hide-md x-hide-sm x-hide-xl x-hide-xs e87302-e45 m1vd2-r m1vd2-s m1vd2-v\"><div class=\"x-text-content\"><div class=\"x-text-content-text\"><h2 class=\"x-text-content-text-primary\">xem chi ti\u1ebft<\/h2>\n<\/div><\/div><\/a><\/div><div class=\"x-col x-hide-lg x-hide-md x-hide-sm x-hide-xl x-hide-xs e87302-e46 m1vd2-e m1vd2-h equinoxMY_btns_row\"><div class=\"x-text x-text-headline e87302-e48 m1vd2-s m1vd2-t m1vd2-u\"><div class=\"x-text-content\"><div class=\"x-text-content-text\"><h1 class=\"x-text-content-text-primary\"><\/h1>\n<\/div><\/div><\/div><div class=\"x-text x-content x-hide-lg x-hide-md x-hide-sm x-hide-xl x-hide-xs e87302-e49 m1vd2-n m1vd2-p\"><\/div><div class=\"x-text x-text-headline x-hide-lg x-hide-md x-hide-sm x-hide-xl x-hide-xs e87302-e50 m1vd2-r m1vd2-s m1vd2-v\"><div class=\"x-text-content\"><div class=\"x-text-content-text\"><h2 class=\"x-text-content-text-primary\"><\/h2>\n<\/div><\/div><\/div><\/div><div class=\"x-col x-hide-lg x-hide-md x-hide-sm x-hide-xl x-hide-xs e87302-e51 m1vd2-e m1vd2-h equinoxMY_btns_row\"><div class=\"x-text x-text-headline e87302-e53 m1vd2-s m1vd2-t m1vd2-u\"><div class=\"x-text-content\"><div class=\"x-text-content-text\"><h1 class=\"x-text-content-text-primary\"><\/h1>\n<\/div><\/div><\/div><div class=\"x-text x-content x-hide-lg x-hide-md x-hide-sm x-hide-xl x-hide-xs e87302-e54 m1vd2-n m1vd2-p\"><\/div><div class=\"x-text x-text-headline x-hide-lg x-hide-md x-hide-sm x-hide-xl x-hide-xs e87302-e55 m1vd2-r m1vd2-s m1vd2-v\"><div class=\"x-text-content\"><div class=\"x-text-content-text\"><h2 class=\"x-text-content-text-primary\"><\/h2>\n<\/div><\/div><\/div><\/div><div class=\"x-col x-hide-lg x-hide-md x-hide-sm x-hide-xl x-hide-xs e87302-e56 m1vd2-e m1vd2-h equinoxMY_btns_row\"><a href=\"https:\/\/www.bcicentral.com\/wp-content\/uploads\/2022\/10\/EQ22-KL-Floor-plan.pdf\" class=\"x-text x-text-headline e87302-e58 m1vd2-s m1vd2-t m1vd2-u\"><div class=\"x-text-content\"><div class=\"x-text-content-text\"><h1 class=\"x-text-content-text-primary\"><\/h1>\n<\/div><\/div><\/a><div class=\"x-text x-content x-hide-lg x-hide-md x-hide-sm x-hide-xl x-hide-xs e87302-e59 m1vd2-n m1vd2-p\"><\/div><a href=\"https:\/\/www.bcicentral.com\/wp-content\/uploads\/2022\/10\/EQ22-KL-Floor-plan_2.pdf\" class=\"x-text x-text-headline x-hide-lg x-hide-md x-hide-sm x-hide-xl x-hide-xs e87302-e60 m1vd2-r m1vd2-s m1vd2-v\"><div class=\"x-text-content\"><div class=\"x-text-content-text\"><h2 class=\"x-text-content-text-primary\"><\/h2>\n<\/div><\/div><\/a><\/div><\/div><\/div><\/div><\/div>","protected":false},"excerpt":{"rendered":"<p>ARCHIFY LIVE PENANGDate: Thursday 20th November 2025 Time: 9:00am &#8211; 2:00pm Venue: St Giles Hotel Address: 183, Jalan Magazine, George Town, 10300 George Town, Pulau Pinang Dress Code: Smart CasualWelcome &#8230; <\/p>\n<div><a href=\"https:\/\/www.bcicentral.com\/vi\/exhibitor-portal-archify-live-penang-2025\/\" class=\"more-link\">\u0110\u1ecdc th\u00eam<\/a><\/div>","protected":false},"author":9920,"featured_media":0,"parent":0,"menu_order":0,"comment_status":"closed","ping_status":"closed","template":"template-blank-4.php","meta":{"_acf_changed":false,"content-type":"","footnotes":""},"class_list":["post-87302","page","type-page","status-publish","hentry","no-post-thumbnail"],"acf":[],"yoast_head":"<!-- This site is optimized with the Yoast SEO plugin v27.4 - https:\/\/yoast.com\/product\/yoast-seo-wordpress\/ -->\n<title>Exhibitor Portal - Archify Live Penang 2025 | LeadManager (formerly BCI Central)<\/title>\n<meta name=\"description\" content=\"Welcome on board to Equinox! Please find all key event information below to get the most out of your Equinox experience.\" \/>\n<meta name=\"robots\" content=\"index, follow, max-snippet:-1, max-image-preview:large, max-video-preview:-1\" \/>\n<link rel=\"canonical\" href=\"https:\/\/www.bcicentral.com\/vi\/exhibitor-portal-archify-live-penang-2025\/\" \/>\n<meta property=\"og:locale\" content=\"vi_VN\" \/>\n<meta property=\"og:type\" content=\"article\" \/>\n<meta property=\"og:title\" content=\"Exhibitor Portal - Archify Live Penang 2025 | LeadManager (formerly BCI Central)\" \/>\n<meta property=\"og:description\" content=\"Welcome on board to Equinox! Please find all key event information below to get the most out of your Equinox experience.\" \/>\n<meta property=\"og:url\" content=\"https:\/\/www.bcicentral.com\/vi\/exhibitor-portal-archify-live-penang-2025\/\" \/>\n<meta property=\"og:site_name\" content=\"LeadManager (formerly BCI Central)\" \/>\n<meta property=\"article:publisher\" content=\"https:\/\/www.facebook.com\/bcicentral.group\" \/>\n<meta property=\"article:modified_time\" content=\"2025-11-13T01:36:10+00:00\" \/>\n<meta property=\"og:image\" content=\"https:\/\/www.bcicentral.com\/wp-content\/uploads\/2024\/11\/cropped-Interim-Brandmark-BCI-Central-small-RGB.png\" \/>\n\t<meta property=\"og:image:width\" content=\"512\" \/>\n\t<meta property=\"og:image:height\" content=\"512\" \/>\n\t<meta property=\"og:image:type\" content=\"image\/png\" \/>\n<meta name=\"twitter:card\" content=\"summary_large_image\" \/>\n<meta name=\"twitter:site\" content=\"@BCICentralAU\" \/>\n<meta name=\"twitter:label1\" content=\"\u01af\u1edbc t\u00ednh th\u1eddi gian \u0111\u1ecdc\" \/>\n\t<meta name=\"twitter:data1\" content=\"3 ph\u00fat\" \/>\n<script type=\"application\/ld+json\" class=\"yoast-schema-graph\">{\"@context\":\"https:\\\/\\\/schema.org\",\"@graph\":[{\"@type\":\"WebPage\",\"@id\":\"https:\\\/\\\/www.bcicentral.com\\\/exhibitor-portal-archify-live-penang-2025\\\/\",\"url\":\"https:\\\/\\\/www.bcicentral.com\\\/exhibitor-portal-archify-live-penang-2025\\\/\",\"name\":\"Exhibitor Portal - Archify Live Penang 2025 | LeadManager (formerly BCI Central)\",\"isPartOf\":{\"@id\":\"https:\\\/\\\/www.bcicentral.com\\\/#website\"},\"datePublished\":\"2023-08-21T02:25:14+00:00\",\"dateModified\":\"2025-11-13T01:36:10+00:00\",\"description\":\"Welcome on board to Equinox! Please find all key event information below to get the most out of your Equinox experience.\",\"breadcrumb\":{\"@id\":\"https:\\\/\\\/www.bcicentral.com\\\/exhibitor-portal-archify-live-penang-2025\\\/#breadcrumb\"},\"inLanguage\":\"vi\",\"potentialAction\":[{\"@type\":\"ReadAction\",\"target\":[\"https:\\\/\\\/www.bcicentral.com\\\/exhibitor-portal-archify-live-penang-2025\\\/\"]}]},{\"@type\":\"BreadcrumbList\",\"@id\":\"https:\\\/\\\/www.bcicentral.com\\\/exhibitor-portal-archify-live-penang-2025\\\/#breadcrumb\",\"itemListElement\":[{\"@type\":\"ListItem\",\"position\":1,\"name\":\"Home\",\"item\":\"https:\\\/\\\/www.bcicentral.com\\\/\"},{\"@type\":\"ListItem\",\"position\":2,\"name\":\"Exhibitor Portal &#8211; Archify Live Penang 2025\"}]},{\"@type\":\"WebSite\",\"@id\":\"https:\\\/\\\/www.bcicentral.com\\\/#website\",\"url\":\"https:\\\/\\\/www.bcicentral.com\\\/\",\"name\":\"LeadManager - A Hubexo Product\",\"description\":\"Enabling sales success with construction data &amp; software solutions.\",\"publisher\":{\"@id\":\"https:\\\/\\\/www.bcicentral.com\\\/#organization\"},\"alternateName\":\"LeadManager\",\"potentialAction\":[{\"@type\":\"SearchAction\",\"target\":{\"@type\":\"EntryPoint\",\"urlTemplate\":\"https:\\\/\\\/www.bcicentral.com\\\/?s={search_term_string}\"},\"query-input\":{\"@type\":\"PropertyValueSpecification\",\"valueRequired\":true,\"valueName\":\"search_term_string\"}}],\"inLanguage\":\"vi\"},{\"@type\":\"Organization\",\"@id\":\"https:\\\/\\\/www.bcicentral.com\\\/#organization\",\"name\":\"LeadManager\",\"alternateName\":\"LeadManager\",\"url\":\"https:\\\/\\\/www.bcicentral.com\\\/\",\"logo\":{\"@type\":\"ImageObject\",\"inLanguage\":\"vi\",\"@id\":\"https:\\\/\\\/www.bcicentral.com\\\/#\\\/schema\\\/logo\\\/image\\\/\",\"url\":\"https:\\\/\\\/www.bcicentral.com\\\/wp-content\\\/uploads\\\/2024\\\/11\\\/cropped-Interim-Brandmark-BCI-Central-small-RGB.png\",\"contentUrl\":\"https:\\\/\\\/www.bcicentral.com\\\/wp-content\\\/uploads\\\/2024\\\/11\\\/cropped-Interim-Brandmark-BCI-Central-small-RGB.png\",\"width\":512,\"height\":512,\"caption\":\"LeadManager\"},\"image\":{\"@id\":\"https:\\\/\\\/www.bcicentral.com\\\/#\\\/schema\\\/logo\\\/image\\\/\"},\"sameAs\":[\"https:\\\/\\\/www.facebook.com\\\/bcicentral.group\",\"https:\\\/\\\/x.com\\\/BCICentralAU\",\"https:\\\/\\\/www.instagram.com\\\/bcicentral\\\/\",\"https:\\\/\\\/www.linkedin.com\\\/company\\\/bcicentral\\\/\"]}]}<\/script>\n<!-- \/ Yoast SEO plugin. -->","yoast_head_json":{"title":"Exhibitor Portal - Archify Live Penang 2025 | LeadManager (formerly BCI Central)","description":"Ch\u00e0o m\u1eebng b\u1ea1n \u0111\u1ebfn v\u1edbi Equinox! Vui l\u00f2ng t\u00ecm t\u1ea5t c\u1ea3 th\u00f4ng tin s\u1ef1 ki\u1ec7n ch\u00ednh b\u00ean d\u01b0\u1edbi \u0111\u1ec3 t\u1eadn d\u1ee5ng t\u1ed1i \u0111a tr\u1ea3i nghi\u1ec7m Equinox c\u1ee7a b\u1ea1n.","robots":{"index":"index","follow":"follow","max-snippet":"max-snippet:-1","max-image-preview":"max-image-preview:large","max-video-preview":"max-video-preview:-1"},"canonical":"https:\/\/www.bcicentral.com\/vi\/exhibitor-portal-archify-live-penang-2025\/","og_locale":"vi_VN","og_type":"article","og_title":"Exhibitor Portal - Archify Live Penang 2025 | LeadManager (formerly BCI Central)","og_description":"Welcome on board to Equinox! Please find all key event information below to get the most out of your Equinox experience.","og_url":"https:\/\/www.bcicentral.com\/vi\/exhibitor-portal-archify-live-penang-2025\/","og_site_name":"LeadManager (formerly BCI Central)","article_publisher":"https:\/\/www.facebook.com\/bcicentral.group","article_modified_time":"2025-11-13T01:36:10+00:00","og_image":[{"width":512,"height":512,"url":"https:\/\/www.bcicentral.com\/wp-content\/uploads\/2024\/11\/cropped-Interim-Brandmark-BCI-Central-small-RGB.png","type":"image\/png"}],"twitter_card":"summary_large_image","twitter_site":"@BCICentralAU","twitter_misc":{"\u01af\u1edbc t\u00ednh th\u1eddi gian \u0111\u1ecdc":"3 ph\u00fat"},"schema":{"@context":"https:\/\/schema.org","@graph":[{"@type":"WebPage","@id":"https:\/\/www.bcicentral.com\/exhibitor-portal-archify-live-penang-2025\/","url":"https:\/\/www.bcicentral.com\/exhibitor-portal-archify-live-penang-2025\/","name":"Exhibitor Portal - Archify Live Penang 2025 | LeadManager (formerly BCI Central)","isPartOf":{"@id":"https:\/\/www.bcicentral.com\/#website"},"datePublished":"2023-08-21T02:25:14+00:00","dateModified":"2025-11-13T01:36:10+00:00","description":"Ch\u00e0o m\u1eebng b\u1ea1n \u0111\u1ebfn v\u1edbi Equinox! Vui l\u00f2ng t\u00ecm t\u1ea5t c\u1ea3 th\u00f4ng tin s\u1ef1 ki\u1ec7n ch\u00ednh b\u00ean d\u01b0\u1edbi \u0111\u1ec3 t\u1eadn d\u1ee5ng t\u1ed1i \u0111a tr\u1ea3i nghi\u1ec7m Equinox c\u1ee7a b\u1ea1n.","breadcrumb":{"@id":"https:\/\/www.bcicentral.com\/exhibitor-portal-archify-live-penang-2025\/#breadcrumb"},"inLanguage":"vi","potentialAction":[{"@type":"ReadAction","target":["https:\/\/www.bcicentral.com\/exhibitor-portal-archify-live-penang-2025\/"]}]},{"@type":"BreadcrumbList","@id":"https:\/\/www.bcicentral.com\/exhibitor-portal-archify-live-penang-2025\/#breadcrumb","itemListElement":[{"@type":"ListItem","position":1,"name":"Home","item":"https:\/\/www.bcicentral.com\/"},{"@type":"ListItem","position":2,"name":"Exhibitor Portal &#8211; Archify Live Penang 2025"}]},{"@type":"WebSite","@id":"https:\/\/www.bcicentral.com\/#website","url":"https:\/\/www.bcicentral.com\/","name":"LeadManager - A Hubexo Product","description":"T\u0103ng c\u01b0\u1eddng b\u00e1n h\u00e0ng th\u00e0nh c\u00f4ng v\u1edbi c\u00e1c gi\u1ea3i ph\u00e1p ph\u1ea7n m\u1ec1m &amp; d\u1eef li\u1ec7u x\u00e2y d\u1ef1ng.","publisher":{"@id":"https:\/\/www.bcicentral.com\/#organization"},"alternateName":"LeadManager","potentialAction":[{"@type":"SearchAction","target":{"@type":"EntryPoint","urlTemplate":"https:\/\/www.bcicentral.com\/?s={search_term_string}"},"query-input":{"@type":"PropertyValueSpecification","valueRequired":true,"valueName":"search_term_string"}}],"inLanguage":"vi"},{"@type":"Organization","@id":"https:\/\/www.bcicentral.com\/#organization","name":"LeadManager","alternateName":"LeadManager","url":"https:\/\/www.bcicentral.com\/","logo":{"@type":"ImageObject","inLanguage":"vi","@id":"https:\/\/www.bcicentral.com\/#\/schema\/logo\/image\/","url":"https:\/\/www.bcicentral.com\/wp-content\/uploads\/2024\/11\/cropped-Interim-Brandmark-BCI-Central-small-RGB.png","contentUrl":"https:\/\/www.bcicentral.com\/wp-content\/uploads\/2024\/11\/cropped-Interim-Brandmark-BCI-Central-small-RGB.png","width":512,"height":512,"caption":"LeadManager"},"image":{"@id":"https:\/\/www.bcicentral.com\/#\/schema\/logo\/image\/"},"sameAs":["https:\/\/www.facebook.com\/bcicentral.group","https:\/\/x.com\/BCICentralAU","https:\/\/www.instagram.com\/bcicentral\/","https:\/\/www.linkedin.com\/company\/bcicentral\/"]}]}},"_links":{"self":[{"href":"https:\/\/www.bcicentral.com\/vi\/wp-json\/wp\/v2\/pages\/87302","targetHints":{"allow":["GET"]}}],"collection":[{"href":"https:\/\/www.bcicentral.com\/vi\/wp-json\/wp\/v2\/pages"}],"about":[{"href":"https:\/\/www.bcicentral.com\/vi\/wp-json\/wp\/v2\/types\/page"}],"author":[{"embeddable":true,"href":"https:\/\/www.bcicentral.com\/vi\/wp-json\/wp\/v2\/users\/9920"}],"replies":[{"embeddable":true,"href":"https:\/\/www.bcicentral.com\/vi\/wp-json\/wp\/v2\/comments?post=87302"}],"version-history":[{"count":0,"href":"https:\/\/www.bcicentral.com\/vi\/wp-json\/wp\/v2\/pages\/87302\/revisions"}],"wp:attachment":[{"href":"https:\/\/www.bcicentral.com\/vi\/wp-json\/wp\/v2\/media?parent=87302"}],"curies":[{"name":"wp","href":"https:\/\/api.w.org\/{rel}","templated":true}]}}