{"id":87766,"date":"2023-10-19T06:07:44","date_gmt":"2023-10-19T06:07:44","guid":{"rendered":"https:\/\/www.bcicentral.com\/subcontractors-2\/"},"modified":"2023-12-22T13:21:26","modified_gmt":"2023-12-22T02:21:26","slug":"mining-oil-gas-and-energy-renewable-resources","status":"publish","type":"page","link":"https:\/\/www.bcicentral.com\/vi\/mining-oil-gas-and-energy-renewable-resources\/","title":{"rendered":"Mining Oil Gas and Renewable Resources"},"content":{"rendered":"<div id=\"cs-content\" class=\"cs-content\"><\/div>","protected":false},"excerpt":{"rendered":"<p>Mining, Oil and Gas | Energy | Power Generation Suppliers and Service ProvidersIdentify unique opportunities at every stage of a project\u2019s lifecycle: from early scoping studies and feasibility, through to &#8230; <\/p>\n<div><a href=\"https:\/\/www.bcicentral.com\/vi\/mining-oil-gas-and-energy-renewable-resources\/\" class=\"more-link\">\u0110\u1ecdc th\u00eam<\/a><\/div>","protected":false},"author":9913,"featured_media":0,"parent":0,"menu_order":0,"comment_status":"closed","ping_status":"closed","template":"template-blank-4.php","meta":{"_acf_changed":false,"content-type":"","footnotes":""},"class_list":["post-87766","page","type-page","status-publish","hentry","no-post-thumbnail"],"acf":[],"yoast_head":"<!-- This site is optimized with the Yoast SEO plugin v26.8 - https:\/\/yoast.com\/product\/yoast-seo-wordpress\/ -->\n<title>Mining Oil Gas and Renewable Resources | LeadManager (formerly BCI Central)<\/title>\n<meta name=\"description\" content=\"Discover how our clients in the mining, oil and gas sector use BCI LeadManager. Get valuable mining &amp; resources project data today.\" \/>\n<meta name=\"robots\" content=\"index, follow, max-snippet:-1, max-image-preview:large, max-video-preview:-1\" \/>\n<link rel=\"canonical\" href=\"https:\/\/www.bcicentral.com\/vi\/mining-oil-gas-and-energy-renewable-resources\/\" \/>\n<meta property=\"og:locale\" content=\"vi_VN\" \/>\n<meta property=\"og:type\" content=\"article\" \/>\n<meta property=\"og:title\" content=\"Mining Oil Gas and Renewable Resources | LeadManager (formerly BCI Central)\" \/>\n<meta property=\"og:description\" content=\"Discover how our clients in the mining, oil and gas sector use BCI LeadManager. Get valuable mining &amp; resources project data today.\" \/>\n<meta property=\"og:url\" content=\"https:\/\/www.bcicentral.com\/vi\/mining-oil-gas-and-energy-renewable-resources\/\" \/>\n<meta property=\"og:site_name\" content=\"LeadManager (formerly BCI Central)\" \/>\n<meta property=\"article:publisher\" content=\"https:\/\/www.facebook.com\/bcicentral.group\" \/>\n<meta property=\"article:modified_time\" content=\"2023-12-22T02:21:26+00:00\" \/>\n<meta property=\"og:image\" content=\"https:\/\/www.bcicentral.com\/wp-content\/uploads\/2023\/11\/resource-graphic-with-power-01.svg\" \/>\n<meta name=\"twitter:card\" content=\"summary_large_image\" \/>\n<meta name=\"twitter:site\" content=\"@BCICentralAU\" \/>\n<meta name=\"twitter:label1\" content=\"\u01af\u1edbc t\u00ednh th\u1eddi gian \u0111\u1ecdc\" \/>\n\t<meta name=\"twitter:data1\" content=\"2 ph\u00fat\" \/>\n<script type=\"application\/ld+json\" class=\"yoast-schema-graph\">{\"@context\":\"https:\/\/schema.org\",\"@graph\":[{\"@type\":\"WebPage\",\"@id\":\"https:\/\/www.bcicentral.com\/mining-oil-gas-and-energy-renewable-resources\/\",\"url\":\"https:\/\/www.bcicentral.com\/mining-oil-gas-and-energy-renewable-resources\/\",\"name\":\"Mining Oil Gas and Renewable Resources | LeadManager (formerly BCI Central)\",\"isPartOf\":{\"@id\":\"https:\/\/www.bcicentral.com\/#website\"},\"primaryImageOfPage\":{\"@id\":\"https:\/\/www.bcicentral.com\/mining-oil-gas-and-energy-renewable-resources\/#primaryimage\"},\"image\":{\"@id\":\"https:\/\/www.bcicentral.com\/mining-oil-gas-and-energy-renewable-resources\/#primaryimage\"},\"thumbnailUrl\":\"https:\/\/www.bcicentral.com\/wp-content\/uploads\/2023\/11\/resource-graphic-with-power-01.svg\",\"datePublished\":\"2023-10-19T06:07:44+00:00\",\"dateModified\":\"2023-12-22T02:21:26+00:00\",\"description\":\"Discover how our clients in the mining, oil and gas sector use BCI LeadManager. Get valuable mining & resources project data today.\",\"breadcrumb\":{\"@id\":\"https:\/\/www.bcicentral.com\/mining-oil-gas-and-energy-renewable-resources\/#breadcrumb\"},\"inLanguage\":\"vi\",\"potentialAction\":[{\"@type\":\"ReadAction\",\"target\":[\"https:\/\/www.bcicentral.com\/mining-oil-gas-and-energy-renewable-resources\/\"]}]},{\"@type\":\"ImageObject\",\"inLanguage\":\"vi\",\"@id\":\"https:\/\/www.bcicentral.com\/mining-oil-gas-and-energy-renewable-resources\/#primaryimage\",\"url\":\"https:\/\/www.bcicentral.com\/wp-content\/uploads\/2023\/11\/resource-graphic-with-power-01.svg\",\"contentUrl\":\"https:\/\/www.bcicentral.com\/wp-content\/uploads\/2023\/11\/resource-graphic-with-power-01.svg\"},{\"@type\":\"BreadcrumbList\",\"@id\":\"https:\/\/www.bcicentral.com\/mining-oil-gas-and-energy-renewable-resources\/#breadcrumb\",\"itemListElement\":[{\"@type\":\"ListItem\",\"position\":1,\"name\":\"Home\",\"item\":\"https:\/\/www.bcicentral.com\/\"},{\"@type\":\"ListItem\",\"position\":2,\"name\":\"Mining Oil Gas and Renewable Resources\"}]},{\"@type\":\"WebSite\",\"@id\":\"https:\/\/www.bcicentral.com\/#website\",\"url\":\"https:\/\/www.bcicentral.com\/\",\"name\":\"LeadManager - A Hubexo Product\",\"description\":\"Enabling sales success with construction data &amp; software solutions.\",\"publisher\":{\"@id\":\"https:\/\/www.bcicentral.com\/#organization\"},\"alternateName\":\"LeadManager\",\"potentialAction\":[{\"@type\":\"SearchAction\",\"target\":{\"@type\":\"EntryPoint\",\"urlTemplate\":\"https:\/\/www.bcicentral.com\/?s={search_term_string}\"},\"query-input\":{\"@type\":\"PropertyValueSpecification\",\"valueRequired\":true,\"valueName\":\"search_term_string\"}}],\"inLanguage\":\"vi\"},{\"@type\":\"Organization\",\"@id\":\"https:\/\/www.bcicentral.com\/#organization\",\"name\":\"LeadManager\",\"alternateName\":\"LeadManager\",\"url\":\"https:\/\/www.bcicentral.com\/\",\"logo\":{\"@type\":\"ImageObject\",\"inLanguage\":\"vi\",\"@id\":\"https:\/\/www.bcicentral.com\/#\/schema\/logo\/image\/\",\"url\":\"https:\/\/www.bcicentral.com\/wp-content\/uploads\/2024\/11\/cropped-Interim-Brandmark-BCI-Central-small-RGB.png\",\"contentUrl\":\"https:\/\/www.bcicentral.com\/wp-content\/uploads\/2024\/11\/cropped-Interim-Brandmark-BCI-Central-small-RGB.png\",\"width\":512,\"height\":512,\"caption\":\"LeadManager\"},\"image\":{\"@id\":\"https:\/\/www.bcicentral.com\/#\/schema\/logo\/image\/\"},\"sameAs\":[\"https:\/\/www.facebook.com\/bcicentral.group\",\"https:\/\/x.com\/BCICentralAU\",\"https:\/\/www.instagram.com\/bcicentral\/\",\"https:\/\/www.linkedin.com\/company\/bcicentral\/\"]}]}<\/script>\n<!-- \/ Yoast SEO plugin. -->","yoast_head_json":{"title":"Mining Oil Gas and Renewable Resources | LeadManager (formerly BCI Central)","description":"Discover how our clients in the mining, oil and gas sector use BCI LeadManager. Get valuable mining & resources project data today.","robots":{"index":"index","follow":"follow","max-snippet":"max-snippet:-1","max-image-preview":"max-image-preview:large","max-video-preview":"max-video-preview:-1"},"canonical":"https:\/\/www.bcicentral.com\/vi\/mining-oil-gas-and-energy-renewable-resources\/","og_locale":"vi_VN","og_type":"article","og_title":"Mining Oil Gas and Renewable Resources | LeadManager (formerly BCI Central)","og_description":"Discover how our clients in the mining, oil and gas sector use BCI LeadManager. Get valuable mining & resources project data today.","og_url":"https:\/\/www.bcicentral.com\/vi\/mining-oil-gas-and-energy-renewable-resources\/","og_site_name":"LeadManager (formerly BCI Central)","article_publisher":"https:\/\/www.facebook.com\/bcicentral.group","article_modified_time":"2023-12-22T02:21:26+00:00","og_image":[{"url":"https:\/\/www.bcicentral.com\/wp-content\/uploads\/2023\/11\/resource-graphic-with-power-01.svg","type":"","width":"","height":""}],"twitter_card":"summary_large_image","twitter_site":"@BCICentralAU","twitter_misc":{"\u01af\u1edbc t\u00ednh th\u1eddi gian \u0111\u1ecdc":"2 ph\u00fat"},"schema":{"@context":"https:\/\/schema.org","@graph":[{"@type":"WebPage","@id":"https:\/\/www.bcicentral.com\/mining-oil-gas-and-energy-renewable-resources\/","url":"https:\/\/www.bcicentral.com\/mining-oil-gas-and-energy-renewable-resources\/","name":"Mining Oil Gas and Renewable Resources | LeadManager (formerly BCI Central)","isPartOf":{"@id":"https:\/\/www.bcicentral.com\/#website"},"primaryImageOfPage":{"@id":"https:\/\/www.bcicentral.com\/mining-oil-gas-and-energy-renewable-resources\/#primaryimage"},"image":{"@id":"https:\/\/www.bcicentral.com\/mining-oil-gas-and-energy-renewable-resources\/#primaryimage"},"thumbnailUrl":"https:\/\/www.bcicentral.com\/wp-content\/uploads\/2023\/11\/resource-graphic-with-power-01.svg","datePublished":"2023-10-19T06:07:44+00:00","dateModified":"2023-12-22T02:21:26+00:00","description":"Discover how our clients in the mining, oil and gas sector use BCI LeadManager. Get valuable mining & resources project data today.","breadcrumb":{"@id":"https:\/\/www.bcicentral.com\/mining-oil-gas-and-energy-renewable-resources\/#breadcrumb"},"inLanguage":"vi","potentialAction":[{"@type":"ReadAction","target":["https:\/\/www.bcicentral.com\/mining-oil-gas-and-energy-renewable-resources\/"]}]},{"@type":"ImageObject","inLanguage":"vi","@id":"https:\/\/www.bcicentral.com\/mining-oil-gas-and-energy-renewable-resources\/#primaryimage","url":"https:\/\/www.bcicentral.com\/wp-content\/uploads\/2023\/11\/resource-graphic-with-power-01.svg","contentUrl":"https:\/\/www.bcicentral.com\/wp-content\/uploads\/2023\/11\/resource-graphic-with-power-01.svg"},{"@type":"BreadcrumbList","@id":"https:\/\/www.bcicentral.com\/mining-oil-gas-and-energy-renewable-resources\/#breadcrumb","itemListElement":[{"@type":"ListItem","position":1,"name":"Home","item":"https:\/\/www.bcicentral.com\/"},{"@type":"ListItem","position":2,"name":"Mining Oil Gas and Renewable Resources"}]},{"@type":"WebSite","@id":"https:\/\/www.bcicentral.com\/#website","url":"https:\/\/www.bcicentral.com\/","name":"LeadManager - A Hubexo Product","description":"T\u0103ng c\u01b0\u1eddng b\u00e1n h\u00e0ng th\u00e0nh c\u00f4ng v\u1edbi c\u00e1c gi\u1ea3i ph\u00e1p ph\u1ea7n m\u1ec1m &amp; d\u1eef li\u1ec7u x\u00e2y d\u1ef1ng.","publisher":{"@id":"https:\/\/www.bcicentral.com\/#organization"},"alternateName":"LeadManager","potentialAction":[{"@type":"SearchAction","target":{"@type":"EntryPoint","urlTemplate":"https:\/\/www.bcicentral.com\/?s={search_term_string}"},"query-input":{"@type":"PropertyValueSpecification","valueRequired":true,"valueName":"search_term_string"}}],"inLanguage":"vi"},{"@type":"Organization","@id":"https:\/\/www.bcicentral.com\/#organization","name":"LeadManager","alternateName":"LeadManager","url":"https:\/\/www.bcicentral.com\/","logo":{"@type":"ImageObject","inLanguage":"vi","@id":"https:\/\/www.bcicentral.com\/#\/schema\/logo\/image\/","url":"https:\/\/www.bcicentral.com\/wp-content\/uploads\/2024\/11\/cropped-Interim-Brandmark-BCI-Central-small-RGB.png","contentUrl":"https:\/\/www.bcicentral.com\/wp-content\/uploads\/2024\/11\/cropped-Interim-Brandmark-BCI-Central-small-RGB.png","width":512,"height":512,"caption":"LeadManager"},"image":{"@id":"https:\/\/www.bcicentral.com\/#\/schema\/logo\/image\/"},"sameAs":["https:\/\/www.facebook.com\/bcicentral.group","https:\/\/x.com\/BCICentralAU","https:\/\/www.instagram.com\/bcicentral\/","https:\/\/www.linkedin.com\/company\/bcicentral\/"]}]}},"_links":{"self":[{"href":"https:\/\/www.bcicentral.com\/vi\/wp-json\/wp\/v2\/pages\/87766","targetHints":{"allow":["GET"]}}],"collection":[{"href":"https:\/\/www.bcicentral.com\/vi\/wp-json\/wp\/v2\/pages"}],"about":[{"href":"https:\/\/www.bcicentral.com\/vi\/wp-json\/wp\/v2\/types\/page"}],"author":[{"embeddable":true,"href":"https:\/\/www.bcicentral.com\/vi\/wp-json\/wp\/v2\/users\/9913"}],"replies":[{"embeddable":true,"href":"https:\/\/www.bcicentral.com\/vi\/wp-json\/wp\/v2\/comments?post=87766"}],"version-history":[{"count":0,"href":"https:\/\/www.bcicentral.com\/vi\/wp-json\/wp\/v2\/pages\/87766\/revisions"}],"wp:attachment":[{"href":"https:\/\/www.bcicentral.com\/vi\/wp-json\/wp\/v2\/media?parent=87766"}],"curies":[{"name":"wp","href":"https:\/\/api.w.org\/{rel}","templated":true}]}}