{"id":88903,"date":"2024-03-19T20:49:04","date_gmt":"2024-03-19T09:49:04","guid":{"rendered":"https:\/\/www.bcicentral.com\/?page_id=88903"},"modified":"2025-10-22T17:29:56","modified_gmt":"2025-10-22T06:29:56","slug":"exhibitor-portal-archify-live-manila-2025","status":"publish","type":"page","link":"https:\/\/www.bcicentral.com\/vi\/exhibitor-portal-archify-live-manila-2025\/","title":{"rendered":"Exhibitor Portal &#8211; Archify Live Manila 2025"},"content":{"rendered":"<div id=\"cs-content\" class=\"cs-content\"><div class=\"x-section e88903-e1 m1wlj-0 m1wlj-1\"><div class=\"x-row x-container max width e88903-e2 m1wlj-5 m1wlj-6 m1wlj-7 m1wlj-8 m1wlj-b\"><div class=\"x-row-inner\"><div class=\"x-col e88903-e3 m1wlj-e m1wlj-f m1wlj-4 x-effect-exit\" data-x-effect=\"{&quot;scroll&quot;:true,&quot;offsetTop&quot;:&quot;10%&quot;,&quot;offsetBottom&quot;:&quot;10%&quot;,&quot;behaviorScroll&quot;:&quot;fire-once&quot;,&quot;animationEnter&quot;:&quot;slideInLeft&quot;,&quot;animationExit&quot;:&quot;rollOut&quot;}\"><span class=\"x-image x-hide-lg x-hide-md x-hide-sm x-hide-xl x-hide-xs e88903-e4 m1wlj-i m1wlj-j svg-img\"><img decoding=\"async\" src=\"https:\/\/www.bcicentral.com\/wp-content\/uploads\/2022\/05\/EQ22-LOGO-Black@4x.png\" width=\"1823\" height=\"202\" alt=\"Bi\u1ec3u tr\u01b0ng BCI Equinox 2022\" loading=\"lazy\"><\/span><h2  class=\"h-custom-headline h2\" style=\"margin: 30px 0; font-weight: 300;font-size: 55px;letter-spacing: 0.025em;line-height: 1.13;\"><span>ARCHIFY LIVE MANILA 2025<\/span><\/h2><div class=\"x-text x-content e88903-e6 m1wlj-n m1wlj-o\"><p><strong>Date:<\/strong> Friday, 24th October 2025<br \/>\n<strong>Time:<\/strong> 4:00pm - 10:00pm<br \/>\n<strong>\u0110\u1ecba \u0111i\u1ec3m:<\/strong> Le Pavillon Manila - Events Hall<br \/>\n<strong>\u0110\u1ecba ch\u1ec9 nh\u00e0:<\/strong> EDSA corner Macapagal Boulevard, Metro Park, Bay Area CBD, Pasay, 1226 Metro Manila<br \/>\n<strong>Quy t\u1eafc trang ph\u1ee5c:<\/strong> Smart Casual<\/p><\/div><\/div><div class=\"x-col e88903-e7 m1wlj-e m1wlj-f m1wlj-g\"><span class=\"x-image x-hide-lg x-hide-md x-hide-sm x-hide-xl x-hide-xs e88903-e8 m1wlj-i m1wlj-k m1wlj-l m1wlj-4 x-effect-exit\" data-x-effect=\"{&quot;scroll&quot;:true,&quot;offsetTop&quot;:&quot;10%&quot;,&quot;offsetBottom&quot;:&quot;10%&quot;,&quot;behaviorScroll&quot;:&quot;fire-once&quot;,&quot;animationEnter&quot;:&quot;slideInRight&quot;,&quot;animationExit&quot;:&quot;rollOut&quot;}\"><img decoding=\"async\" src=\"https:\/\/www.bcicentral.com\/wp-content\/uploads\/2021\/09\/Events.svg\" width=\"0\" height=\"0\" alt=\"S\u1ef1 ki\u1ec7n BCI Central\" loading=\"lazy\"><\/span><span class=\"x-image e88903-e9 m1wlj-i m1wlj-k m1wlj-l m1wlj-4 x-effect-exit\" data-x-effect=\"{&quot;scroll&quot;:true,&quot;offsetTop&quot;:&quot;10%&quot;,&quot;offsetBottom&quot;:&quot;10%&quot;,&quot;behaviorScroll&quot;:&quot;fire-once&quot;,&quot;animationEnter&quot;:&quot;slideInRight&quot;,&quot;animationExit&quot;:&quot;rollOut&quot;}\"><img decoding=\"async\" src=\"https:\/\/www.bcicentral.com\/wp-content\/uploads\/2025\/01\/AL25-Asia-Archify-Event-Website-09.png\" width=\"3167\" height=\"1875\" alt=\"H\u00ecnh \u1ea3nh\" loading=\"lazy\"><\/span><\/div><\/div><\/div><\/div><div class=\"x-section e88903-e10 m1wlj-0 m1wlj-2\"><div class=\"x-row x-container max width e88903-e11 m1wlj-5 m1wlj-6 m1wlj-9 m1wlj-c\"><div class=\"x-row-inner\"><div class=\"x-col e88903-e12 m1wlj-e m1wlj-f\"><div class=\"x-text x-text-headline e88903-e13 m1wlj-q m1wlj-r m1wlj-s m1wlj-t\"><div class=\"x-text-content\"><div class=\"x-text-content-text\"><h2 class=\"x-text-content-text-primary\"><strong>Welcome to the Archify Live Manila Exhibitor Portal<\/strong><br \/>Below you'll find everything you need to participate in our event.<\/h2>\n<\/div><\/div><\/div><\/div><\/div><\/div><\/div><div class=\"x-section e88903-e14 m1wlj-0 m1wlj-3\"><div class=\"x-row x-container max width e88903-e15 m1wlj-5 m1wlj-7 m1wlj-a m1wlj-d exhibitor-portal equinox\"><div class=\"x-row-inner\"><div class=\"x-col e88903-e16 m1wlj-e m1wlj-h equinoxMY_btns_row\"><span class=\"x-image e88903-e17 m1wlj-i m1wlj-l m1wlj-m\"><img decoding=\"async\" src=\"https:\/\/www.bcicentral.com\/wp-content\/uploads\/2022\/09\/Key-event-info-and-dates.svg\" width=\"0\" height=\"0\" alt=\"Event Notification Icon\" loading=\"lazy\"><\/span><div class=\"x-text x-text-headline e88903-e18 m1wlj-s m1wlj-t m1wlj-u\"><div class=\"x-text-content\"><div class=\"x-text-content-text\"><h1 class=\"x-text-content-text-primary\">Key Information<\/h1>\n<\/div><\/div><\/div><div class=\"x-text x-content x-hide-lg x-hide-md x-hide-sm x-hide-xl x-hide-xs e88903-e19 m1wlj-n m1wlj-p\">Event Contact Details, Key Dates, Venue Access Times, Venue Loading and Unloading, Booth Guidelines, Service Lift Information & Car Park<\/div><a href=\"https:\/\/www.dropbox.com\/scl\/fi\/1h0nku2y0ruvuz96fh4ry\/AL25-Key-Event-Information-Manila.pdf?rlkey=ubknhfso6ki1bi8rfl6qw1bye&amp;st=cotqpfdi&amp;dl=0\" target=\"_blank\" rel=\"noopener noreferrer\" class=\"x-text x-text-headline x-hide-lg x-hide-md x-hide-sm x-hide-xl x-hide-xs e88903-e20 m1wlj-r m1wlj-s m1wlj-v\"><div class=\"x-text-content\"><div class=\"x-text-content-text\"><h2 class=\"x-text-content-text-primary\">xem chi ti\u1ebft<\/h2>\n<\/div><\/div><\/a><\/div><div class=\"x-col e88903-e21 m1wlj-e m1wlj-h equinoxMY_btns_row\"><span class=\"x-image e88903-e22 m1wlj-i m1wlj-l m1wlj-m\"><img decoding=\"async\" src=\"https:\/\/www.bcicentral.com\/wp-content\/uploads\/2022\/09\/Exhibitor-Guide.svg\" width=\"0\" height=\"0\" alt=\"Exhibitor Guide Icon\" loading=\"lazy\"><\/span><div class=\"x-text x-text-headline e88903-e23 m1wlj-s m1wlj-t m1wlj-u\"><div class=\"x-text-content\"><div class=\"x-text-content-text\"><h1 class=\"x-text-content-text-primary\">H\u01b0\u1edbng d\u1eabn vi\u00ean tri\u1ec3n l\u00e3m<\/h1>\n<\/div><\/div><\/div><div class=\"x-text x-content x-hide-lg x-hide-md x-hide-sm x-hide-xl x-hide-xs e88903-e24 m1wlj-n m1wlj-p\">M\u1eb9o d\u00e0nh cho nh\u00e0 tri\u1ec3n l\u00e3m h\u00e0ng \u0111\u1ea7u c\u1ee7a ch\u00fang t\u00f4i, H\u01b0\u1edbng d\u1eabn c\u1ee7a b\u1ea1n v\u1ec1 Equinox, C\u00e1c c\u00e1ch b\u1ed5 sung \u0111\u1ec3 t\u1ea1o t\u00e1c \u0111\u1ed9ng, <\/div><a href=\"https:\/\/www.dropbox.com\/scl\/fi\/4o00bcv1nvf6sfdbx1kj6\/AL25-Exhibitor-Guide.pdf?rlkey=im2omei53ohtpeehhdbqflz6p&amp;st=p4u1oaag&amp;dl=0\" target=\"_blank\" rel=\"noopener noreferrer\" class=\"x-text x-text-headline x-hide-lg x-hide-md x-hide-sm x-hide-xl x-hide-xs e88903-e25 m1wlj-r m1wlj-s m1wlj-v\"><div class=\"x-text-content\"><div class=\"x-text-content-text\"><h2 class=\"x-text-content-text-primary\">xem chi ti\u1ebft<\/h2>\n<\/div><\/div><\/a><\/div><div class=\"x-col e88903-e26 m1wlj-e m1wlj-h equinoxMY_btns_row\"><span class=\"x-image e88903-e27 m1wlj-i m1wlj-l m1wlj-m\"><img decoding=\"async\" src=\"https:\/\/www.bcicentral.com\/wp-content\/uploads\/2022\/09\/Exhibitor-Name-Tag-Registration.svg\" width=\"0\" height=\"0\" alt=\"Exhibitor Name Tag Registration Icon\" loading=\"lazy\"><\/span><div class=\"x-text x-text-headline e88903-e28 m1wlj-s m1wlj-t m1wlj-u\"><div class=\"x-text-content\"><div class=\"x-text-content-text\"><h1 class=\"x-text-content-text-primary\">\u0110\u0103ng k\u00fd th\u1ebb t\u00ean \u0111\u01a1n v\u1ecb tri\u1ec3n l\u00e3m<\/h1>\n<\/div><\/div><\/div><div class=\"x-text x-content x-hide-lg x-hide-md x-hide-sm x-hide-xl x-hide-xs e88903-e29 m1wlj-n m1wlj-p\">Vui l\u00f2ng \u0111\u0103ng k\u00fd tham d\u1ef1 t\u1ea1i \u0111\u00e2y<\/div><a href=\"https:\/\/exhibitor-archifylive-manila2025.eventbrite.sg\" target=\"_blank\" rel=\"noopener noreferrer\" class=\"x-text x-text-headline x-hide-lg x-hide-md x-hide-sm x-hide-xl x-hide-xs e88903-e30 m1wlj-r m1wlj-s m1wlj-v\"><div class=\"x-text-content\"><div class=\"x-text-content-text\"><h2 class=\"x-text-content-text-primary\">xem chi ti\u1ebft<\/h2>\n<\/div><\/div><\/a><\/div><div class=\"x-col e88903-e31 m1wlj-e m1wlj-h equinoxMY_btns_row\"><span class=\"x-image e88903-e32 m1wlj-i m1wlj-l m1wlj-m\"><img decoding=\"async\" src=\"https:\/\/www.bcicentral.com\/wp-content\/uploads\/2022\/09\/Media-pack-and-guest-invite.svg\" width=\"0\" height=\"0\" alt=\"Media Pack Icon\" loading=\"lazy\"><\/span><div class=\"x-text x-text-headline e88903-e33 m1wlj-s m1wlj-t m1wlj-u\"><div class=\"x-text-content\"><div class=\"x-text-content-text\"><h1 class=\"x-text-content-text-primary\">Social Media Pack & Guest Invite<\/h1>\n<\/div><\/div><\/div><div class=\"x-text x-content x-hide-lg x-hide-md x-hide-sm x-hide-xl x-hide-xs e88903-e34 m1wlj-n m1wlj-p\">Please download the Media Pack for Equinox here. Feel free to share these on your business pages in the lead up to the event. <\/div><a href=\"https:\/\/www.dropbox.com\/scl\/fo\/llt0ok6wm2sbqxw3gcd0d\/AOVl3HBPB7fvha3mMLcDIC4?rlkey=bfc655r53ropo1yf25824njs1&amp;st=72w055bj&amp;dl=0\" class=\"x-text x-text-headline x-hide-lg x-hide-md x-hide-sm x-hide-xl x-hide-xs e88903-e35 m1wlj-r m1wlj-s m1wlj-v\"><div class=\"x-text-content\"><div class=\"x-text-content-text\"><h2 class=\"x-text-content-text-primary\">xem chi ti\u1ebft<\/h2>\n<\/div><\/div><\/a><\/div><div class=\"x-col e88903-e36 m1wlj-e m1wlj-h equinoxMY_btns_row\"><span class=\"x-image e88903-e37 m1wlj-i m1wlj-l m1wlj-m\"><img decoding=\"async\" src=\"https:\/\/www.bcicentral.com\/wp-content\/uploads\/2022\/09\/Floor-Plan.svg\" width=\"0\" height=\"0\" alt=\"Floor Plan Icon\" loading=\"lazy\"><\/span><div class=\"x-text x-text-headline e88903-e38 m1wlj-s m1wlj-t m1wlj-u\"><div class=\"x-text-content\"><div class=\"x-text-content-text\"><h1 class=\"x-text-content-text-primary\">Floor Plan & Venue Details<\/h1>\n<\/div><\/div><\/div><div class=\"x-text x-content x-hide-lg x-hide-md x-hide-sm x-hide-xl x-hide-xs e88903-e39 m1wlj-n m1wlj-p\">Floor PlanVenue layout, Venue details, Venue Loading and Unloading<\/div><a href=\"https:\/\/www.dropbox.com\/scl\/fo\/5ca3so2m8dqy58yl6x1ee\/ADNWENKV0dD3lEKcTUhB64E?rlkey=ugpu5bd0kqkibfztvedf9xt8e&amp;st=vwcoirkr&amp;dl=0\" class=\"x-text x-text-headline x-hide-lg x-hide-md x-hide-sm x-hide-xl x-hide-xs e88903-e40 m1wlj-r m1wlj-s m1wlj-v\"><div class=\"x-text-content\"><div class=\"x-text-content-text\"><h2 class=\"x-text-content-text-primary\">xem chi ti\u1ebft<\/h2>\n<\/div><\/div><\/a><\/div><div class=\"x-col e88903-e41 m1wlj-e m1wlj-h equinoxMY_btns_row\"><span class=\"x-image e88903-e42 m1wlj-i m1wlj-l m1wlj-m\"><img decoding=\"async\" src=\"https:\/\/www.bcicentral.com\/wp-content\/uploads\/2022\/09\/Event-Programme.svg\" width=\"0\" height=\"0\" alt=\"Event Programme Icon\" loading=\"lazy\"><\/span><div class=\"x-text x-text-headline e88903-e43 m1wlj-s m1wlj-t m1wlj-u\"><div class=\"x-text-content\"><div class=\"x-text-content-text\"><h1 class=\"x-text-content-text-primary\">Ch\u01b0\u01a1ng tr\u00ecnh s\u1ef1 ki\u1ec7n<\/h1>\n<\/div><\/div><\/div><div class=\"x-text x-content x-hide-lg x-hide-md x-hide-sm x-hide-xl x-hide-xs e88903-e44 m1wlj-n m1wlj-p\">S\u1ef1 ki\u1ec7n Rundown<\/div><a href=\"https:\/\/www.dropbox.com\/scl\/fi\/usc8aj328d4i59zbq1gdx\/AL25-Manila-Rundown.pdf?rlkey=4r584z88dc9j6gx2ui6f40cy7&amp;st=qqao2hnx&amp;dl=0\" class=\"x-text x-text-headline x-hide-lg x-hide-md x-hide-sm x-hide-xl x-hide-xs e88903-e45 m1wlj-r m1wlj-s m1wlj-v\"><div class=\"x-text-content\"><div class=\"x-text-content-text\"><h2 class=\"x-text-content-text-primary\">xem chi ti\u1ebft<\/h2>\n<\/div><\/div><\/a><\/div><div class=\"x-col x-hide-lg x-hide-md x-hide-sm x-hide-xl x-hide-xs e88903-e46 m1wlj-e m1wlj-h equinoxMY_btns_row\"><a href=\"https:\/\/www.bcicentral.com\/wp-content\/uploads\/2022\/10\/EQ22-KL-Floor-plan.pdf\" class=\"x-text x-text-headline e88903-e48 m1wlj-s m1wlj-t m1wlj-u\"><div class=\"x-text-content\"><div class=\"x-text-content-text\"><h1 class=\"x-text-content-text-primary\"><\/h1>\n<\/div><\/div><\/a><div class=\"x-text x-content x-hide-lg x-hide-md x-hide-sm x-hide-xl x-hide-xs e88903-e49 m1wlj-n m1wlj-p\"><\/div><a href=\"https:\/\/www.bcicentral.com\/wp-content\/uploads\/2022\/10\/EQ22-KL-Floor-plan_2.pdf\" class=\"x-text x-text-headline x-hide-lg x-hide-md x-hide-sm x-hide-xl x-hide-xs e88903-e50 m1wlj-r m1wlj-s m1wlj-v\"><div class=\"x-text-content\"><div class=\"x-text-content-text\"><h2 class=\"x-text-content-text-primary\"><\/h2>\n<\/div><\/div><\/a><\/div><\/div><\/div><\/div><\/div>","protected":false},"excerpt":{"rendered":"<p>ARCHIFY LIVE MANILA 2025Date: Friday, 24th October 2025 Time: 4:00pm &#8211; 10:00pm Venue: Le Pavillon Manila &#8211; Events Hall Address: EDSA corner Macapagal Boulevard, Metro Park, Bay Area CBD, Pasay, &#8230; <\/p>\n<div><a href=\"https:\/\/www.bcicentral.com\/vi\/exhibitor-portal-archify-live-manila-2025\/\" class=\"more-link\">\u0110\u1ecdc th\u00eam<\/a><\/div>","protected":false},"author":9902,"featured_media":0,"parent":0,"menu_order":0,"comment_status":"closed","ping_status":"closed","template":"template-blank-4.php","meta":{"_acf_changed":false,"content-type":"","footnotes":""},"class_list":["post-88903","page","type-page","status-publish","hentry","no-post-thumbnail"],"acf":[],"yoast_head":"<!-- This site is optimized with the Yoast SEO plugin v26.8 - https:\/\/yoast.com\/product\/yoast-seo-wordpress\/ -->\n<title>Exhibitor Portal - Archify Live Manila 2025 | LeadManager (formerly BCI Central)<\/title>\n<meta name=\"description\" content=\"Welcome on board to Equinox! Please find all key event information below to get the most out of your Equinox experience.\" \/>\n<meta name=\"robots\" content=\"index, follow, max-snippet:-1, max-image-preview:large, max-video-preview:-1\" \/>\n<link rel=\"canonical\" href=\"https:\/\/www.bcicentral.com\/vi\/exhibitor-portal-archify-live-manila-2025\/\" \/>\n<meta property=\"og:locale\" content=\"vi_VN\" \/>\n<meta property=\"og:type\" content=\"article\" \/>\n<meta property=\"og:title\" content=\"Exhibitor Portal - Archify Live Manila 2025 | LeadManager (formerly BCI Central)\" \/>\n<meta property=\"og:description\" content=\"Welcome on board to Equinox! Please find all key event information below to get the most out of your Equinox experience.\" \/>\n<meta property=\"og:url\" content=\"https:\/\/www.bcicentral.com\/vi\/exhibitor-portal-archify-live-manila-2025\/\" \/>\n<meta property=\"og:site_name\" content=\"LeadManager (formerly BCI Central)\" \/>\n<meta property=\"article:publisher\" content=\"https:\/\/www.facebook.com\/bcicentral.group\" \/>\n<meta property=\"article:modified_time\" content=\"2025-10-22T06:29:56+00:00\" \/>\n<meta property=\"og:image\" content=\"https:\/\/www.bcicentral.com\/wp-content\/uploads\/2024\/11\/cropped-Interim-Brandmark-BCI-Central-small-RGB.png\" \/>\n\t<meta property=\"og:image:width\" content=\"512\" \/>\n\t<meta property=\"og:image:height\" content=\"512\" \/>\n\t<meta property=\"og:image:type\" content=\"image\/png\" \/>\n<meta name=\"twitter:card\" content=\"summary_large_image\" \/>\n<meta name=\"twitter:site\" content=\"@BCICentralAU\" \/>\n<meta name=\"twitter:label1\" content=\"\u01af\u1edbc t\u00ednh th\u1eddi gian \u0111\u1ecdc\" \/>\n\t<meta name=\"twitter:data1\" content=\"3 ph\u00fat\" \/>\n<script type=\"application\/ld+json\" class=\"yoast-schema-graph\">{\"@context\":\"https:\/\/schema.org\",\"@graph\":[{\"@type\":\"WebPage\",\"@id\":\"https:\/\/www.bcicentral.com\/exhibitor-portal-archify-live-manila-2025\/\",\"url\":\"https:\/\/www.bcicentral.com\/exhibitor-portal-archify-live-manila-2025\/\",\"name\":\"Exhibitor Portal - Archify Live Manila 2025 | LeadManager (formerly BCI Central)\",\"isPartOf\":{\"@id\":\"https:\/\/www.bcicentral.com\/#website\"},\"datePublished\":\"2024-03-19T09:49:04+00:00\",\"dateModified\":\"2025-10-22T06:29:56+00:00\",\"description\":\"Welcome on board to Equinox! Please find all key event information below to get the most out of your Equinox experience.\",\"breadcrumb\":{\"@id\":\"https:\/\/www.bcicentral.com\/exhibitor-portal-archify-live-manila-2025\/#breadcrumb\"},\"inLanguage\":\"vi\",\"potentialAction\":[{\"@type\":\"ReadAction\",\"target\":[\"https:\/\/www.bcicentral.com\/exhibitor-portal-archify-live-manila-2025\/\"]}]},{\"@type\":\"BreadcrumbList\",\"@id\":\"https:\/\/www.bcicentral.com\/exhibitor-portal-archify-live-manila-2025\/#breadcrumb\",\"itemListElement\":[{\"@type\":\"ListItem\",\"position\":1,\"name\":\"Home\",\"item\":\"https:\/\/www.bcicentral.com\/\"},{\"@type\":\"ListItem\",\"position\":2,\"name\":\"Exhibitor Portal &#8211; Archify Live Manila 2025\"}]},{\"@type\":\"WebSite\",\"@id\":\"https:\/\/www.bcicentral.com\/#website\",\"url\":\"https:\/\/www.bcicentral.com\/\",\"name\":\"LeadManager - A Hubexo Product\",\"description\":\"Enabling sales success with construction data &amp; software solutions.\",\"publisher\":{\"@id\":\"https:\/\/www.bcicentral.com\/#organization\"},\"alternateName\":\"LeadManager\",\"potentialAction\":[{\"@type\":\"SearchAction\",\"target\":{\"@type\":\"EntryPoint\",\"urlTemplate\":\"https:\/\/www.bcicentral.com\/?s={search_term_string}\"},\"query-input\":{\"@type\":\"PropertyValueSpecification\",\"valueRequired\":true,\"valueName\":\"search_term_string\"}}],\"inLanguage\":\"vi\"},{\"@type\":\"Organization\",\"@id\":\"https:\/\/www.bcicentral.com\/#organization\",\"name\":\"LeadManager\",\"alternateName\":\"LeadManager\",\"url\":\"https:\/\/www.bcicentral.com\/\",\"logo\":{\"@type\":\"ImageObject\",\"inLanguage\":\"vi\",\"@id\":\"https:\/\/www.bcicentral.com\/#\/schema\/logo\/image\/\",\"url\":\"https:\/\/www.bcicentral.com\/wp-content\/uploads\/2024\/11\/cropped-Interim-Brandmark-BCI-Central-small-RGB.png\",\"contentUrl\":\"https:\/\/www.bcicentral.com\/wp-content\/uploads\/2024\/11\/cropped-Interim-Brandmark-BCI-Central-small-RGB.png\",\"width\":512,\"height\":512,\"caption\":\"LeadManager\"},\"image\":{\"@id\":\"https:\/\/www.bcicentral.com\/#\/schema\/logo\/image\/\"},\"sameAs\":[\"https:\/\/www.facebook.com\/bcicentral.group\",\"https:\/\/x.com\/BCICentralAU\",\"https:\/\/www.instagram.com\/bcicentral\/\",\"https:\/\/www.linkedin.com\/company\/bcicentral\/\"]}]}<\/script>\n<!-- \/ Yoast SEO plugin. -->","yoast_head_json":{"title":"Exhibitor Portal - Archify Live Manila 2025 | LeadManager (formerly BCI Central)","description":"Ch\u00e0o m\u1eebng b\u1ea1n \u0111\u1ebfn v\u1edbi Equinox! Vui l\u00f2ng t\u00ecm t\u1ea5t c\u1ea3 th\u00f4ng tin s\u1ef1 ki\u1ec7n ch\u00ednh b\u00ean d\u01b0\u1edbi \u0111\u1ec3 t\u1eadn d\u1ee5ng t\u1ed1i \u0111a tr\u1ea3i nghi\u1ec7m Equinox c\u1ee7a b\u1ea1n.","robots":{"index":"index","follow":"follow","max-snippet":"max-snippet:-1","max-image-preview":"max-image-preview:large","max-video-preview":"max-video-preview:-1"},"canonical":"https:\/\/www.bcicentral.com\/vi\/exhibitor-portal-archify-live-manila-2025\/","og_locale":"vi_VN","og_type":"article","og_title":"Exhibitor Portal - Archify Live Manila 2025 | LeadManager (formerly BCI Central)","og_description":"Welcome on board to Equinox! Please find all key event information below to get the most out of your Equinox experience.","og_url":"https:\/\/www.bcicentral.com\/vi\/exhibitor-portal-archify-live-manila-2025\/","og_site_name":"LeadManager (formerly BCI Central)","article_publisher":"https:\/\/www.facebook.com\/bcicentral.group","article_modified_time":"2025-10-22T06:29:56+00:00","og_image":[{"width":512,"height":512,"url":"https:\/\/www.bcicentral.com\/wp-content\/uploads\/2024\/11\/cropped-Interim-Brandmark-BCI-Central-small-RGB.png","type":"image\/png"}],"twitter_card":"summary_large_image","twitter_site":"@BCICentralAU","twitter_misc":{"\u01af\u1edbc t\u00ednh th\u1eddi gian \u0111\u1ecdc":"3 ph\u00fat"},"schema":{"@context":"https:\/\/schema.org","@graph":[{"@type":"WebPage","@id":"https:\/\/www.bcicentral.com\/exhibitor-portal-archify-live-manila-2025\/","url":"https:\/\/www.bcicentral.com\/exhibitor-portal-archify-live-manila-2025\/","name":"Exhibitor Portal - Archify Live Manila 2025 | LeadManager (formerly BCI Central)","isPartOf":{"@id":"https:\/\/www.bcicentral.com\/#website"},"datePublished":"2024-03-19T09:49:04+00:00","dateModified":"2025-10-22T06:29:56+00:00","description":"Ch\u00e0o m\u1eebng b\u1ea1n \u0111\u1ebfn v\u1edbi Equinox! Vui l\u00f2ng t\u00ecm t\u1ea5t c\u1ea3 th\u00f4ng tin s\u1ef1 ki\u1ec7n ch\u00ednh b\u00ean d\u01b0\u1edbi \u0111\u1ec3 t\u1eadn d\u1ee5ng t\u1ed1i \u0111a tr\u1ea3i nghi\u1ec7m Equinox c\u1ee7a b\u1ea1n.","breadcrumb":{"@id":"https:\/\/www.bcicentral.com\/exhibitor-portal-archify-live-manila-2025\/#breadcrumb"},"inLanguage":"vi","potentialAction":[{"@type":"ReadAction","target":["https:\/\/www.bcicentral.com\/exhibitor-portal-archify-live-manila-2025\/"]}]},{"@type":"BreadcrumbList","@id":"https:\/\/www.bcicentral.com\/exhibitor-portal-archify-live-manila-2025\/#breadcrumb","itemListElement":[{"@type":"ListItem","position":1,"name":"Home","item":"https:\/\/www.bcicentral.com\/"},{"@type":"ListItem","position":2,"name":"Exhibitor Portal &#8211; Archify Live Manila 2025"}]},{"@type":"WebSite","@id":"https:\/\/www.bcicentral.com\/#website","url":"https:\/\/www.bcicentral.com\/","name":"LeadManager - A Hubexo Product","description":"T\u0103ng c\u01b0\u1eddng b\u00e1n h\u00e0ng th\u00e0nh c\u00f4ng v\u1edbi c\u00e1c gi\u1ea3i ph\u00e1p ph\u1ea7n m\u1ec1m &amp; d\u1eef li\u1ec7u x\u00e2y d\u1ef1ng.","publisher":{"@id":"https:\/\/www.bcicentral.com\/#organization"},"alternateName":"LeadManager","potentialAction":[{"@type":"SearchAction","target":{"@type":"EntryPoint","urlTemplate":"https:\/\/www.bcicentral.com\/?s={search_term_string}"},"query-input":{"@type":"PropertyValueSpecification","valueRequired":true,"valueName":"search_term_string"}}],"inLanguage":"vi"},{"@type":"Organization","@id":"https:\/\/www.bcicentral.com\/#organization","name":"LeadManager","alternateName":"LeadManager","url":"https:\/\/www.bcicentral.com\/","logo":{"@type":"ImageObject","inLanguage":"vi","@id":"https:\/\/www.bcicentral.com\/#\/schema\/logo\/image\/","url":"https:\/\/www.bcicentral.com\/wp-content\/uploads\/2024\/11\/cropped-Interim-Brandmark-BCI-Central-small-RGB.png","contentUrl":"https:\/\/www.bcicentral.com\/wp-content\/uploads\/2024\/11\/cropped-Interim-Brandmark-BCI-Central-small-RGB.png","width":512,"height":512,"caption":"LeadManager"},"image":{"@id":"https:\/\/www.bcicentral.com\/#\/schema\/logo\/image\/"},"sameAs":["https:\/\/www.facebook.com\/bcicentral.group","https:\/\/x.com\/BCICentralAU","https:\/\/www.instagram.com\/bcicentral\/","https:\/\/www.linkedin.com\/company\/bcicentral\/"]}]}},"_links":{"self":[{"href":"https:\/\/www.bcicentral.com\/vi\/wp-json\/wp\/v2\/pages\/88903","targetHints":{"allow":["GET"]}}],"collection":[{"href":"https:\/\/www.bcicentral.com\/vi\/wp-json\/wp\/v2\/pages"}],"about":[{"href":"https:\/\/www.bcicentral.com\/vi\/wp-json\/wp\/v2\/types\/page"}],"author":[{"embeddable":true,"href":"https:\/\/www.bcicentral.com\/vi\/wp-json\/wp\/v2\/users\/9902"}],"replies":[{"embeddable":true,"href":"https:\/\/www.bcicentral.com\/vi\/wp-json\/wp\/v2\/comments?post=88903"}],"version-history":[{"count":0,"href":"https:\/\/www.bcicentral.com\/vi\/wp-json\/wp\/v2\/pages\/88903\/revisions"}],"wp:attachment":[{"href":"https:\/\/www.bcicentral.com\/vi\/wp-json\/wp\/v2\/media?parent=88903"}],"curies":[{"name":"wp","href":"https:\/\/api.w.org\/{rel}","templated":true}]}}