{"id":90647,"date":"2025-02-18T17:45:45","date_gmt":"2025-02-18T06:45:45","guid":{"rendered":"https:\/\/www.bcicentral.com\/?page_id=90647"},"modified":"2025-02-20T17:27:35","modified_gmt":"2025-02-20T06:27:35","slug":"spin-for-your-chance-to-win-my","status":"publish","type":"page","link":"https:\/\/www.bcicentral.com\/vi\/spin-for-your-chance-to-win-my\/","title":{"rendered":"Spin for your chance to win"},"content":{"rendered":"<script>\n    var  wofVars={\"ajaxurl\":\"https:\\\/\\\/www.bcicentral.com\\\/wp-admin\\\/admin-ajax.php\",\"baseUrl\":\"https:\\\/\\\/www.bcicentral.com\\\/wp-content\\\/plugins\\\/mabel-wheel-of-fortune\\\/\"};<\/script>\n<div class=\"wof-wheel-standalone\">\n\t<style>\n\t\t\t\tdiv.wof-wheel[data-id=\"90644\"] .wof-fgcolor{ color:#454550;}\n\t\t\t\tdiv.wof-wheel[data-id=\"90644\"] .wof-title em{ color:#ff0000;}\n\t\t\t\tdiv.wof-wheel[data-id=\"90644\"] .wof-form-wrapper button{ color:#ffffff;}\n\t\tdiv.wof-wheel[data-id=\"90644\"] .wof-form-wrapper a.button{ color:#ffffff;}\n\t\t\t\tdiv.wof-wheel[data-id=\"90644\"] .wof-form-wrapper button{ background:#ff0000;}\n\t\tdiv.wof-wheel[data-id=\"90644\"] .wof-form-wrapper a.button{ background:#ff0000;}\n\t\t<\/style>\n\n\n<div\n\tstyle=\"background-color:#f7f7f7;\"\n    \tdata-seq=\"YmFPMU5HZlJVdFFoRCtlbGk2TU43d09NUDJHa0IxNWdMR3FpK0UwT1BKVT0=\"\n\tclass=\"wof-wheel wof-theme-red\"\n\tdata-id=\"90644\" data-options=\"{&quot;appear&quot;:&quot;exit&quot;,&quot;occurance&quot;:&quot;session&quot;,&quot;hideMobile&quot;:true,&quot;hideTablet&quot;:false,&quot;hideDesktop&quot;:false,&quot;sound&quot;:true,&quot;confetti&quot;:true,&quot;plays&quot;:0,&quot;retry&quot;:false}\" data-standalone=\"1\" data-fields=\"[{&quot;placeholder&quot;:&quot;First Name&quot;,&quot;type&quot;:&quot;text&quot;,&quot;required&quot;:false,&quot;id&quot;:&quot;text_1&quot;},{&quot;placeholder&quot;:&quot;Last Name&quot;,&quot;type&quot;:&quot;text&quot;,&quot;required&quot;:false,&quot;id&quot;:&quot;text_2&quot;},{&quot;placeholder&quot;:&quot;Company&quot;,&quot;type&quot;:&quot;text&quot;,&quot;required&quot;:false,&quot;id&quot;:&quot;text_3&quot;},{&quot;placeholder&quot;:&quot;&quot;,&quot;type&quot;:&quot;primary_email&quot;,&quot;required&quot;:true,&quot;id&quot;:&quot;primary_email&quot;},{&quot;placeholder&quot;:&quot;Phone&quot;,&quot;type&quot;:&quot;text&quot;,&quot;required&quot;:false,&quot;id&quot;:&quot;text_4&quot;}]\" data-slice-count=\"10\" data-time=\"7\" data-speed=\"2\" data-pointer=\"1\">\n\t<div class=\"wof-bg\" role=\"img\" aria-label=\"H\u00ecnh n\u1ec1n\"><\/div>\n\t<div class=\"wof-bottom-bg\" role=\"img\" aria-label=\"H\u00ecnh n\u1ec1n\"><\/div>\n\t<div role=\"button\" aria-label=\"G\u1ea7n\" tabindex=\"0\" class=\"wof-close wof-close-icon\">\n\t\t<svg width=\"30\" viewbox=\"0 0 100 100\" xmlns=\"http:\/\/www.w3.org\/2000\/svg\"><path fill=\"#454550\" d=\"M77.6 21.1l-28 28.1-28.1-28.1-1.9 1.9 28 28.1-28 28.1 1.9 1.9L49.6 53l28 28.1 2-1.9-28.1-28.1L79.6 23\"\/><\/svg>\n\t<\/div>\n\t<div class=\"wof-wrapper\">\n\t\t\t\t\t<div class=\"wof-close-wrapper\">\n\t\t\t\t<a class=\"wof-close wof-fgcolor\" href=\"#\">\n\t\t\t\t\tT\u00f4i kh\u00f4ng c\u1ea3m th\u1ea5y may m\u1eafn\t\t\t\t<\/a>\n\t\t\t<\/div>\n\t\t\t\t<div class=\"wof-inner-wrapper\">\n\n\t\t\t<div class=\"wof-left\">\n\t\t\t\t<div class=\"wof-left-inner\">\n                    \t\t\t\t\t<div class=\"wof-pointer\">\n\t\t\t\t\t\t<svg role=\"presentation\" width=\"100%\" height=\"100%\" viewbox=\"0 0 273 147\">\n\t\t\t\t\t\t\t<g>\n\t\t\t\t\t\t\t\t<path fill=\"#454550\" d=\"M196.3 0h10.5l1 .25c10.06 1.9 19.63 5.06 28.1 10.93 11.28 7.55 19.66 18.43 25.12 30.78 1.9 6.4 4.06 12.23 4 19.04-.1 5.3.3 10.7-.34 15.97-2.18 14.1-9.08 27.46-19.38 37.33-10.03 10-23.32 16.4-37.33 18.4-4.95.54-10 .3-14.97.3-6.4-.02-13.06-2.82-19.2-4.68-54.98-17.5-109.95-35.08-164.96-52.5C4.7 74.7 2.14 73.33 0 69.5v-6.26c1.47-1.93 2.94-3.95 5.34-4.77C64.47 39.78 123.84 20.77 183 2c4.3-1.15 8.9-1.2 13.3-2z\"\/>\n\t\t\t\t\t\t\t\t\t\t\t\t\t\t\t\t\t<path class=\"wof-pointer-shadow\" opacity=\".2\" d=\"M261.02 41.96c6.74 9.2 10.54 20.04 11.98 31.3V88c-1.9 14.78-8.25 28.63-18.78 39.24-11 11.34-25.83 18.16-41.52 19.78h-12.65c-3.8-.6-7.57-1.4-11.22-2.63C132.4 126.43 76 108.37 19.55 90.5c-3.4-1.22-8.1-1.62-10.12-4.94-2.2-3.14-1.5-6.3-.6-9.73 55.02 17.4 110 35 164.97 52.5 6.14 1.85 12.8 4.65 19.2 4.66 4.97 0 10.02.24 14.97-.3 14-2 27.3-8.4 37.33-18.4 10.3-9.87 17.2-23.24 19.38-37.33.63-5.27.23-10.66.34-15.97.06-6.8-2.1-12.64-4-19.04v.01z\"\/>\n\t\t\t\t\t\t\t\t\t\t\t\t\t\t\t\t<ellipse stroke=\"none\" ry=\"25\" rx=\"25\" cy=\"65\" cx=\"199.124\" fill=\"#ffffff\"\/>\n\t\t\t\t\t\t\t<\/g>\n\t\t\t\t\t\t<\/svg>\n\t\t\t\t\t<\/div>\n\t\t\t\t\t<div class=\"wof-wheel-container\" >\n\t\t\t\t\t\t<div class=\"wof-wheel-bg\">\n\t\t\t\t\t\t\t<div class=\"wof-spinning\">\n\t\t\t\t\t\t\t\t<svg role=\"presentation\" class=\"wof-svg-bg\" xmlns=\"http:\/\/www.w3.org\/2000\/svg\" xmlns:xlink=\"http:\/\/www.w3.org\/1999\/xlink\" viewbox=\"-1 -1 2 2\">\n\t\t\t\t\t\t\t\t\t<g transform=\"rotate(-18 0 0) scale(.89,.89)\">\n\t\t\t\t\t\t\t\t\t<path stroke=\"#ff0000\" stroke-width=\"0.0025\" class=\"wof-slice-bg\" data-slice=\"1\" fill=\"#ff0000\" d=\"M 1 0 A 1 1 0 0 1 0.80901699437495 0.58778525229247 L 0 0\"><\/path><path stroke=\"#ffffff\" stroke-width=\"0.0025\" class=\"wof-slice-bg\" data-slice=\"2\" fill=\"#ffffff\" d=\"M 0.80901699437495 0.58778525229247 A 1 1 0 0 1 0.30901699437495 0.95105651629515 L 0 0\"><\/path><path stroke=\"#ff0000\" stroke-width=\"0.0025\" class=\"wof-slice-bg\" data-slice=\"3\" fill=\"#ff0000\" d=\"M 0.30901699437495 0.95105651629515 A 1 1 0 0 1 -0.30901699437495 0.95105651629515 L 0 0\"><\/path><path stroke=\"#ffffff\" stroke-width=\"0.0025\" class=\"wof-slice-bg\" data-slice=\"4\" fill=\"#ffffff\" d=\"M -0.30901699437495 0.95105651629515 A 1 1 0 0 1 -0.80901699437495 0.58778525229247 L 0 0\"><\/path><path stroke=\"#ff0000\" stroke-width=\"0.0025\" class=\"wof-slice-bg\" data-slice=\"5\" fill=\"#ff0000\" d=\"M -0.80901699437495 0.58778525229247 A 1 1 0 0 1 -1 1.2246467991474E-16 L 0 0\"><\/path><path stroke=\"#ffffff\" stroke-width=\"0.0025\" class=\"wof-slice-bg\" data-slice=\"6\" fill=\"#ffffff\" d=\"M -1 1.2246467991474E-16 A 1 1 0 0 1 -0.80901699437495 -0.58778525229247 L 0 0\"><\/path><path stroke=\"#ff0000\" stroke-width=\"0.0025\" class=\"wof-slice-bg\" data-slice=\"7\" fill=\"#ff0000\" d=\"M -0.80901699437495 -0.58778525229247 A 1 1 0 0 1 -0.30901699437495 -0.95105651629515 L 0 0\"><\/path><path stroke=\"#ffffff\" stroke-width=\"0.0025\" class=\"wof-slice-bg\" data-slice=\"8\" fill=\"#ffffff\" d=\"M -0.30901699437495 -0.95105651629515 A 1 1 0 0 1 0.30901699437495 -0.95105651629515 L 0 0\"><\/path><path stroke=\"#ff0000\" stroke-width=\"0.0025\" class=\"wof-slice-bg\" data-slice=\"9\" fill=\"#ff0000\" d=\"M 0.30901699437495 -0.95105651629515 A 1 1 0 0 1 0.80901699437495 -0.58778525229247 L 0 0\"><\/path><path stroke=\"#ffffff\" stroke-width=\"0.0025\" class=\"wof-slice-bg\" data-slice=\"10\" fill=\"#ffffff\" d=\"M 0.80901699437495 -0.58778525229247 A 1 1 0 0 1 1 -2.4492935982947E-16 L 0 0\"><\/path>\t\t\t\t\t\t\t\t\t<\/g>\n\t\t\t\t\t\t\t\t<\/svg>\n\t\t\t\t\t\t\t<\/div>\n\n\t\t\t\t\t\t\t<svg role=\"presentation\" class=\"wof-svg-wheel\" xmlns=\"http:\/\/www.w3.org\/2000\/svg\" xmlns:xlink=\"http:\/\/www.w3.org\/1999\/xlink\" transform=\"scale(1.022,1.022)\" viewbox=\"0 0 1024 1024\" height=\"100%\" width=\"100%\">\n\t\t\t\t\t\t\t\t\t\t\t\t\t\t\t\t<defs>\n\t\t\t\t\t\t\t\t\t<filter id=\"outer\" height=\"130%\" >\n\t\t\t\t\t\t\t\t\t\t<fegaussianblur in=\"SourceAlpha\" stddeviation=\"0\"><\/fegaussianblur>\n\t\t\t\t\t\t\t\t\t\t<feoffset dx=\"8\" dy=\"9\"><\/feoffset>\n\t\t\t\t\t\t\t\t\t\t<fecomponenttransfer>\n\t\t\t\t\t\t\t\t\t\t\t<fefunca type=\"linear\" slope=\"0.35\"><\/fefunca>\n\t\t\t\t\t\t\t\t\t\t<\/fecomponenttransfer>\n\t\t\t\t\t\t\t\t\t\t<femerge>\n\t\t\t\t\t\t\t\t\t\t\t<femergenode\/>\n\t\t\t\t\t\t\t\t\t\t\t<femergenode in=\"SourceGraphic\"\/>\n\t\t\t\t\t\t\t\t\t\t<\/femerge>\n\t\t\t\t\t\t\t\t\t<\/filter>\n\t\t\t\t\t\t\t\t<\/defs>\n\t\t\t\t\t\t\t\t\t\t\t\t\t\t\t\t<circle stroke=\"#ffffff\" r=\"456\" fill=\"transparent\" filter=\"url(#outer)\" stroke-width=\"33\" cx=\"512\" cy=\"512\"><\/circle>\n\t\t\t\t\t\t\t\t<circle filter=\"url(#outer)\" fill=\"#ffffff\" cx=\"512\" cy=\"512\" r=\"110\"><\/circle>\n\t\t\t\t\t\t\t<\/svg>\n\n\t\t\t\t\t\t\t<div class=\"wof-spinning\">\n\t\t\t\t\t\t\t\t<svg role=\"presentation\" class=\"wof-svg-ornaments\" xmlns=\"http:\/\/www.w3.org\/2000\/svg\" xmlns:xlink=\"http:\/\/www.w3.org\/1999\/xlink\" transform=\"scale(1.022,1.022)\" viewbox=\"0 0 1024 1024\" height=\"100%\" width=\"100%\">\n\t\t\t\t\t\t\t\t\t<defs>\n\t\t\t\t\t\t\t\t\t\t<path id=\"b\" transform=\"translate(953,498) scale(.66)\" d=\"M 77.15 0.00 L 80.16 0.00 L 80.75 0.09 C 89.41 1.58 94.83 8.88 96.00 17.26 L 96.00 22.02 C 94.55 30.64 88.85 37.88 79.81 39.00 L 76.82 39.00 C 51.69 34.59 25.32 23.36 0.00 23.82 L 0.00 16.07 C 25.99 16.32 51.56 4.54 77.15 0.00 Z\" \/>\n\t\t\t\t\t\t\t\t\t\t<circle id=\"c\" r=\"8\" transform=\"translate(968,510)\"><\/circle>\n\t\t\t\t\t\t\t\t\t<\/defs>\n\t\t\t\t\t\t\t\t\t\t\t\t\t\t\t\t\t\t<g class=\"wof-handles\" transform=\"rotate(-18 512 512)\" fill=\"#ffffff\" >\n\t\t\t\t\t\t\t\t\t\t<use xlink:href=\"#b\" href=\"#b\"><\/use>\n\t\t\t\t\t\t\t\t\t\t<use xlink:href=\"#b\" href=\"#b\" transform=\"rotate(36 512 512)\"\/><use xlink:href=\"#b\" href=\"#b\" transform=\"rotate(72 512 512)\"\/><use xlink:href=\"#b\" href=\"#b\" transform=\"rotate(108 512 512)\"\/><use xlink:href=\"#b\" href=\"#b\" transform=\"rotate(144 512 512)\"\/><use xlink:href=\"#b\" href=\"#b\" transform=\"rotate(180 512 512)\"\/><use xlink:href=\"#b\" href=\"#b\" transform=\"rotate(216 512 512)\"\/><use xlink:href=\"#b\" href=\"#b\" transform=\"rotate(252 512 512)\"\/><use xlink:href=\"#b\" href=\"#b\" transform=\"rotate(288 512 512)\"\/><use xlink:href=\"#b\" href=\"#b\" transform=\"rotate(324 512 512)\"\/>\t\t\t\t\t\t\t\t\t<\/g>\n\t\t\t\t\t\t\t\t\t\t\t\t\t\t\t\t\t\t<g class=\"wof-circles\" transform=\"rotate(-18 512 512)\" fill=\"#454550\" >\n\t\t\t\t\t\t\t\t\t\t<use xlink:href=\"#c\" href=\"#c\"><\/use>\n\t\t\t\t\t\t\t\t\t\t<use xlink:href=\"#c\" href=\"#c\" transform=\"rotate(36 512 512)\"><\/use><use xlink:href=\"#c\" href=\"#c\" transform=\"rotate(72 512 512)\"><\/use><use xlink:href=\"#c\" href=\"#c\" transform=\"rotate(108 512 512)\"><\/use><use xlink:href=\"#c\" href=\"#c\" transform=\"rotate(144 512 512)\"><\/use><use xlink:href=\"#c\" href=\"#c\" transform=\"rotate(180 512 512)\"><\/use><use xlink:href=\"#c\" href=\"#c\" transform=\"rotate(216 512 512)\"><\/use><use xlink:href=\"#c\" href=\"#c\" transform=\"rotate(252 512 512)\"><\/use><use xlink:href=\"#c\" href=\"#c\" transform=\"rotate(288 512 512)\"><\/use><use xlink:href=\"#c\" href=\"#c\" transform=\"rotate(324 512 512)\"><\/use>\t\t\t\t\t\t\t\t\t<\/g>\n\t\t\t\t\t\t\t\t<\/svg>\n\t\t\t\t\t\t\t<\/div>\n\n\t\t\t\t\t\t\t<div class=\"wof-spinning wof-slices\">\n\t\t\t\t\t\t\t\t\t\t\t\t\t\t\t\t\t<div class=\"wof-slice\" data-slice=\"1\" style=\"color:#ffffff;transform:rotate(0deg) translate(0px, -50%);\">5% Off<\/div>\n\t\t\t\t\t\t\t\t\t\t\t\t\t\t\t\t\t<div class=\"wof-slice\" data-slice=\"2\" style=\"color:#454550;transform:rotate(36deg) translate(0px, -50%);\">H\u00f4m nay kh\u00f4ng may m\u1eafn<\/div>\n\t\t\t\t\t\t\t\t\t\t\t\t\t\t\t\t\t<div class=\"wof-slice\" data-slice=\"3\" style=\"color:#ffffff;transform:rotate(72deg) translate(0px, -50%);\">Buy 1 project sector get 1 free<\/div>\n\t\t\t\t\t\t\t\t\t\t\t\t\t\t\t\t\t<div class=\"wof-slice\" data-slice=\"4\" style=\"color:#454550;transform:rotate(108deg) translate(0px, -50%);\">H\u00f4m nay kh\u00f4ng may m\u1eafn<\/div>\n\t\t\t\t\t\t\t\t\t\t\t\t\t\t\t\t\t<div class=\"wof-slice\" data-slice=\"5\" style=\"color:#ffffff;transform:rotate(144deg) translate(0px, -50%);\">Buy 1 project province get 1 free<\/div>\n\t\t\t\t\t\t\t\t\t\t\t\t\t\t\t\t\t<div class=\"wof-slice\" data-slice=\"6\" style=\"color:#454550;transform:rotate(180deg) translate(0px, -50%);\">L\u1ea7n t\u1edbi<\/div>\n\t\t\t\t\t\t\t\t\t\t\t\t\t\t\t\t\t<div class=\"wof-slice\" data-slice=\"7\" style=\"color:#ffffff;transform:rotate(216deg) translate(0px, -50%);\">10% Off<\/div>\n\t\t\t\t\t\t\t\t\t\t\t\t\t\t\t\t\t<div class=\"wof-slice\" data-slice=\"8\" style=\"color:#454550;transform:rotate(252deg) translate(0px, -50%);\">L\u1ea7n t\u1edbi<\/div>\n\t\t\t\t\t\t\t\t\t\t\t\t\t\t\t\t\t<div class=\"wof-slice\" data-slice=\"9\" style=\"color:#ffffff;transform:rotate(288deg) translate(0px, -50%);\">Spin again<\/div>\n\t\t\t\t\t\t\t\t\t\t\t\t\t\t\t\t\t<div class=\"wof-slice\" data-slice=\"10\" style=\"color:#454550;transform:rotate(324deg) translate(0px, -50%);\">3 additional users<\/div>\n\t\t\t\t\t\t\t\t\t\t\t\t\t\t\t<\/div>\n\t\t\t\t\t\t\t\t\t\t\t\t\t\t<div class=\"wof-logo\" role=\"img\" aria-label=\"Logo\" style=\"background-image: url(https:\/\/www.bcicentral.com\/wp-content\/uploads\/2024\/07\/LM-logogram.png);\"><\/div>\n\t\t\t\t\t\t\t\t\t\t\t\t\t<\/div>\n\n\t\t\t\t\t<\/div>\n\t\t\t\t<\/div>\n\t\t\t<\/div>\n\n\t\t\t<div class=\"wof-right\">\n\t\t\t\t<div class=\"wof-right-inner\">\n\t\t\t\t\t<div class=\"wof-title wof-fgcolor\">\n\t\t\t\t\t\tUnlock Your Ramadan Gift \u2013 <em>Spin &amp; Save!<\/em>\t\t\t\t\t<\/div>\n\n                    <div class=\"wof-explainer wof-fgcolor\">\n                        <p>Enter your details below and spin the wheel. Good luck!<\/p>                    <\/div>\n\n\t\t\t\t\t<div class=\"wof-form-wrapper\">\n\t\t\t\t\t\t\t\t\t\t\t\t\t<div class=\"wof-error wof-fgcolor\" style=\"color:#ff0000;border-color:#ff0000;display: none;\"><\/div>\n\t\t\t\t\t\t\t\t\t\t\t\t<div class=\"wof-form-fields\">\n\t\t\t\t\t\t<\/div>\n\t\t\t\t\t\t\n\t\t\t\t\t\t<button class=\"wof-btn-submit wof-color-2\" type=\"submit\">\n\t\t\t\t\t\t\t<span>LET'S PLAY<\/span>\n\t\t\t\t\t\t\t<div class=\"wof-loader\" style=\"display: none;\">\n\t\t\t\t\t\t\t\t<div class=\"b1\"><\/div>\n\t\t\t\t\t\t\t\t<div class=\"b2\"><\/div>\n\t\t\t\t\t\t\t\t<div><\/div>\n\t\t\t\t\t\t\t<\/div>\n\t\t\t\t\t\t<\/button>\n\t\t\t\t\t\t<div class=\"wof-response\"><\/div>\n\t\t\t\t\t<\/div>\n                    <div class=\"wof-disclaimer wof-fgcolor\">\n                        <p>N\u1ed9i quy c\u1ee7a ch\u00fang t\u00f4i:<\/p><ul><li>One game per user<\/li><li><span>Current BCI LeadManager Members are not eligible to participate.\u00a0<\/span><\/li><\/ul>                    <\/div>\n\t\t\t\t<\/div>\n\t\t\t<\/div>\n\n\t\t<\/div>\n\t<\/div>\n<\/div>\n\n<\/div>\n\n\n<p><\/p>","protected":false},"excerpt":{"rendered":"","protected":false},"author":9902,"featured_media":0,"parent":0,"menu_order":0,"comment_status":"closed","ping_status":"closed","template":"","meta":{"_acf_changed":false,"content-type":"","footnotes":""},"class_list":["post-90647","page","type-page","status-publish","hentry","no-post-thumbnail"],"acf":[],"yoast_head":"<!-- This site is optimized with the Yoast SEO plugin v27.4 - https:\/\/yoast.com\/product\/yoast-seo-wordpress\/ -->\n<title>Spin for your chance to win | LeadManager (formerly BCI Central)<\/title>\n<meta name=\"description\" content=\"Spin the wheel for your chance to save big on construction project sales leads with BCI LeadManager.\" \/>\n<meta name=\"robots\" content=\"index, follow, max-snippet:-1, max-image-preview:large, max-video-preview:-1\" \/>\n<link rel=\"canonical\" href=\"https:\/\/www.bcicentral.com\/vi\/spin-for-your-chance-to-win-my\/\" \/>\n<meta property=\"og:locale\" content=\"vi_VN\" \/>\n<meta property=\"og:type\" content=\"article\" \/>\n<meta property=\"og:title\" content=\"Spin for your chance to win | LeadManager (formerly BCI Central)\" \/>\n<meta property=\"og:description\" content=\"Spin the wheel for your chance to save big on construction project sales leads with BCI LeadManager.\" \/>\n<meta property=\"og:url\" content=\"https:\/\/www.bcicentral.com\/vi\/spin-for-your-chance-to-win-my\/\" \/>\n<meta property=\"og:site_name\" content=\"LeadManager (formerly BCI Central)\" \/>\n<meta property=\"article:publisher\" content=\"https:\/\/www.facebook.com\/bcicentral.group\" \/>\n<meta property=\"article:modified_time\" content=\"2025-02-20T06:27:35+00:00\" \/>\n<meta property=\"og:image\" content=\"https:\/\/www.bcicentral.com\/wp-content\/uploads\/2024\/11\/cropped-Interim-Brandmark-BCI-Central-small-RGB.png\" \/>\n\t<meta property=\"og:image:width\" content=\"512\" \/>\n\t<meta property=\"og:image:height\" content=\"512\" \/>\n\t<meta property=\"og:image:type\" content=\"image\/png\" \/>\n<meta name=\"twitter:card\" content=\"summary_large_image\" \/>\n<meta name=\"twitter:site\" content=\"@BCICentralAU\" \/>\n<meta name=\"twitter:label1\" content=\"\u01af\u1edbc t\u00ednh th\u1eddi gian \u0111\u1ecdc\" \/>\n\t<meta name=\"twitter:data1\" content=\"1 ph\u00fat\" \/>\n<script type=\"application\/ld+json\" class=\"yoast-schema-graph\">{\"@context\":\"https:\\\/\\\/schema.org\",\"@graph\":[{\"@type\":\"WebPage\",\"@id\":\"https:\\\/\\\/www.bcicentral.com\\\/spin-for-your-chance-to-win-my\\\/\",\"url\":\"https:\\\/\\\/www.bcicentral.com\\\/spin-for-your-chance-to-win-my\\\/\",\"name\":\"Spin for your chance to win | LeadManager (formerly BCI Central)\",\"isPartOf\":{\"@id\":\"https:\\\/\\\/www.bcicentral.com\\\/#website\"},\"datePublished\":\"2025-02-18T06:45:45+00:00\",\"dateModified\":\"2025-02-20T06:27:35+00:00\",\"description\":\"Spin the wheel for your chance to save big on construction project sales leads with BCI LeadManager.\",\"breadcrumb\":{\"@id\":\"https:\\\/\\\/www.bcicentral.com\\\/spin-for-your-chance-to-win-my\\\/#breadcrumb\"},\"inLanguage\":\"vi\",\"potentialAction\":[{\"@type\":\"ReadAction\",\"target\":[\"https:\\\/\\\/www.bcicentral.com\\\/spin-for-your-chance-to-win-my\\\/\"]}]},{\"@type\":\"BreadcrumbList\",\"@id\":\"https:\\\/\\\/www.bcicentral.com\\\/spin-for-your-chance-to-win-my\\\/#breadcrumb\",\"itemListElement\":[{\"@type\":\"ListItem\",\"position\":1,\"name\":\"Home\",\"item\":\"https:\\\/\\\/www.bcicentral.com\\\/\"},{\"@type\":\"ListItem\",\"position\":2,\"name\":\"Spin for your chance to win\"}]},{\"@type\":\"WebSite\",\"@id\":\"https:\\\/\\\/www.bcicentral.com\\\/#website\",\"url\":\"https:\\\/\\\/www.bcicentral.com\\\/\",\"name\":\"LeadManager - A Hubexo Product\",\"description\":\"Enabling sales success with construction data &amp; software solutions.\",\"publisher\":{\"@id\":\"https:\\\/\\\/www.bcicentral.com\\\/#organization\"},\"alternateName\":\"LeadManager\",\"potentialAction\":[{\"@type\":\"SearchAction\",\"target\":{\"@type\":\"EntryPoint\",\"urlTemplate\":\"https:\\\/\\\/www.bcicentral.com\\\/?s={search_term_string}\"},\"query-input\":{\"@type\":\"PropertyValueSpecification\",\"valueRequired\":true,\"valueName\":\"search_term_string\"}}],\"inLanguage\":\"vi\"},{\"@type\":\"Organization\",\"@id\":\"https:\\\/\\\/www.bcicentral.com\\\/#organization\",\"name\":\"LeadManager\",\"alternateName\":\"LeadManager\",\"url\":\"https:\\\/\\\/www.bcicentral.com\\\/\",\"logo\":{\"@type\":\"ImageObject\",\"inLanguage\":\"vi\",\"@id\":\"https:\\\/\\\/www.bcicentral.com\\\/#\\\/schema\\\/logo\\\/image\\\/\",\"url\":\"https:\\\/\\\/www.bcicentral.com\\\/wp-content\\\/uploads\\\/2024\\\/11\\\/cropped-Interim-Brandmark-BCI-Central-small-RGB.png\",\"contentUrl\":\"https:\\\/\\\/www.bcicentral.com\\\/wp-content\\\/uploads\\\/2024\\\/11\\\/cropped-Interim-Brandmark-BCI-Central-small-RGB.png\",\"width\":512,\"height\":512,\"caption\":\"LeadManager\"},\"image\":{\"@id\":\"https:\\\/\\\/www.bcicentral.com\\\/#\\\/schema\\\/logo\\\/image\\\/\"},\"sameAs\":[\"https:\\\/\\\/www.facebook.com\\\/bcicentral.group\",\"https:\\\/\\\/x.com\\\/BCICentralAU\",\"https:\\\/\\\/www.instagram.com\\\/bcicentral\\\/\",\"https:\\\/\\\/www.linkedin.com\\\/company\\\/bcicentral\\\/\"]}]}<\/script>\n<!-- \/ Yoast SEO plugin. -->","yoast_head_json":{"title":"Spin for your chance to win | LeadManager (formerly BCI Central)","description":"Spin the wheel for your chance to save big on construction project sales leads with BCI LeadManager.","robots":{"index":"index","follow":"follow","max-snippet":"max-snippet:-1","max-image-preview":"max-image-preview:large","max-video-preview":"max-video-preview:-1"},"canonical":"https:\/\/www.bcicentral.com\/vi\/spin-for-your-chance-to-win-my\/","og_locale":"vi_VN","og_type":"article","og_title":"Spin for your chance to win | LeadManager (formerly BCI Central)","og_description":"Spin the wheel for your chance to save big on construction project sales leads with BCI LeadManager.","og_url":"https:\/\/www.bcicentral.com\/vi\/spin-for-your-chance-to-win-my\/","og_site_name":"LeadManager (formerly BCI Central)","article_publisher":"https:\/\/www.facebook.com\/bcicentral.group","article_modified_time":"2025-02-20T06:27:35+00:00","og_image":[{"width":512,"height":512,"url":"https:\/\/www.bcicentral.com\/wp-content\/uploads\/2024\/11\/cropped-Interim-Brandmark-BCI-Central-small-RGB.png","type":"image\/png"}],"twitter_card":"summary_large_image","twitter_site":"@BCICentralAU","twitter_misc":{"\u01af\u1edbc t\u00ednh th\u1eddi gian \u0111\u1ecdc":"1 ph\u00fat"},"schema":{"@context":"https:\/\/schema.org","@graph":[{"@type":"WebPage","@id":"https:\/\/www.bcicentral.com\/spin-for-your-chance-to-win-my\/","url":"https:\/\/www.bcicentral.com\/spin-for-your-chance-to-win-my\/","name":"Spin for your chance to win | LeadManager (formerly BCI Central)","isPartOf":{"@id":"https:\/\/www.bcicentral.com\/#website"},"datePublished":"2025-02-18T06:45:45+00:00","dateModified":"2025-02-20T06:27:35+00:00","description":"Spin the wheel for your chance to save big on construction project sales leads with BCI LeadManager.","breadcrumb":{"@id":"https:\/\/www.bcicentral.com\/spin-for-your-chance-to-win-my\/#breadcrumb"},"inLanguage":"vi","potentialAction":[{"@type":"ReadAction","target":["https:\/\/www.bcicentral.com\/spin-for-your-chance-to-win-my\/"]}]},{"@type":"BreadcrumbList","@id":"https:\/\/www.bcicentral.com\/spin-for-your-chance-to-win-my\/#breadcrumb","itemListElement":[{"@type":"ListItem","position":1,"name":"Home","item":"https:\/\/www.bcicentral.com\/"},{"@type":"ListItem","position":2,"name":"Spin for your chance to win"}]},{"@type":"WebSite","@id":"https:\/\/www.bcicentral.com\/#website","url":"https:\/\/www.bcicentral.com\/","name":"LeadManager - A Hubexo Product","description":"T\u0103ng c\u01b0\u1eddng b\u00e1n h\u00e0ng th\u00e0nh c\u00f4ng v\u1edbi c\u00e1c gi\u1ea3i ph\u00e1p ph\u1ea7n m\u1ec1m &amp; d\u1eef li\u1ec7u x\u00e2y d\u1ef1ng.","publisher":{"@id":"https:\/\/www.bcicentral.com\/#organization"},"alternateName":"LeadManager","potentialAction":[{"@type":"SearchAction","target":{"@type":"EntryPoint","urlTemplate":"https:\/\/www.bcicentral.com\/?s={search_term_string}"},"query-input":{"@type":"PropertyValueSpecification","valueRequired":true,"valueName":"search_term_string"}}],"inLanguage":"vi"},{"@type":"Organization","@id":"https:\/\/www.bcicentral.com\/#organization","name":"LeadManager","alternateName":"LeadManager","url":"https:\/\/www.bcicentral.com\/","logo":{"@type":"ImageObject","inLanguage":"vi","@id":"https:\/\/www.bcicentral.com\/#\/schema\/logo\/image\/","url":"https:\/\/www.bcicentral.com\/wp-content\/uploads\/2024\/11\/cropped-Interim-Brandmark-BCI-Central-small-RGB.png","contentUrl":"https:\/\/www.bcicentral.com\/wp-content\/uploads\/2024\/11\/cropped-Interim-Brandmark-BCI-Central-small-RGB.png","width":512,"height":512,"caption":"LeadManager"},"image":{"@id":"https:\/\/www.bcicentral.com\/#\/schema\/logo\/image\/"},"sameAs":["https:\/\/www.facebook.com\/bcicentral.group","https:\/\/x.com\/BCICentralAU","https:\/\/www.instagram.com\/bcicentral\/","https:\/\/www.linkedin.com\/company\/bcicentral\/"]}]}},"_links":{"self":[{"href":"https:\/\/www.bcicentral.com\/vi\/wp-json\/wp\/v2\/pages\/90647","targetHints":{"allow":["GET"]}}],"collection":[{"href":"https:\/\/www.bcicentral.com\/vi\/wp-json\/wp\/v2\/pages"}],"about":[{"href":"https:\/\/www.bcicentral.com\/vi\/wp-json\/wp\/v2\/types\/page"}],"author":[{"embeddable":true,"href":"https:\/\/www.bcicentral.com\/vi\/wp-json\/wp\/v2\/users\/9902"}],"replies":[{"embeddable":true,"href":"https:\/\/www.bcicentral.com\/vi\/wp-json\/wp\/v2\/comments?post=90647"}],"version-history":[{"count":0,"href":"https:\/\/www.bcicentral.com\/vi\/wp-json\/wp\/v2\/pages\/90647\/revisions"}],"wp:attachment":[{"href":"https:\/\/www.bcicentral.com\/vi\/wp-json\/wp\/v2\/media?parent=90647"}],"curies":[{"name":"wp","href":"https:\/\/api.w.org\/{rel}","templated":true}]}}