{"id":91405,"date":"2025-06-23T19:09:43","date_gmt":"2025-06-23T09:09:43","guid":{"rendered":"https:\/\/www.bcicentral.com\/?page_id=91405"},"modified":"2025-06-25T16:44:19","modified_gmt":"2025-06-25T06:44:19","slug":"eofy-strategy-session","status":"publish","type":"page","link":"https:\/\/www.bcicentral.com\/vi\/eofy-strategy-session\/","title":{"rendered":"Construction Sales Success Webinar: EOFY Strategy Session Form"},"content":{"rendered":"<div id=\"cs-content\" class=\"cs-content\"><div class=\"x-section e91405-e1 m1yj1-0\"><div class=\"x-row x-container max width e91405-e2 m1yj1-1 m1yj1-2\"><div class=\"x-row-inner\"><div class=\"x-col e91405-e3 m1yj1-3 m1yj1-4\"><div class=\"x-text x-content e91405-e4 m1yj1-6 m1yj1-7\"><strong>CONSTRUCTION SALES SUCCESS WEBINAR:<\/strong><\/div><div class=\"x-text x-text-headline e91405-e5 m1yj1-9\"><div class=\"x-text-content\"><div class=\"x-text-content-text\"><h1 class=\"x-text-content-text-primary\">EOFY STRATEGY SESSION<\/h1>\n<\/div><\/div><\/div><div class=\"x-text x-content e91405-e6 m1yj1-6 m1yj1-8\"><p><span style=\"color: #333333;\"><br \/>\nWatch the free webinar.<\/span><\/p>\n<p><\/p><\/div><script charset=\"utf-8\" type=\"text\/javascript\" src=\"\/\/js.hsforms.net\/forms\/embed\/v2.js\"><\/script>\n<script>\n  hbspt.forms.create({\n    portalId: \"8993205\",\n    formId: \"98d5e6f7-73f8-473d-abca-f72e85ebb248\",\n    region: \"na1\"\n  });\n<\/script><\/div><div class=\"x-col e91405-e8 m1yj1-3 m1yj1-5\"><span class=\"x-image x-hide-md x-hide-sm x-hide-xs e91405-e9 m1yj1-a\"><img decoding=\"async\" src=\"https:\/\/www.bcicentral.com\/wp-content\/uploads\/2025\/06\/AU-EOFY-Webinar-2025-Watch-On-Demand.jpg\" width=\"800\" height=\"453\" alt=\"H\u00ecnh \u1ea3nh\" loading=\"lazy\"><\/span><\/div><\/div><\/div><\/div><\/div>","protected":false},"excerpt":{"rendered":"<p>CONSTRUCTION SALES SUCCESS WEBINAR:EOFY STRATEGY SESSION Watch the free webinar.<\/p>","protected":false},"author":9913,"featured_media":91407,"parent":0,"menu_order":0,"comment_status":"closed","ping_status":"closed","template":"template-blank-4.php","meta":{"_acf_changed":false,"content-type":"","footnotes":""},"class_list":["post-91405","page","type-page","status-publish","has-post-thumbnail","hentry"],"acf":[],"yoast_head":"<!-- This site is optimized with the Yoast SEO plugin v27.4 - https:\/\/yoast.com\/product\/yoast-seo-wordpress\/ -->\n<title>Construction Sales Success Webinar: EOFY Strategy Session | LeadManager (formerly BCI Central)<\/title>\n<meta name=\"description\" content=\"Tune into this strategy-packed webinar on how to build your EOFY2025 sales pipeline with construction project intel. Watch here for free.\" \/>\n<meta name=\"robots\" content=\"index, follow, max-snippet:-1, max-image-preview:large, max-video-preview:-1\" \/>\n<link rel=\"canonical\" href=\"https:\/\/www.bcicentral.com\/vi\/eofy-strategy-session\/\" \/>\n<meta property=\"og:locale\" content=\"vi_VN\" \/>\n<meta property=\"og:type\" content=\"article\" \/>\n<meta property=\"og:title\" content=\"Construction Sales Success Webinar: EOFY Strategy Session Form | LeadManager (formerly BCI Central)\" \/>\n<meta property=\"og:description\" content=\"Tune into this strategy-packed webinar on how to build your EOFY2025 sales pipeline with construction project intel. Watch on demand.\" \/>\n<meta property=\"og:url\" content=\"https:\/\/www.bcicentral.com\/vi\/eofy-strategy-session\/\" \/>\n<meta property=\"og:site_name\" content=\"LeadManager (formerly BCI Central)\" \/>\n<meta property=\"article:publisher\" content=\"https:\/\/www.facebook.com\/bcicentral.group\" \/>\n<meta property=\"article:modified_time\" content=\"2025-06-25T06:44:19+00:00\" \/>\n<meta property=\"og:image\" content=\"https:\/\/www.bcicentral.com\/wp-content\/uploads\/2025\/06\/AU-EOFY-Webinar-2025-Watch-On-Demand.jpg\" \/>\n\t<meta property=\"og:image:width\" content=\"800\" \/>\n\t<meta property=\"og:image:height\" content=\"453\" \/>\n\t<meta property=\"og:image:type\" content=\"image\/jpeg\" \/>\n<meta name=\"twitter:card\" content=\"summary_large_image\" \/>\n<meta name=\"twitter:title\" content=\"Construction Sales Success Webinar: EOFY Strategy Session Form | LeadManager (formerly BCI Central)\" \/>\n<meta name=\"twitter:description\" content=\"Tune into this strategy-packed webinar on how to build your EOFY2025 sales pipeline with construction project intel. Watch on demand.\" \/>\n<meta name=\"twitter:image\" content=\"https:\/\/www.bcicentral.com\/wp-content\/uploads\/2025\/06\/AU-EOFY-Webinar-2025-Watch-On-Demand.jpg\" \/>\n<meta name=\"twitter:site\" content=\"@BCICentralAU\" \/>\n<meta name=\"twitter:label1\" content=\"\u01af\u1edbc t\u00ednh th\u1eddi gian \u0111\u1ecdc\" \/>\n\t<meta name=\"twitter:data1\" content=\"1 ph\u00fat\" \/>\n<script type=\"application\/ld+json\" class=\"yoast-schema-graph\">{\"@context\":\"https:\\\/\\\/schema.org\",\"@graph\":[{\"@type\":\"WebPage\",\"@id\":\"https:\\\/\\\/www.bcicentral.com\\\/eofy-strategy-session\\\/\",\"url\":\"https:\\\/\\\/www.bcicentral.com\\\/eofy-strategy-session\\\/\",\"name\":\"Construction Sales Success Webinar: EOFY Strategy Session | LeadManager (formerly BCI Central)\",\"isPartOf\":{\"@id\":\"https:\\\/\\\/www.bcicentral.com\\\/#website\"},\"primaryImageOfPage\":{\"@id\":\"https:\\\/\\\/www.bcicentral.com\\\/eofy-strategy-session\\\/#primaryimage\"},\"image\":{\"@id\":\"https:\\\/\\\/www.bcicentral.com\\\/eofy-strategy-session\\\/#primaryimage\"},\"thumbnailUrl\":\"https:\\\/\\\/www.bcicentral.com\\\/wp-content\\\/uploads\\\/2025\\\/06\\\/AU-EOFY-Webinar-2025-Watch-On-Demand.jpg\",\"datePublished\":\"2025-06-23T09:09:43+00:00\",\"dateModified\":\"2025-06-25T06:44:19+00:00\",\"description\":\"Tune into this strategy-packed webinar on how to build your EOFY2025 sales pipeline with construction project intel. Watch here for free.\",\"breadcrumb\":{\"@id\":\"https:\\\/\\\/www.bcicentral.com\\\/eofy-strategy-session\\\/#breadcrumb\"},\"inLanguage\":\"vi\",\"potentialAction\":[{\"@type\":\"ReadAction\",\"target\":[\"https:\\\/\\\/www.bcicentral.com\\\/eofy-strategy-session\\\/\"]}]},{\"@type\":\"ImageObject\",\"inLanguage\":\"vi\",\"@id\":\"https:\\\/\\\/www.bcicentral.com\\\/eofy-strategy-session\\\/#primaryimage\",\"url\":\"https:\\\/\\\/www.bcicentral.com\\\/wp-content\\\/uploads\\\/2025\\\/06\\\/AU-EOFY-Webinar-2025-Watch-On-Demand.jpg\",\"contentUrl\":\"https:\\\/\\\/www.bcicentral.com\\\/wp-content\\\/uploads\\\/2025\\\/06\\\/AU-EOFY-Webinar-2025-Watch-On-Demand.jpg\",\"width\":800,\"height\":453},{\"@type\":\"BreadcrumbList\",\"@id\":\"https:\\\/\\\/www.bcicentral.com\\\/eofy-strategy-session\\\/#breadcrumb\",\"itemListElement\":[{\"@type\":\"ListItem\",\"position\":1,\"name\":\"Home\",\"item\":\"https:\\\/\\\/www.bcicentral.com\\\/\"},{\"@type\":\"ListItem\",\"position\":2,\"name\":\"Construction Sales Success Webinar: EOFY Strategy Session Form\"}]},{\"@type\":\"WebSite\",\"@id\":\"https:\\\/\\\/www.bcicentral.com\\\/#website\",\"url\":\"https:\\\/\\\/www.bcicentral.com\\\/\",\"name\":\"LeadManager - A Hubexo Product\",\"description\":\"Enabling sales success with construction data &amp; software solutions.\",\"publisher\":{\"@id\":\"https:\\\/\\\/www.bcicentral.com\\\/#organization\"},\"alternateName\":\"LeadManager\",\"potentialAction\":[{\"@type\":\"SearchAction\",\"target\":{\"@type\":\"EntryPoint\",\"urlTemplate\":\"https:\\\/\\\/www.bcicentral.com\\\/?s={search_term_string}\"},\"query-input\":{\"@type\":\"PropertyValueSpecification\",\"valueRequired\":true,\"valueName\":\"search_term_string\"}}],\"inLanguage\":\"vi\"},{\"@type\":\"Organization\",\"@id\":\"https:\\\/\\\/www.bcicentral.com\\\/#organization\",\"name\":\"LeadManager\",\"alternateName\":\"LeadManager\",\"url\":\"https:\\\/\\\/www.bcicentral.com\\\/\",\"logo\":{\"@type\":\"ImageObject\",\"inLanguage\":\"vi\",\"@id\":\"https:\\\/\\\/www.bcicentral.com\\\/#\\\/schema\\\/logo\\\/image\\\/\",\"url\":\"https:\\\/\\\/www.bcicentral.com\\\/wp-content\\\/uploads\\\/2024\\\/11\\\/cropped-Interim-Brandmark-BCI-Central-small-RGB.png\",\"contentUrl\":\"https:\\\/\\\/www.bcicentral.com\\\/wp-content\\\/uploads\\\/2024\\\/11\\\/cropped-Interim-Brandmark-BCI-Central-small-RGB.png\",\"width\":512,\"height\":512,\"caption\":\"LeadManager\"},\"image\":{\"@id\":\"https:\\\/\\\/www.bcicentral.com\\\/#\\\/schema\\\/logo\\\/image\\\/\"},\"sameAs\":[\"https:\\\/\\\/www.facebook.com\\\/bcicentral.group\",\"https:\\\/\\\/x.com\\\/BCICentralAU\",\"https:\\\/\\\/www.instagram.com\\\/bcicentral\\\/\",\"https:\\\/\\\/www.linkedin.com\\\/company\\\/bcicentral\\\/\"]}]}<\/script>\n<!-- \/ Yoast SEO plugin. -->","yoast_head_json":{"title":"Construction Sales Success Webinar: EOFY Strategy Session | LeadManager (formerly BCI Central)","description":"Tune into this strategy-packed webinar on how to build your EOFY2025 sales pipeline with construction project intel. Watch here for free.","robots":{"index":"index","follow":"follow","max-snippet":"max-snippet:-1","max-image-preview":"max-image-preview:large","max-video-preview":"max-video-preview:-1"},"canonical":"https:\/\/www.bcicentral.com\/vi\/eofy-strategy-session\/","og_locale":"vi_VN","og_type":"article","og_title":"Construction Sales Success Webinar: EOFY Strategy Session Form | LeadManager (formerly BCI Central)","og_description":"Tune into this strategy-packed webinar on how to build your EOFY2025 sales pipeline with construction project intel. Watch on demand.","og_url":"https:\/\/www.bcicentral.com\/vi\/eofy-strategy-session\/","og_site_name":"LeadManager (formerly BCI Central)","article_publisher":"https:\/\/www.facebook.com\/bcicentral.group","article_modified_time":"2025-06-25T06:44:19+00:00","og_image":[{"width":800,"height":453,"url":"https:\/\/www.bcicentral.com\/wp-content\/uploads\/2025\/06\/AU-EOFY-Webinar-2025-Watch-On-Demand.jpg","type":"image\/jpeg"}],"twitter_card":"summary_large_image","twitter_title":"Construction Sales Success Webinar: EOFY Strategy Session Form | LeadManager (formerly BCI Central)","twitter_description":"Tune into this strategy-packed webinar on how to build your EOFY2025 sales pipeline with construction project intel. Watch on demand.","twitter_image":"https:\/\/www.bcicentral.com\/wp-content\/uploads\/2025\/06\/AU-EOFY-Webinar-2025-Watch-On-Demand.jpg","twitter_site":"@BCICentralAU","twitter_misc":{"\u01af\u1edbc t\u00ednh th\u1eddi gian \u0111\u1ecdc":"1 ph\u00fat"},"schema":{"@context":"https:\/\/schema.org","@graph":[{"@type":"WebPage","@id":"https:\/\/www.bcicentral.com\/eofy-strategy-session\/","url":"https:\/\/www.bcicentral.com\/eofy-strategy-session\/","name":"Construction Sales Success Webinar: EOFY Strategy Session | LeadManager (formerly BCI Central)","isPartOf":{"@id":"https:\/\/www.bcicentral.com\/#website"},"primaryImageOfPage":{"@id":"https:\/\/www.bcicentral.com\/eofy-strategy-session\/#primaryimage"},"image":{"@id":"https:\/\/www.bcicentral.com\/eofy-strategy-session\/#primaryimage"},"thumbnailUrl":"https:\/\/www.bcicentral.com\/wp-content\/uploads\/2025\/06\/AU-EOFY-Webinar-2025-Watch-On-Demand.jpg","datePublished":"2025-06-23T09:09:43+00:00","dateModified":"2025-06-25T06:44:19+00:00","description":"Tune into this strategy-packed webinar on how to build your EOFY2025 sales pipeline with construction project intel. Watch here for free.","breadcrumb":{"@id":"https:\/\/www.bcicentral.com\/eofy-strategy-session\/#breadcrumb"},"inLanguage":"vi","potentialAction":[{"@type":"ReadAction","target":["https:\/\/www.bcicentral.com\/eofy-strategy-session\/"]}]},{"@type":"ImageObject","inLanguage":"vi","@id":"https:\/\/www.bcicentral.com\/eofy-strategy-session\/#primaryimage","url":"https:\/\/www.bcicentral.com\/wp-content\/uploads\/2025\/06\/AU-EOFY-Webinar-2025-Watch-On-Demand.jpg","contentUrl":"https:\/\/www.bcicentral.com\/wp-content\/uploads\/2025\/06\/AU-EOFY-Webinar-2025-Watch-On-Demand.jpg","width":800,"height":453},{"@type":"BreadcrumbList","@id":"https:\/\/www.bcicentral.com\/eofy-strategy-session\/#breadcrumb","itemListElement":[{"@type":"ListItem","position":1,"name":"Home","item":"https:\/\/www.bcicentral.com\/"},{"@type":"ListItem","position":2,"name":"Construction Sales Success Webinar: EOFY Strategy Session Form"}]},{"@type":"WebSite","@id":"https:\/\/www.bcicentral.com\/#website","url":"https:\/\/www.bcicentral.com\/","name":"LeadManager - A Hubexo Product","description":"T\u0103ng c\u01b0\u1eddng b\u00e1n h\u00e0ng th\u00e0nh c\u00f4ng v\u1edbi c\u00e1c gi\u1ea3i ph\u00e1p ph\u1ea7n m\u1ec1m &amp; d\u1eef li\u1ec7u x\u00e2y d\u1ef1ng.","publisher":{"@id":"https:\/\/www.bcicentral.com\/#organization"},"alternateName":"LeadManager","potentialAction":[{"@type":"SearchAction","target":{"@type":"EntryPoint","urlTemplate":"https:\/\/www.bcicentral.com\/?s={search_term_string}"},"query-input":{"@type":"PropertyValueSpecification","valueRequired":true,"valueName":"search_term_string"}}],"inLanguage":"vi"},{"@type":"Organization","@id":"https:\/\/www.bcicentral.com\/#organization","name":"LeadManager","alternateName":"LeadManager","url":"https:\/\/www.bcicentral.com\/","logo":{"@type":"ImageObject","inLanguage":"vi","@id":"https:\/\/www.bcicentral.com\/#\/schema\/logo\/image\/","url":"https:\/\/www.bcicentral.com\/wp-content\/uploads\/2024\/11\/cropped-Interim-Brandmark-BCI-Central-small-RGB.png","contentUrl":"https:\/\/www.bcicentral.com\/wp-content\/uploads\/2024\/11\/cropped-Interim-Brandmark-BCI-Central-small-RGB.png","width":512,"height":512,"caption":"LeadManager"},"image":{"@id":"https:\/\/www.bcicentral.com\/#\/schema\/logo\/image\/"},"sameAs":["https:\/\/www.facebook.com\/bcicentral.group","https:\/\/x.com\/BCICentralAU","https:\/\/www.instagram.com\/bcicentral\/","https:\/\/www.linkedin.com\/company\/bcicentral\/"]}]}},"_links":{"self":[{"href":"https:\/\/www.bcicentral.com\/vi\/wp-json\/wp\/v2\/pages\/91405","targetHints":{"allow":["GET"]}}],"collection":[{"href":"https:\/\/www.bcicentral.com\/vi\/wp-json\/wp\/v2\/pages"}],"about":[{"href":"https:\/\/www.bcicentral.com\/vi\/wp-json\/wp\/v2\/types\/page"}],"author":[{"embeddable":true,"href":"https:\/\/www.bcicentral.com\/vi\/wp-json\/wp\/v2\/users\/9913"}],"replies":[{"embeddable":true,"href":"https:\/\/www.bcicentral.com\/vi\/wp-json\/wp\/v2\/comments?post=91405"}],"version-history":[{"count":0,"href":"https:\/\/www.bcicentral.com\/vi\/wp-json\/wp\/v2\/pages\/91405\/revisions"}],"wp:featuredmedia":[{"embeddable":true,"href":"https:\/\/www.bcicentral.com\/vi\/wp-json\/wp\/v2\/media\/91407"}],"wp:attachment":[{"href":"https:\/\/www.bcicentral.com\/vi\/wp-json\/wp\/v2\/media?parent=91405"}],"curies":[{"name":"wp","href":"https:\/\/api.w.org\/{rel}","templated":true}]}}